{"id":60483,"date":"2026-01-28T15:33:10","date_gmt":"2026-01-28T12:33:10","guid":{"rendered":"https:\/\/vbd.dev.sumena.ee\/?post_type=product&#038;p=60483"},"modified":"2026-02-12T16:44:24","modified_gmt":"2026-02-12T13:44:24","slug":"makaronid-juustu-urdi-kastmega-59-g","status":"publish","type":"product","link":"https:\/\/vbd.dev.sumena.ee\/en\/product-2\/makaronid-juustu-urdi-kastmega-59-g\/","title":{"rendered":"Makaronid juustu-\u00fcrdi kastmega, KNORR, 59 g"},"content":{"rendered":"<p>pasta (61 %) (k\u00f5va <b>nisumanna<\/b>, <b>munavalge<\/b>), t\u00e4rklis, <b>koorepulber<\/b> (5,6 %), palmirasv, tomatip\u00fcree (4,6 %), gl\u00fckoosisiirup, sulatatud juust (3,2%) [<b>juust<\/b>, vadakupulber (<b>piim<\/b>)], sool (sh meresool), l\u00f5hna- ja maitseained (sisaldavad <b>nisu<\/b>, <b>otra<\/b>), <b>piimavalgud<\/b>, petersell, basiilik, sibul, pipar, kurkum, petersellijuur, p\u00e4rmiekstrakt. V\u00f5ib sisaldada <b>sellerit<\/b>, <b>soja<\/b>.<\/p>\n<table class=\"table table-product-props\">\n<tbody>\n<tr class=\"bordered-bottom\">\n<td>Energia<\/td>\n<td class=\"text-right\">426.8kJ \/ 102kcal<\/td>\n<\/tr>\n<tr class=\"bordered-bottom\">\n<td>Rasvad<\/td>\n<td class=\"text-right\">2.9g<\/td>\n<\/tr>\n<tr class=\"bordered-bottom\">\n<td>sh k\u00fcllastunud rasvhapped<\/td>\n<td class=\"text-right\">1.7g<\/td>\n<\/tr>\n<tr class=\"bordered-bottom\">\n<td>S\u00fcsivesikud<\/td>\n<td class=\"text-right\">15.7g<\/td>\n<\/tr>\n<tr class=\"bordered-bottom\">\n<td>sh suhkrud<\/td>\n<td class=\"text-right\">1.1g<\/td>\n<\/tr>\n<tr class=\"bordered-bottom\">\n<td>Valgud<\/td>\n<td class=\"text-right\">2.8g<\/td>\n<\/tr>\n<tr class=\"bordered-bottom\">\n<td>Sool<\/td>\n<td class=\"text-right\">1g<\/td>\n<\/tr>\n<\/tbody>\n<\/table>","protected":false},"excerpt":{"rendered":"<p>pasta (61 %) (k\u00f5va nisumanna, munavalge), t\u00e4rklis, koorepulber (5,6 %), palmirasv, tomatip\u00fcree (4,6 %), gl\u00fckoosisiirup, sulatatud juust (3,2%) [juust, vadakupulber (piim)], sool (sh meresool), l\u00f5hna- ja maitseained (sisaldavad nisu, otra), piimavalgud, petersell, basiilik, sibul, pipar, kurkum, petersellijuur, p\u00e4rmiekstrakt. V\u00f5ib sisaldada sellerit, soja. Energia 426.8kJ \/ 102kcal Rasvad 2.9g sh k\u00fcllastunud rasvhapped 1.7g S\u00fcsivesikud 15.7g sh [&hellip;]<\/p>","protected":false},"featured_media":60484,"comment_status":"open","ping_status":"closed","template":"","meta":{"_acf_changed":false},"product_brand":[],"product_cat":[87,86],"product_tag":[],"class_list":{"0":"post-60483","1":"product","2":"type-product","3":"status-publish","4":"has-post-thumbnail","6":"product_cat-meie-lemmikud","7":"product_cat-kuivained","9":"first","10":"instock","11":"sale","12":"taxable","13":"shipping-taxable","14":"purchasable","15":"product-type-simple"},"supplier_id":22784,"supplier_sku":"","barcode":null,"atum_controlled":true,"out_stock_date":null,"out_stock_threshold":null,"inheritable":false,"inbound_stock":0,"stock_on_hold":199,"sold_today":183,"sales_last_days":2579,"reserved_stock":0,"customer_returns":0,"warehouse_damage":0,"lost_in_post":0,"other_logs":0,"out_stock_days":0,"lost_sales":0,"has_location":true,"update_date":"2026-02-12T15:37:53","atum_locations":[{"id":94,"name":"D","slug":"d"}],"atum_stock_status":"instock","restock_status":false,"low_stock_amount":"","sales_update_date":"2026-02-12T15:37:44","calc_backorders":null,"acf":[],"_links":{"self":[{"href":"https:\/\/vbd.dev.sumena.ee\/en\/wp-json\/wp\/v2\/product\/60483","targetHints":{"allow":["GET"]}}],"collection":[{"href":"https:\/\/vbd.dev.sumena.ee\/en\/wp-json\/wp\/v2\/product"}],"about":[{"href":"https:\/\/vbd.dev.sumena.ee\/en\/wp-json\/wp\/v2\/types\/product"}],"replies":[{"embeddable":true,"href":"https:\/\/vbd.dev.sumena.ee\/en\/wp-json\/wp\/v2\/comments?post=60483"}],"wp:featuredmedia":[{"embeddable":true,"href":"https:\/\/vbd.dev.sumena.ee\/en\/wp-json\/wp\/v2\/media\/60484"}],"wp:attachment":[{"href":"https:\/\/vbd.dev.sumena.ee\/en\/wp-json\/wp\/v2\/media?parent=60483"}],"wp:term":[{"taxonomy":"product_brand","embeddable":true,"href":"https:\/\/vbd.dev.sumena.ee\/en\/wp-json\/wp\/v2\/product_brand?post=60483"},{"taxonomy":"product_cat","embeddable":true,"href":"https:\/\/vbd.dev.sumena.ee\/en\/wp-json\/wp\/v2\/product_cat?post=60483"},{"taxonomy":"product_tag","embeddable":true,"href":"https:\/\/vbd.dev.sumena.ee\/en\/wp-json\/wp\/v2\/product_tag?post=60483"}],"curies":[{"name":"wp","href":"https:\/\/api.w.org\/{rel}","templated":true}]}}