{"id":57211,"date":"2025-11-19T10:06:36","date_gmt":"2025-11-19T07:06:36","guid":{"rendered":"https:\/\/vbd.dev.sumena.ee\/?post_type=product&#038;p=57211"},"modified":"2026-02-12T16:34:41","modified_gmt":"2026-02-12T13:34:41","slug":"bbque-tsilli-ja-madaroika-bbq-kaste-400ml","status":"publish","type":"product","link":"https:\/\/vbd.dev.sumena.ee\/en\/product-2\/bbque-tsilli-ja-madaroika-bbq-kaste-400ml\/","title":{"rendered":"BBQUE T\u0161illi ja m\u00e4dar\u00f5ika BBQ kaste 400ml"},"content":{"rendered":"<div id=\"tab-19\" class=\"tab-content tab-19\">\n<p>T\u0161illi ja m\u00e4dar\u00f5ika BBQ kaste, mis on v\u00fcrtsikas kaste k\u00f5igile grillif\u00e4nnidele, kes armastavad tulist elamust. Sobib ideaalselt kanatiibadele, burgeritele ja k\u00f5igele, mis vajab lisav\u00fcrtsi.<\/p>\n<p><strong>Ingredients:<\/strong>\u00a0suhkur, tomatid, vesi, pohlapreparaat (pohlad, suhkur, vesi, t\u00e4rklis, hape (sidrunhape)), dekstroos, piirituse\u00e4\u00e4dikas, sambal oelek 6,0% (t\u0161illi, tomatip\u00fcree, vesi, sool, paprika, piirituse\u00e4\u00e4dikas), \u00f5unap\u00fcree (\u00f5unap\u00fcree, suhkur), mesi, \u00f5lu 2,5% (vesi, ODRAlinnased, humal, humalaekstraktid), karamelli suhkrusiirup, t\u00e4rklis, sool, melass, m\u00e4dar\u00f5igas 1,0% (sisaldab SULFITIT), sidrunimahla kontsentraat, ODRAlinnaseekstrakt, k\u00fc\u00fcslauk, rapsi\u00f5li, suitsumaitseaine, v\u00fcrtsid, v\u00fcrtsiekstrakt, p\u00e4rmiekstrakt, paksendaja (guarkummi), suitsutatud maltodekstriin.<\/p>\n<p><strong>Toitumisalane teave 100ml toote kohta:<\/strong>\u00a0energiasisaldus 224 kcal\/950 kJ, rasvad 1,4 g, millest k\u00fcllastunud rasvhapped 0,1 g; s\u00fcsivesikud 50,3 g, millest suhkrud 46,7 g; valgud 1,0 g; sool 4,4 g.<\/p>\n<\/div>","protected":false},"excerpt":{"rendered":"<p>Parim enne: 05.10.2025<\/p>","protected":false},"featured_media":57212,"comment_status":"open","ping_status":"closed","template":"","meta":{"_acf_changed":false},"product_brand":[],"product_cat":[83],"product_tag":[],"class_list":{"0":"post-57211","1":"product","2":"type-product","3":"status-publish","4":"has-post-thumbnail","6":"product_cat-kastmed-olid","8":"first","9":"instock","10":"sale","11":"taxable","12":"shipping-taxable","13":"purchasable","14":"product-type-simple"},"supplier_id":22782,"supplier_sku":"","barcode":null,"atum_controlled":true,"out_stock_date":null,"out_stock_threshold":null,"inheritable":false,"inbound_stock":0,"stock_on_hold":5,"sold_today":3,"sales_last_days":94,"reserved_stock":0,"customer_returns":0,"warehouse_damage":0,"lost_in_post":0,"other_logs":0,"out_stock_days":0,"lost_sales":0,"has_location":true,"update_date":"2026-02-12T13:37:45","atum_locations":[{"id":93,"name":"C","slug":"c"}],"atum_stock_status":"instock","restock_status":true,"low_stock_amount":"","sales_update_date":"2026-02-12T13:37:35","calc_backorders":null,"acf":[],"_links":{"self":[{"href":"https:\/\/vbd.dev.sumena.ee\/en\/wp-json\/wp\/v2\/product\/57211","targetHints":{"allow":["GET"]}}],"collection":[{"href":"https:\/\/vbd.dev.sumena.ee\/en\/wp-json\/wp\/v2\/product"}],"about":[{"href":"https:\/\/vbd.dev.sumena.ee\/en\/wp-json\/wp\/v2\/types\/product"}],"replies":[{"embeddable":true,"href":"https:\/\/vbd.dev.sumena.ee\/en\/wp-json\/wp\/v2\/comments?post=57211"}],"wp:featuredmedia":[{"embeddable":true,"href":"https:\/\/vbd.dev.sumena.ee\/en\/wp-json\/wp\/v2\/media\/57212"}],"wp:attachment":[{"href":"https:\/\/vbd.dev.sumena.ee\/en\/wp-json\/wp\/v2\/media?parent=57211"}],"wp:term":[{"taxonomy":"product_brand","embeddable":true,"href":"https:\/\/vbd.dev.sumena.ee\/en\/wp-json\/wp\/v2\/product_brand?post=57211"},{"taxonomy":"product_cat","embeddable":true,"href":"https:\/\/vbd.dev.sumena.ee\/en\/wp-json\/wp\/v2\/product_cat?post=57211"},{"taxonomy":"product_tag","embeddable":true,"href":"https:\/\/vbd.dev.sumena.ee\/en\/wp-json\/wp\/v2\/product_tag?post=57211"}],"curies":[{"name":"wp","href":"https:\/\/api.w.org\/{rel}","templated":true}]}}