{"id":49481,"date":"2026-01-19T19:34:00","date_gmt":"2026-01-19T16:34:00","guid":{"rendered":"https:\/\/vbd.dev.sumena.ee\/?post_type=product&#038;p=49481"},"modified":"2026-02-09T17:44:25","modified_gmt":"2026-02-09T14:44:25","slug":"catfestpardiliha-pulgad-kassidele-45g","status":"publish","type":"product","link":"https:\/\/vbd.dev.sumena.ee\/en\/product-2\/catfestpardiliha-pulgad-kassidele-45g\/","title":{"rendered":"CatFestPardiliha pulgad kassidele, 45g"},"content":{"rendered":"<div class=\"wd-accordion-item woodmart-tab-wrapper\">\n<div id=\"tab-description\" class=\"entry-content woocommerce-Tabs-panel woocommerce-Tabs-panel--description wd-active wd-scroll wd-accordion-content\" role=\"tabpanel\" aria-labelledby=\"tab-title-description\" data-accordion-index=\"description\">\n<div class=\"wc-tab-inner wd-scroll-content\">\n<p>Meie pardiliha vorstikesi hindavad k\u00f5rgelt k\u00f5ik kassid. Tehke ka teie oma kassile heameelt.<br \/>\n<b>Koostis<\/b>: pardiliha 82.7%, taimsed k\u00f5rvalsaadused, mineraalained.<br \/>\n<b>Anal\u00fc\u00fctilised koostisosad<\/b>: toorvalk 28 %, rasvad 4,5 %, toorkiud 0,1 %, niiskus 25 %, energeetiline v\u00e4\u00e4rtus \u2013 152,5 kcal.<br \/>\n<b>Kasutamine<\/b>: Serveerige p\u00e4eva jooksul maiuspalana. Reguleerige kogust vastavalt lemmiklooma vajadustele ja seisundile. \u00c4rge andke liiga palju. Hoida jahedas ja kuivas kohas.<\/p>\n<\/div>\n<\/div>\n<\/div>\n<div class=\"wd-accordion-item woodmart-tab-wrapper\"><\/div>","protected":false},"excerpt":{"rendered":"<p>Meie pardiliha vorstikesi hindavad k\u00f5rgelt k\u00f5ik kassid. Tehke ka teie oma kassile heameelt. Koostis: pardiliha 82.7%, taimsed k\u00f5rvalsaadused, mineraalained. Anal\u00fc\u00fctilised koostisosad: toorvalk 28 %, rasvad 4,5 %, toorkiud 0,1 %, niiskus 25 %, energeetiline v\u00e4\u00e4rtus \u2013 152,5 kcal. Kasutamine: Serveerige p\u00e4eva jooksul maiuspalana. Reguleerige kogust vastavalt lemmiklooma vajadustele ja seisundile. \u00c4rge andke liiga palju. Hoida [&hellip;]<\/p>","protected":false},"featured_media":49482,"comment_status":"open","ping_status":"closed","template":"","meta":{"_acf_changed":false},"product_brand":[],"product_cat":[76],"product_tag":[],"class_list":{"0":"post-49481","1":"product","2":"type-product","3":"status-publish","4":"has-post-thumbnail","6":"product_cat-tooted","8":"first","9":"instock","10":"sale","11":"taxable","12":"shipping-taxable","13":"purchasable","14":"product-type-simple"},"supplier_id":null,"supplier_sku":"","barcode":null,"atum_controlled":true,"out_stock_date":null,"out_stock_threshold":null,"inheritable":false,"inbound_stock":0,"stock_on_hold":0,"sold_today":0,"sales_last_days":130,"reserved_stock":0,"customer_returns":0,"warehouse_damage":0,"lost_in_post":0,"other_logs":0,"out_stock_days":0,"lost_sales":0,"has_location":true,"update_date":"2026-02-11T17:05:21","atum_locations":[{"id":98,"name":"H","slug":"h"}],"atum_stock_status":"instock","restock_status":false,"low_stock_amount":"","sales_update_date":"2026-02-11T17:05:15","calc_backorders":null,"acf":[],"_links":{"self":[{"href":"https:\/\/vbd.dev.sumena.ee\/en\/wp-json\/wp\/v2\/product\/49481","targetHints":{"allow":["GET"]}}],"collection":[{"href":"https:\/\/vbd.dev.sumena.ee\/en\/wp-json\/wp\/v2\/product"}],"about":[{"href":"https:\/\/vbd.dev.sumena.ee\/en\/wp-json\/wp\/v2\/types\/product"}],"replies":[{"embeddable":true,"href":"https:\/\/vbd.dev.sumena.ee\/en\/wp-json\/wp\/v2\/comments?post=49481"}],"wp:featuredmedia":[{"embeddable":true,"href":"https:\/\/vbd.dev.sumena.ee\/en\/wp-json\/wp\/v2\/media\/49482"}],"wp:attachment":[{"href":"https:\/\/vbd.dev.sumena.ee\/en\/wp-json\/wp\/v2\/media?parent=49481"}],"wp:term":[{"taxonomy":"product_brand","embeddable":true,"href":"https:\/\/vbd.dev.sumena.ee\/en\/wp-json\/wp\/v2\/product_brand?post=49481"},{"taxonomy":"product_cat","embeddable":true,"href":"https:\/\/vbd.dev.sumena.ee\/en\/wp-json\/wp\/v2\/product_cat?post=49481"},{"taxonomy":"product_tag","embeddable":true,"href":"https:\/\/vbd.dev.sumena.ee\/en\/wp-json\/wp\/v2\/product_tag?post=49481"}],"curies":[{"name":"wp","href":"https:\/\/api.w.org\/{rel}","templated":true}]}}