{"id":49476,"date":"2026-01-19T19:28:45","date_gmt":"2026-01-19T16:28:45","guid":{"rendered":"https:\/\/vbd.dev.sumena.ee\/?post_type=product&#038;p=49476"},"modified":"2026-02-12T13:25:14","modified_gmt":"2026-02-12T10:25:14","slug":"catfest-talleliha-pulgad-kassidele-45g","status":"publish","type":"product","link":"https:\/\/vbd.dev.sumena.ee\/en\/product-2\/catfest-talleliha-pulgad-kassidele-45g\/","title":{"rendered":"CatFest Talleliha pulgad kassidele, 45g"},"content":{"rendered":"<p>Valikulisest tallelihast \u00f5rnad vorstikesed \u00f5rritavad \u00fcles isegi k\u00f5ige jonnakama kassi.<br \/>\n<b>Koostis<\/b>: talleliha 59.2%,taimsed k\u00f5rvalsaadused, mineraalained.<br \/>\n<b>Anal\u00fc\u00fctilised koostisosad<\/b>: toorvalk 28 %, rasvad 6,0%, toorkiud 0,1 %, niiskus 25 %, energeetiline v\u00e4\u00e4rtus \u2013 166 kcal.<br \/>\n<b>Kasutamine<\/b>: Serveerige p\u00e4eva jooksul maiuspalana. Reguleerige kogust vastavalt lemmiklooma vajadustele ja seisundile. \u00c4rge andke liiga palju. Hoida jahedas ja kuivas kohas.<\/p>\n<p><strong>Kogus hulgipakendis: 10(tk)<\/strong><\/p>","protected":false},"excerpt":{"rendered":"<p>Valikulisest tallelihast \u00f5rnad vorstikesed \u00f5rritavad \u00fcles isegi k\u00f5ige jonnakama kassi. Koostis: talleliha 59.2%,taimsed k\u00f5rvalsaadused, mineraalained. Anal\u00fc\u00fctilised koostisosad: toorvalk 28 %, rasvad 6,0%, toorkiud 0,1 %, niiskus 25 %, energeetiline v\u00e4\u00e4rtus \u2013 166 kcal. Kasutamine: Serveerige p\u00e4eva jooksul maiuspalana. Reguleerige kogust vastavalt lemmiklooma vajadustele ja seisundile. \u00c4rge andke liiga palju. Hoida jahedas ja kuivas kohas. Kogus [&hellip;]<\/p>","protected":false},"featured_media":49477,"comment_status":"open","ping_status":"closed","template":"","meta":{"_acf_changed":false},"product_brand":[],"product_cat":[91],"product_tag":[],"class_list":{"0":"post-49476","1":"product","2":"type-product","3":"status-publish","4":"has-post-thumbnail","6":"product_cat-loomatoit","8":"first","9":"instock","10":"sale","11":"taxable","12":"shipping-taxable","13":"purchasable","14":"product-type-simple"},"supplier_id":null,"supplier_sku":"","barcode":null,"atum_controlled":true,"out_stock_date":null,"out_stock_threshold":null,"inheritable":false,"inbound_stock":0,"stock_on_hold":7,"sold_today":6,"sales_last_days":69,"reserved_stock":0,"customer_returns":0,"warehouse_damage":0,"lost_in_post":0,"other_logs":0,"out_stock_days":0,"lost_sales":0,"has_location":true,"update_date":"2026-02-12T15:23:24","atum_locations":[{"id":144,"name":"G2","slug":"g2"}],"atum_stock_status":"instock","restock_status":false,"low_stock_amount":"","sales_update_date":"2026-02-12T15:23:14","calc_backorders":null,"acf":[],"_links":{"self":[{"href":"https:\/\/vbd.dev.sumena.ee\/en\/wp-json\/wp\/v2\/product\/49476","targetHints":{"allow":["GET"]}}],"collection":[{"href":"https:\/\/vbd.dev.sumena.ee\/en\/wp-json\/wp\/v2\/product"}],"about":[{"href":"https:\/\/vbd.dev.sumena.ee\/en\/wp-json\/wp\/v2\/types\/product"}],"replies":[{"embeddable":true,"href":"https:\/\/vbd.dev.sumena.ee\/en\/wp-json\/wp\/v2\/comments?post=49476"}],"wp:featuredmedia":[{"embeddable":true,"href":"https:\/\/vbd.dev.sumena.ee\/en\/wp-json\/wp\/v2\/media\/49477"}],"wp:attachment":[{"href":"https:\/\/vbd.dev.sumena.ee\/en\/wp-json\/wp\/v2\/media?parent=49476"}],"wp:term":[{"taxonomy":"product_brand","embeddable":true,"href":"https:\/\/vbd.dev.sumena.ee\/en\/wp-json\/wp\/v2\/product_brand?post=49476"},{"taxonomy":"product_cat","embeddable":true,"href":"https:\/\/vbd.dev.sumena.ee\/en\/wp-json\/wp\/v2\/product_cat?post=49476"},{"taxonomy":"product_tag","embeddable":true,"href":"https:\/\/vbd.dev.sumena.ee\/en\/wp-json\/wp\/v2\/product_tag?post=49476"}],"curies":[{"name":"wp","href":"https:\/\/api.w.org\/{rel}","templated":true}]}}