{"id":46720,"date":"2025-11-19T11:35:54","date_gmt":"2025-11-19T08:35:54","guid":{"rendered":"https:\/\/vbd.dev.sumena.ee\/?post_type=product&#038;p=46720"},"modified":"2026-02-12T11:27:06","modified_gmt":"2026-02-12T08:27:06","slug":"thai-choice-vurtsikas-kaste-mereandidele-200ml","status":"publish","type":"product","link":"https:\/\/vbd.dev.sumena.ee\/en\/product-2\/thai-choice-vurtsikas-kaste-mereandidele-200ml\/","title":{"rendered":"THAI CHOICE V\u00fcrtsikas kaste mereandidele 200ml"},"content":{"rendered":"<div id=\"tab-19\" class=\"tab-content tab-19\">\n<p>Kaste toob v\u00e4lja mereandide ning kala parimad maitseomadused, lisab maitsele v\u00e4rskust. Kasuta valmisroogade lisandina, salatite maitsestamiseks v\u00f5i dippimiseks.<\/p>\n<p><strong>Ingredients:<\/strong> vesi, suhkur, v\u00e4rske t\u0161illi 12%, laimimahl, v\u00e4rske k\u00fc\u00fcslauk, sool, happesuse regulaator: sidrunihape (E330), paksendaja: ksantaankummi (E415), maitsetugevdajad: dinaatrium-5-inosinaat (E631) ja dinaatrium-5 guan\u00fclaat (E627). Toode ei sisalda kunstlikke v\u00e4rvaineid.<\/p>\n<p><strong>Toitumisalane teave 100ml toote kohta:<\/strong> energiasisaldus 186 kcal\/786 kJ, rasvad 0,3 g, millest k\u00fcllastunud rasvhapped 0 g; s\u00fcsivesikud 32 g, millest suhkrud 28 g; kiudained 6 g; valgud 0,8 g; sool 6 g.<\/p>\n<\/div>\n<p><strong> Kogus kastis: 12tk <\/strong><\/p>","protected":false},"excerpt":{"rendered":"<p>Parim enne: 03.05.2025<\/p>","protected":false},"featured_media":46721,"comment_status":"open","ping_status":"closed","template":"","meta":{"_acf_changed":false},"product_brand":[],"product_cat":[83],"product_tag":[],"class_list":{"0":"post-46720","1":"product","2":"type-product","3":"status-publish","4":"has-post-thumbnail","6":"product_cat-kastmed-olid","8":"first","9":"instock","10":"sale","11":"taxable","12":"shipping-taxable","13":"purchasable","14":"product-type-simple"},"supplier_id":null,"supplier_sku":"","barcode":null,"atum_controlled":true,"out_stock_date":null,"out_stock_threshold":null,"inheritable":false,"inbound_stock":0,"stock_on_hold":56,"sold_today":24,"sales_last_days":109,"reserved_stock":0,"customer_returns":0,"warehouse_damage":0,"lost_in_post":0,"other_logs":0,"out_stock_days":0,"lost_sales":0,"has_location":true,"update_date":"2026-02-12T08:34:24","atum_locations":[{"id":145,"name":"H2","slug":"h2"}],"atum_stock_status":"instock","restock_status":true,"low_stock_amount":"","sales_update_date":"2026-02-12T08:34:15","calc_backorders":null,"acf":[],"_links":{"self":[{"href":"https:\/\/vbd.dev.sumena.ee\/en\/wp-json\/wp\/v2\/product\/46720","targetHints":{"allow":["GET"]}}],"collection":[{"href":"https:\/\/vbd.dev.sumena.ee\/en\/wp-json\/wp\/v2\/product"}],"about":[{"href":"https:\/\/vbd.dev.sumena.ee\/en\/wp-json\/wp\/v2\/types\/product"}],"replies":[{"embeddable":true,"href":"https:\/\/vbd.dev.sumena.ee\/en\/wp-json\/wp\/v2\/comments?post=46720"}],"wp:featuredmedia":[{"embeddable":true,"href":"https:\/\/vbd.dev.sumena.ee\/en\/wp-json\/wp\/v2\/media\/46721"}],"wp:attachment":[{"href":"https:\/\/vbd.dev.sumena.ee\/en\/wp-json\/wp\/v2\/media?parent=46720"}],"wp:term":[{"taxonomy":"product_brand","embeddable":true,"href":"https:\/\/vbd.dev.sumena.ee\/en\/wp-json\/wp\/v2\/product_brand?post=46720"},{"taxonomy":"product_cat","embeddable":true,"href":"https:\/\/vbd.dev.sumena.ee\/en\/wp-json\/wp\/v2\/product_cat?post=46720"},{"taxonomy":"product_tag","embeddable":true,"href":"https:\/\/vbd.dev.sumena.ee\/en\/wp-json\/wp\/v2\/product_tag?post=46720"}],"curies":[{"name":"wp","href":"https:\/\/api.w.org\/{rel}","templated":true}]}}