{"id":42490,"date":"2026-01-19T19:18:50","date_gmt":"2026-01-19T16:18:50","guid":{"rendered":"https:\/\/vbd.dev.sumena.ee\/?post_type=product&#038;p=42490"},"modified":"2026-02-11T17:52:21","modified_gmt":"2026-02-11T14:52:21","slug":"koeramaius-dog-fest-lihapulgad-kuulikulihaga-45g","status":"publish","type":"product","link":"https:\/\/vbd.dev.sumena.ee\/en\/product-2\/koeramaius-dog-fest-lihapulgad-kuulikulihaga-45g\/","title":{"rendered":"Koeramaius Dog Fest lihapulgad k\u00fc\u00fclikulihaga 45g"},"content":{"rendered":"<p>Dieetvorstikesed \u00f5rnast k\u00fc\u00fclikulihast omavad erilist maitset ja on kergesti seeditavad. Vorstikesed on kergesti murtavad v\u00e4ikesteks t\u00fckkideks ja sobivad ideaalselt treeningmaiuseks k\u00f5ikidele koerat\u00f5ugudele.<\/p>\n<h4>Kasulik info<\/h4>\n<p>Koostis: k\u00fc\u00fclikuliha,k\u00f6\u00f6giviljaderivaadid,mineraalid.<\/p>\n<p>&nbsp;<\/p>\n<p>Anal\u00fc\u00fctiline koostis: toorvalk 25%,toorrasv 4,0%,kiudained 0,2%,toortuhk 4%,niiskus 23%<\/p>\n<p><strong> Kogus kastis: 10tk <\/strong><\/p>","protected":false},"excerpt":{"rendered":"<p>Dieetvorstikesed \u00f5rnast k\u00fc\u00fclikulihast omavad erilist maitset ja on kergesti seeditavad. Vorstikesed on kergesti murtavad v\u00e4ikesteks t\u00fckkideks ja sobivad ideaalselt treeningmaiuseks k\u00f5ikidele koerat\u00f5ugudele. Kasulik info Koostis: k\u00fc\u00fclikuliha,k\u00f6\u00f6giviljaderivaadid,mineraalid. &nbsp; Anal\u00fc\u00fctiline koostis: toorvalk 25%,toorrasv 4,0%,kiudained 0,2%,toortuhk 4%,niiskus 23% Kogus kastis: 10tk<\/p>","protected":false},"featured_media":42491,"comment_status":"open","ping_status":"closed","template":"","meta":{"_acf_changed":false},"product_brand":[],"product_cat":[91],"product_tag":[],"class_list":{"0":"post-42490","1":"product","2":"type-product","3":"status-publish","4":"has-post-thumbnail","6":"product_cat-loomatoit","8":"first","9":"instock","10":"sale","11":"taxable","12":"shipping-taxable","13":"purchasable","14":"product-type-simple"},"supplier_id":null,"supplier_sku":"","barcode":null,"atum_controlled":true,"out_stock_date":null,"out_stock_threshold":null,"inheritable":false,"inbound_stock":0,"stock_on_hold":4,"sold_today":0,"sales_last_days":63,"reserved_stock":0,"customer_returns":0,"warehouse_damage":0,"lost_in_post":0,"other_logs":0,"out_stock_days":0,"lost_sales":0,"has_location":true,"update_date":"2026-02-12T10:31:41","atum_locations":[{"id":97,"name":"G","slug":"g"}],"atum_stock_status":"instock","restock_status":false,"low_stock_amount":"","sales_update_date":"2026-02-12T10:31:31","calc_backorders":null,"acf":[],"_links":{"self":[{"href":"https:\/\/vbd.dev.sumena.ee\/en\/wp-json\/wp\/v2\/product\/42490","targetHints":{"allow":["GET"]}}],"collection":[{"href":"https:\/\/vbd.dev.sumena.ee\/en\/wp-json\/wp\/v2\/product"}],"about":[{"href":"https:\/\/vbd.dev.sumena.ee\/en\/wp-json\/wp\/v2\/types\/product"}],"replies":[{"embeddable":true,"href":"https:\/\/vbd.dev.sumena.ee\/en\/wp-json\/wp\/v2\/comments?post=42490"}],"wp:featuredmedia":[{"embeddable":true,"href":"https:\/\/vbd.dev.sumena.ee\/en\/wp-json\/wp\/v2\/media\/42491"}],"wp:attachment":[{"href":"https:\/\/vbd.dev.sumena.ee\/en\/wp-json\/wp\/v2\/media?parent=42490"}],"wp:term":[{"taxonomy":"product_brand","embeddable":true,"href":"https:\/\/vbd.dev.sumena.ee\/en\/wp-json\/wp\/v2\/product_brand?post=42490"},{"taxonomy":"product_cat","embeddable":true,"href":"https:\/\/vbd.dev.sumena.ee\/en\/wp-json\/wp\/v2\/product_cat?post=42490"},{"taxonomy":"product_tag","embeddable":true,"href":"https:\/\/vbd.dev.sumena.ee\/en\/wp-json\/wp\/v2\/product_tag?post=42490"}],"curies":[{"name":"wp","href":"https:\/\/api.w.org\/{rel}","templated":true}]}}