{"id":41250,"date":"2025-10-10T18:45:03","date_gmt":"2025-10-10T15:45:03","guid":{"rendered":"https:\/\/vbd.dev.sumena.ee\/?post_type=product&#038;p=41250"},"modified":"2026-02-11T19:27:03","modified_gmt":"2026-02-11T16:27:03","slug":"krobedad-pizzetta-kropsud-marinara-70g","status":"publish","type":"product","link":"https:\/\/vbd.dev.sumena.ee\/en\/product-2\/krobedad-pizzetta-kropsud-marinara-70g\/","title":{"rendered":"Kr\u00f5bedad Pizzetta kr\u00f5psud &#8220;Marinara&#8221; 70g"},"content":{"rendered":"<p>Tasakaalustatud itaaliap\u00e4rase tomati, juustuse ja samas v\u00fcrtsika maitse austajatele on loodud eksklusiivne suupiste &#8211; &#8220;Piceta Chips&#8221;Marinara&#8221;. See \u00fchendab endas nii Itaalia pitsa traditsioonilised koostisosad: Mozzarella juust, oliivi\u00f5li, tomat ja basiilik kui ka originaalse t\u0161illipipra, k\u00fc\u00fcslaugu, rosmariini ja paprika segu.<\/p>\n<p><strong>Ingredients: <\/strong>Premium nisujahu, v\u00f5i (9,9%), k\u00f5va juust (9,9%), Mozzarella juust (3,3%), oliivi\u00f5li (3,3%), sool, kuivatatud sibul (1,7%), kuivatatud tomat (1,3%), k\u00fcpsetus pulber (s\u00f6\u00f6gisooda), happesuse regulaator (sidrunhape), pune (0,3%).<\/p>\n<p>Toitumisalane teave 100g kohta:<\/p>\n<p>Energia: 1547 kJ \/ 369 kcal<\/p>\n<p>rasvad: 15 g<\/p>\n<p>millest k\u00fcllastunud rasvhapped: 8 g<\/p>\n<p>s\u00fcsivesikud: 48.2 g<\/p>\n<p>millest suhkrud: 0.9 g<\/p>\n<p>kiudained: 2.9 g<\/p>\n<p>valgud: 11 g<\/p>\n<p>sool: 3.2 g<\/p>","protected":false},"excerpt":{"rendered":"<p>Parim enne: 15.01.2026 Hulgipakend: 12<\/p>","protected":false},"featured_media":41251,"comment_status":"open","ping_status":"closed","template":"","meta":{"_acf_changed":false},"product_brand":[],"product_cat":[80,81],"product_tag":[],"class_list":{"0":"post-41250","1":"product","2":"type-product","3":"status-publish","4":"has-post-thumbnail","6":"product_cat-snakid","7":"product_cat-kropsud","9":"first","10":"instock","11":"sale","12":"taxable","13":"shipping-taxable","14":"purchasable","15":"product-type-simple"},"supplier_id":null,"supplier_sku":"","barcode":null,"atum_controlled":true,"out_stock_date":null,"out_stock_threshold":null,"inheritable":false,"inbound_stock":0,"stock_on_hold":3,"sold_today":0,"sales_last_days":97,"reserved_stock":0,"customer_returns":0,"warehouse_damage":0,"lost_in_post":0,"other_logs":0,"out_stock_days":0,"lost_sales":0,"has_location":true,"update_date":"2026-02-12T15:46:03","atum_locations":[{"id":146,"name":"I2","slug":"i2"}],"atum_stock_status":"instock","restock_status":false,"low_stock_amount":"","sales_update_date":"2026-02-12T15:45:54","calc_backorders":null,"acf":[],"_links":{"self":[{"href":"https:\/\/vbd.dev.sumena.ee\/en\/wp-json\/wp\/v2\/product\/41250","targetHints":{"allow":["GET"]}}],"collection":[{"href":"https:\/\/vbd.dev.sumena.ee\/en\/wp-json\/wp\/v2\/product"}],"about":[{"href":"https:\/\/vbd.dev.sumena.ee\/en\/wp-json\/wp\/v2\/types\/product"}],"replies":[{"embeddable":true,"href":"https:\/\/vbd.dev.sumena.ee\/en\/wp-json\/wp\/v2\/comments?post=41250"}],"wp:featuredmedia":[{"embeddable":true,"href":"https:\/\/vbd.dev.sumena.ee\/en\/wp-json\/wp\/v2\/media\/41251"}],"wp:attachment":[{"href":"https:\/\/vbd.dev.sumena.ee\/en\/wp-json\/wp\/v2\/media?parent=41250"}],"wp:term":[{"taxonomy":"product_brand","embeddable":true,"href":"https:\/\/vbd.dev.sumena.ee\/en\/wp-json\/wp\/v2\/product_brand?post=41250"},{"taxonomy":"product_cat","embeddable":true,"href":"https:\/\/vbd.dev.sumena.ee\/en\/wp-json\/wp\/v2\/product_cat?post=41250"},{"taxonomy":"product_tag","embeddable":true,"href":"https:\/\/vbd.dev.sumena.ee\/en\/wp-json\/wp\/v2\/product_tag?post=41250"}],"curies":[{"name":"wp","href":"https:\/\/api.w.org\/{rel}","templated":true}]}}