{"id":39630,"date":"2026-01-14T13:28:24","date_gmt":"2026-01-14T10:28:24","guid":{"rendered":"https:\/\/vbd.dev.sumena.ee\/?post_type=product&#038;p=39630"},"modified":"2026-02-12T13:08:05","modified_gmt":"2026-02-12T10:08:05","slug":"corny-protein-power-proteiinibatoon-vanilje-50g","status":"publish","type":"product","link":"https:\/\/vbd.dev.sumena.ee\/en\/product-2\/corny-protein-power-proteiinibatoon-vanilje-50g\/","title":{"rendered":"CORNY Protein Power proteiinibatoon vanilje 50g"},"content":{"rendered":"<div id=\"tab-19\" class=\"tab-content tab-19\">\n<p>Kogus kastis: 18tk<\/p>\n<p>30%-lise proteiini sisaldusega vanilje proteiinibatoon piima\u0161okolaadiga. Toode ei sisalda palmi\u00f5li ega lisatud suhkruid.<\/p>\n<p><strong>Ingredients:<\/strong> PIIMA\u0161okolaad magusainega 17% (magusaine maltitool, kakaov\u00f5i, PIIMApulber, kakaomass, v\u00e4hendatud rasvasisaldusega kakaopulber, emulgaator letsitiinid), SOJAvalk, VADAKUvalk, oligofruktoos, magusaine maltitoolisiirup, niiskuses\u00e4ilitaja gl\u00fctserool, rapsi\u00f5li, PIIMAvalk, SOJAhelbed, riisikr\u00f5psud (riisijahu, v\u00e4rviv toiduporgandipulber), looduslikud l\u00f5hna- ja maitseained, emulgaator letsitiinid (SOJA). V\u00f5ib sisaldada P\u00c4HKLEID ja MAAP\u00c4HKLEID. Liigne tarbimine v\u00f5ib p\u00f5hjustada lahtistavat toimet.<\/p>\n<p><strong>Toitumisalane teave 100g toote kohta:<\/strong> energiasisaldus 374 kcal\/1557 kJ, rasvad 18 g, millest k\u00fcllastunud rasvhapped 5,6 g; s\u00fcsivesikud 29 g, millest suhkrud 3,3 g; kiudained 7,9 g; valgud 30 g; sool 0,25 g.<\/p>\n<\/div>","protected":false},"excerpt":{"rendered":"<p>Kogus kastis: 18tk 30%-lise proteiini sisaldusega vanilje proteiinibatoon piima\u0161okolaadiga. Toode ei sisalda palmi\u00f5li ega lisatud suhkruid. Koostisosad: PIIMA\u0161okolaad magusainega 17% (magusaine maltitool, kakaov\u00f5i, PIIMApulber, kakaomass, v\u00e4hendatud rasvasisaldusega kakaopulber, emulgaator letsitiinid), SOJAvalk, VADAKUvalk, oligofruktoos, magusaine maltitoolisiirup, niiskuses\u00e4ilitaja gl\u00fctserool, rapsi\u00f5li, PIIMAvalk, SOJAhelbed, riisikr\u00f5psud (riisijahu, v\u00e4rviv toiduporgandipulber), looduslikud l\u00f5hna- ja maitseained, emulgaator letsitiinid (SOJA). V\u00f5ib sisaldada P\u00c4HKLEID ja [&hellip;]<\/p>","protected":false},"featured_media":39631,"comment_status":"open","ping_status":"closed","template":"","meta":{"_acf_changed":false},"product_brand":[],"product_cat":[115,87,77,85],"product_tag":[],"class_list":{"0":"post-39630","1":"product","2":"type-product","3":"status-publish","4":"has-post-thumbnail","6":"product_cat-gluteenivaba","7":"product_cat-meie-lemmikud","8":"product_cat-maiustused","9":"product_cat-batoonid","11":"first","12":"instock","13":"sale","14":"taxable","15":"shipping-taxable","16":"purchasable","17":"product-type-simple"},"supplier_id":22782,"supplier_sku":"","barcode":null,"atum_controlled":true,"out_stock_date":null,"out_stock_threshold":null,"inheritable":false,"inbound_stock":0,"stock_on_hold":8,"sold_today":37,"sales_last_days":500,"reserved_stock":0,"customer_returns":0,"warehouse_damage":0,"lost_in_post":0,"other_logs":0,"out_stock_days":0,"lost_sales":0,"has_location":true,"update_date":"2026-02-12T14:34:10","atum_locations":[{"id":96,"name":"F","slug":"f"}],"atum_stock_status":"instock","restock_status":true,"low_stock_amount":"","sales_update_date":"2026-02-12T14:34:00","calc_backorders":null,"acf":[],"_links":{"self":[{"href":"https:\/\/vbd.dev.sumena.ee\/en\/wp-json\/wp\/v2\/product\/39630","targetHints":{"allow":["GET"]}}],"collection":[{"href":"https:\/\/vbd.dev.sumena.ee\/en\/wp-json\/wp\/v2\/product"}],"about":[{"href":"https:\/\/vbd.dev.sumena.ee\/en\/wp-json\/wp\/v2\/types\/product"}],"replies":[{"embeddable":true,"href":"https:\/\/vbd.dev.sumena.ee\/en\/wp-json\/wp\/v2\/comments?post=39630"}],"wp:featuredmedia":[{"embeddable":true,"href":"https:\/\/vbd.dev.sumena.ee\/en\/wp-json\/wp\/v2\/media\/39631"}],"wp:attachment":[{"href":"https:\/\/vbd.dev.sumena.ee\/en\/wp-json\/wp\/v2\/media?parent=39630"}],"wp:term":[{"taxonomy":"product_brand","embeddable":true,"href":"https:\/\/vbd.dev.sumena.ee\/en\/wp-json\/wp\/v2\/product_brand?post=39630"},{"taxonomy":"product_cat","embeddable":true,"href":"https:\/\/vbd.dev.sumena.ee\/en\/wp-json\/wp\/v2\/product_cat?post=39630"},{"taxonomy":"product_tag","embeddable":true,"href":"https:\/\/vbd.dev.sumena.ee\/en\/wp-json\/wp\/v2\/product_tag?post=39630"}],"curies":[{"name":"wp","href":"https:\/\/api.w.org\/{rel}","templated":true}]}}