{"id":366102,"date":"2026-02-11T20:01:15","date_gmt":"2026-02-11T17:01:15","guid":{"rendered":"https:\/\/vbd.dev.sumena.ee\/?post_type=product&#038;p=366102"},"modified":"2026-02-12T18:40:35","modified_gmt":"2026-02-12T15:40:35","slug":"kiirnuudlid-samyang-buldak-hot-chicken-topsis-70g","status":"publish","type":"product","link":"https:\/\/vbd.dev.sumena.ee\/en\/product-2\/kiirnuudlid-samyang-buldak-hot-chicken-topsis-70g\/","title":{"rendered":"Kiirnuudlid Samyang Buldak Hot Chicken Topsis 70g"},"content":{"rendered":"<p>Koostis:<\/p>\n<p>Nuudlid (76,6%): NISUJAHU, modifitseeritud tapiokat\u00e4rklis, rafineeritud palmi\u00f5li, NISUGLUTEEN, rafineeritud sool, emulgaator (SOJALETSITIIN (E322(i)), happesuse regulaator (kaaliumkarbonaat (E501)), naatriumkarbonaat (E500), naatriumfosfaat-kahebaasiline (E339(ii)), sidrunhape (E330)), paksendaja (guarkummi (E412)), rohelise tee maitseline \u00f5li.\u00a0Supp (22,7%): vesi, kunstlikud l\u00f5hna- ja maitseained (kanamaitseained), SOJA-kaste, suhkur, t\u0161illipulber, SOJA\u00f5li, sibul, punane t\u0161illipulber, punane t\u0161illi\u00f5li, p\u00e4rmipulber, k\u00fc\u00fcslauk, modifitseeritud kartulit\u00e4rklis, pleegitatud t\u0161illiekstrakt, paprikaekstrakt, mustpiprapulber, karripulber.\u00a0Helbed (0,6%): r\u00f6stitud SEESAM, r\u00f6stitud punavetikad.\u00a0Valmistatud tehases, kus t\u00f6\u00f6deldakse sellerit, gluteeni sisaldavaid helbeid, koorikloomi, mune, kala, piima, molluskeid, sinepit, p\u00e4hkleid, maap\u00e4hkleid, seesami, sojatooteid.<\/p>","protected":false},"excerpt":{"rendered":"<p>Koostis: Nuudlid (76,6%): NISUJAHU, modifitseeritud tapiokat\u00e4rklis, rafineeritud palmi\u00f5li, NISUGLUTEEN, rafineeritud sool, emulgaator (SOJALETSITIIN (E322(i)), happesuse regulaator (kaaliumkarbonaat (E501)), naatriumkarbonaat (E500), naatriumfosfaat-kahebaasiline (E339(ii)), sidrunhape (E330)), paksendaja (guarkummi (E412)), rohelise tee maitseline \u00f5li.\u00a0Supp (22,7%): vesi, kunstlikud l\u00f5hna- ja maitseained (kanamaitseained), SOJA-kaste, suhkur, t\u0161illipulber, SOJA\u00f5li, sibul, punane t\u0161illipulber, punane t\u0161illi\u00f5li, p\u00e4rmipulber, k\u00fc\u00fcslauk, modifitseeritud kartulit\u00e4rklis, pleegitatud t\u0161illiekstrakt, paprikaekstrakt, mustpiprapulber, [&hellip;]<\/p>","protected":false},"featured_media":366104,"comment_status":"open","ping_status":"closed","template":"","meta":{"_acf_changed":false},"product_brand":[],"product_cat":[86,89],"product_tag":[],"class_list":{"0":"post-366102","1":"product","2":"type-product","3":"status-publish","4":"has-post-thumbnail","6":"product_cat-kuivained","7":"product_cat-valmistoit","9":"first","10":"instock","11":"sale","12":"taxable","13":"shipping-taxable","14":"purchasable","15":"product-type-simple"},"supplier_id":null,"supplier_sku":"","barcode":null,"atum_controlled":true,"out_stock_date":null,"out_stock_threshold":null,"inheritable":false,"inbound_stock":0,"stock_on_hold":216,"sold_today":216,"sales_last_days":646,"reserved_stock":0,"customer_returns":0,"warehouse_damage":0,"lost_in_post":0,"other_logs":0,"out_stock_days":0,"lost_sales":0,"has_location":false,"update_date":"2026-02-12T15:41:59","atum_locations":[],"atum_stock_status":"instock","restock_status":false,"low_stock_amount":"","sales_update_date":"2026-02-12T15:41:49","calc_backorders":null,"acf":[],"_links":{"self":[{"href":"https:\/\/vbd.dev.sumena.ee\/en\/wp-json\/wp\/v2\/product\/366102","targetHints":{"allow":["GET"]}}],"collection":[{"href":"https:\/\/vbd.dev.sumena.ee\/en\/wp-json\/wp\/v2\/product"}],"about":[{"href":"https:\/\/vbd.dev.sumena.ee\/en\/wp-json\/wp\/v2\/types\/product"}],"replies":[{"embeddable":true,"href":"https:\/\/vbd.dev.sumena.ee\/en\/wp-json\/wp\/v2\/comments?post=366102"}],"wp:featuredmedia":[{"embeddable":true,"href":"https:\/\/vbd.dev.sumena.ee\/en\/wp-json\/wp\/v2\/media\/366104"}],"wp:attachment":[{"href":"https:\/\/vbd.dev.sumena.ee\/en\/wp-json\/wp\/v2\/media?parent=366102"}],"wp:term":[{"taxonomy":"product_brand","embeddable":true,"href":"https:\/\/vbd.dev.sumena.ee\/en\/wp-json\/wp\/v2\/product_brand?post=366102"},{"taxonomy":"product_cat","embeddable":true,"href":"https:\/\/vbd.dev.sumena.ee\/en\/wp-json\/wp\/v2\/product_cat?post=366102"},{"taxonomy":"product_tag","embeddable":true,"href":"https:\/\/vbd.dev.sumena.ee\/en\/wp-json\/wp\/v2\/product_tag?post=366102"}],"curies":[{"name":"wp","href":"https:\/\/api.w.org\/{rel}","templated":true}]}}