{"id":366097,"date":"2026-02-11T19:54:22","date_gmt":"2026-02-11T16:54:22","guid":{"rendered":"https:\/\/vbd.dev.sumena.ee\/?post_type=product&#038;p=366097"},"modified":"2026-02-12T15:18:23","modified_gmt":"2026-02-12T12:18:23","slug":"batoon-knoppers-nutbar-3-tukki-120g","status":"publish","type":"product","link":"https:\/\/vbd.dev.sumena.ee\/en\/product-2\/batoon-knoppers-nutbar-3-tukki-120g\/","title":{"rendered":"Batoon Knoppers NutBar 3 t\u00fckki 120g"},"content":{"rendered":"<div class=\"main-content col-lg-9\">\n<div id=\"primary\" class=\"content-area\"><main id=\"content\" class=\"site-main\"><\/p>\n<div id=\"product-5957\" class=\"product type-product post-5957 status-publish first outofstock product_cat-maiustused product_cat-okolaadid product_cat-toit_ja_jook has-post-thumbnail taxable shipping-taxable purchasable product-type-simple product-layout-default\">\n<div id=\"product-tab\" class=\"woocommerce-tabs woocommerce-tabs-7xtq0ple resp-htabs\">\n<div class=\"resp-tabs-container\">\n<div id=\"tab-description\" class=\"tab-content resp-tab-content resp-tab-content-active\" aria-labelledby=\"tab_item-0\">\n<p>Knoppers NutBar on ideaalne h\u00f5rk suupiste. \u0160okolaadibatoonis on \u00fchendatud v\u00e4ga maitsvad koostisosad, mis moodustavad h\u00e4sti tasakaalustatud kombinatsiooni. Kr\u00f5mpsuvad sarapuup\u00e4hklid, karamell, sarapuup\u00e4hklikreem ja kr\u00f5be vahvel, kaetud kvaliteetse piima\u0161okolaadiga.<\/p>\n<\/div>\n<\/div>\n<\/div>\n<\/div>\n<p><\/main><\/div>\n<\/div>\n<div class=\"col-lg-3 sidebar porto-woo-product-sidebar left-sidebar mobile-sidebar\">\n<div class=\"pin-wrapper\">\n<div class=\"sticky-active sticky-absolute sticky-transition\" data-plugin-sticky=\"\" data-plugin-options=\"{&quot;autoInit&quot;: true, &quot;minWidth&quot;: 992, &quot;containerSelector&quot;: &quot;.main-content-wrap&quot;,&quot;autoFit&quot;:true, &quot;paddingOffsetBottom&quot;: 10}\">\n<div class=\"sidebar-content\">Koostis: Suhkur, SARAPUUP\u00c4HKLID (14,8%), taimsed rasvad (palm, shea), gl\u00fckoosisiirup, T\u00c4ISPIIMAPULBER (6,2%), kakaov\u00f5i, L\u00d5SSIPULBER (5,5%), KONDENSPIIM, NISUJAHU (3,9%), kakaomass , T\u00c4ISTERAJAHU (2%), kakao, sorbitoolisiirup, PETIPIIMAPULBER, LAKTOOS, V\u00d5IRASV, KOOR, kondenseeritud magus VADAK, V\u00d5I, VADAKUTOODE, emulgaatorit letsitiini (SOJA), soola, NISUT\u00c4RKLIS, lahja kakaod, KOOREPULBER, roosuhkrusiirupit, looduslikke maitseaineid, kergitusainet naatriumvesinikkarbonaati, Stabilisaator karrageen<\/div>\n<\/div>\n<\/div>\n<\/div>","protected":false},"excerpt":{"rendered":"<p>Knoppers NutBar on ideaalne h\u00f5rk suupiste. \u0160okolaadibatoonis on \u00fchendatud v\u00e4ga maitsvad koostisosad, mis moodustavad h\u00e4sti tasakaalustatud kombinatsiooni. Kr\u00f5mpsuvad sarapuup\u00e4hklid, karamell, sarapuup\u00e4hklikreem ja kr\u00f5be vahvel, kaetud kvaliteetse piima\u0161okolaadiga. Koostis: Suhkur, SARAPUUP\u00c4HKLID (14,8%), taimsed rasvad (palm, shea), gl\u00fckoosisiirup, T\u00c4ISPIIMAPULBER (6,2%), kakaov\u00f5i, L\u00d5SSIPULBER (5,5%), KONDENSPIIM, NISUJAHU (3,9%), kakaomass , T\u00c4ISTERAJAHU (2%), kakao, sorbitoolisiirup, PETIPIIMAPULBER, LAKTOOS, V\u00d5IRASV, KOOR, kondenseeritud [&hellip;]<\/p>","protected":false},"featured_media":366100,"comment_status":"open","ping_status":"closed","template":"","meta":{"_acf_changed":false},"product_brand":[],"product_cat":[77,85],"product_tag":[],"class_list":{"0":"post-366097","1":"product","2":"type-product","3":"status-publish","4":"has-post-thumbnail","6":"product_cat-maiustused","7":"product_cat-batoonid","9":"first","10":"instock","11":"sale","12":"taxable","13":"shipping-taxable","14":"purchasable","15":"product-type-simple"},"supplier_id":null,"supplier_sku":"","barcode":null,"atum_controlled":true,"out_stock_date":null,"out_stock_threshold":null,"inheritable":false,"inbound_stock":0,"stock_on_hold":24,"sold_today":55,"sales_last_days":90,"reserved_stock":0,"customer_returns":0,"warehouse_damage":0,"lost_in_post":0,"other_logs":0,"out_stock_days":0,"lost_sales":0,"has_location":false,"update_date":"2026-02-12T13:41:08","atum_locations":[],"atum_stock_status":"instock","restock_status":false,"low_stock_amount":"","sales_update_date":"2026-02-12T13:40:58","calc_backorders":null,"acf":[],"_links":{"self":[{"href":"https:\/\/vbd.dev.sumena.ee\/en\/wp-json\/wp\/v2\/product\/366097","targetHints":{"allow":["GET"]}}],"collection":[{"href":"https:\/\/vbd.dev.sumena.ee\/en\/wp-json\/wp\/v2\/product"}],"about":[{"href":"https:\/\/vbd.dev.sumena.ee\/en\/wp-json\/wp\/v2\/types\/product"}],"replies":[{"embeddable":true,"href":"https:\/\/vbd.dev.sumena.ee\/en\/wp-json\/wp\/v2\/comments?post=366097"}],"wp:featuredmedia":[{"embeddable":true,"href":"https:\/\/vbd.dev.sumena.ee\/en\/wp-json\/wp\/v2\/media\/366100"}],"wp:attachment":[{"href":"https:\/\/vbd.dev.sumena.ee\/en\/wp-json\/wp\/v2\/media?parent=366097"}],"wp:term":[{"taxonomy":"product_brand","embeddable":true,"href":"https:\/\/vbd.dev.sumena.ee\/en\/wp-json\/wp\/v2\/product_brand?post=366097"},{"taxonomy":"product_cat","embeddable":true,"href":"https:\/\/vbd.dev.sumena.ee\/en\/wp-json\/wp\/v2\/product_cat?post=366097"},{"taxonomy":"product_tag","embeddable":true,"href":"https:\/\/vbd.dev.sumena.ee\/en\/wp-json\/wp\/v2\/product_tag?post=366097"}],"curies":[{"name":"wp","href":"https:\/\/api.w.org\/{rel}","templated":true}]}}