{"id":365579,"date":"2026-02-10T17:27:27","date_gmt":"2026-02-10T14:27:27","guid":{"rendered":"https:\/\/vbd.dev.sumena.ee\/?post_type=product&#038;p=365579"},"modified":"2026-02-11T01:17:31","modified_gmt":"2026-02-10T22:17:31","slug":"klaasipuhastusvahend-clin-apple-500-ml","status":"publish","type":"product","link":"https:\/\/vbd.dev.sumena.ee\/en\/product-2\/klaasipuhastusvahend-clin-apple-500-ml\/","title":{"rendered":"Klaasipuhastusvahend Clin Apple 500 ml"},"content":{"rendered":"<p>Klaasipuhastusvahend Clin Apple Streak Free v\u00e4rske \u00f5una l\u00f5hnaga s\u00e4delevalt puhaste akende ja peeglite saamiseks! Clini kodumajapidamise puhastustarvikud tagavad professionaalse puhastuse triipudeta akende ja klaasipindade saamiseks ilma lisapoleerimiseta! Clini uus koostis, mis sisaldab looduslikku bioalkoholi, eemaldab mustuse ja tahma, et puhastada klaaspinnad t\u00e4iuslikult ning tagada akendel ja peeglitel pikaajaline triipudeta l\u00e4ige. T\u00f5hus k\u00f5ik-\u00fches-koostis tagab puhta plekivaba ja triipudeta l\u00e4ike ning kaitseb vee ja mustuse eest nii, et pinnad p\u00fcsivad kauem puhtad. Clini p\u00e4\u00e4stikupea unikaalne disain jaotab toote pihustusfunktsiooni abil \u00fchtlaselt ja maksimeerib toote levikut vahufunktsiooni kaudu, et eemaldada t\u00f5husalt raske mustus ja tahm. Toote eelised. Tagab triipudeta l\u00e4ike. Eemaldab mustuse ja tahma ilma plekke j\u00e4tmata. Reguleeritav p\u00e4\u00e4stikupea v\u00f5imaldab nii pihustamist kui ka vahustamist. Pikaajaline puhtus t\u00e4nu vee ja mustuse eest kaitsvale klaasipuhastusvahendile. V\u00e4rske \u00f5una l\u00f5hn. Pudel on valmistatud 100% \u00fcmbert\u00f6\u00f6deldud plastist. Kasutusjuhised: 1. Pihustage klaasipindu pihustus- v\u00f5i vahufunktsiooni abil. 2. Tugevasti m\u00e4\u00e4rdunud pindade korral kasutage vahufunktsiooni ja laske 10 sekundit seista. 3. P\u00fchkige kergelt \u00fcle paberr\u00e4tiku v\u00f5i ebemevaba lapiga. S\u00e4ilitamine ja t\u00e4itmine: Minimeerige Clini abil j\u00e4\u00e4tmed, kasutades pudelit uuesti ja t\u00e4ites selle Clin Crystal Refilliga. Hoidke jahedas, lastele ja lemmikloomadele k\u00e4ttesaamatus kohas. Hoidke eemal otsesest p\u00e4ikesevalgusest ja \u00e4rge laske k\u00fclmuda.<\/p>","protected":false},"excerpt":{"rendered":"<p>Klaasipuhastusvahend Clin Apple Streak Free v\u00e4rske \u00f5una l\u00f5hnaga s\u00e4delevalt puhaste akende ja peeglite saamiseks! Clini kodumajapidamise puhastustarvikud tagavad professionaalse puhastuse triipudeta akende ja klaasipindade saamiseks ilma lisapoleerimiseta! Clini uus koostis, mis sisaldab looduslikku bioalkoholi, eemaldab mustuse ja tahma, et puhastada klaaspinnad t\u00e4iuslikult ning tagada akendel ja peeglitel pikaajaline triipudeta l\u00e4ige. T\u00f5hus k\u00f5ik-\u00fches-koostis tagab puhta plekivaba [&hellip;]<\/p>","protected":false},"featured_media":365580,"comment_status":"open","ping_status":"closed","template":"","meta":{"_acf_changed":false},"product_brand":[],"product_cat":[185,88],"product_tag":[],"class_list":{"0":"post-365579","1":"product","2":"type-product","3":"status-publish","4":"has-post-thumbnail","6":"product_cat-puhastus-ja-koristusvahendid","7":"product_cat-tarbekaubad-tooted","9":"first","10":"instock","11":"sale","12":"taxable","13":"shipping-taxable","14":"purchasable","15":"product-type-simple"},"supplier_id":null,"supplier_sku":"","barcode":null,"atum_controlled":true,"out_stock_date":null,"out_stock_threshold":null,"inheritable":false,"inbound_stock":0,"stock_on_hold":1,"sold_today":0,"sales_last_days":1,"reserved_stock":0,"customer_returns":0,"warehouse_damage":0,"lost_in_post":0,"other_logs":0,"out_stock_days":0,"lost_sales":0,"has_location":false,"update_date":"2026-02-12T09:49:15","atum_locations":[],"atum_stock_status":"instock","restock_status":false,"low_stock_amount":"","sales_update_date":"2026-02-12T09:49:15","calc_backorders":null,"acf":[],"_links":{"self":[{"href":"https:\/\/vbd.dev.sumena.ee\/en\/wp-json\/wp\/v2\/product\/365579","targetHints":{"allow":["GET"]}}],"collection":[{"href":"https:\/\/vbd.dev.sumena.ee\/en\/wp-json\/wp\/v2\/product"}],"about":[{"href":"https:\/\/vbd.dev.sumena.ee\/en\/wp-json\/wp\/v2\/types\/product"}],"replies":[{"embeddable":true,"href":"https:\/\/vbd.dev.sumena.ee\/en\/wp-json\/wp\/v2\/comments?post=365579"}],"wp:featuredmedia":[{"embeddable":true,"href":"https:\/\/vbd.dev.sumena.ee\/en\/wp-json\/wp\/v2\/media\/365580"}],"wp:attachment":[{"href":"https:\/\/vbd.dev.sumena.ee\/en\/wp-json\/wp\/v2\/media?parent=365579"}],"wp:term":[{"taxonomy":"product_brand","embeddable":true,"href":"https:\/\/vbd.dev.sumena.ee\/en\/wp-json\/wp\/v2\/product_brand?post=365579"},{"taxonomy":"product_cat","embeddable":true,"href":"https:\/\/vbd.dev.sumena.ee\/en\/wp-json\/wp\/v2\/product_cat?post=365579"},{"taxonomy":"product_tag","embeddable":true,"href":"https:\/\/vbd.dev.sumena.ee\/en\/wp-json\/wp\/v2\/product_tag?post=365579"}],"curies":[{"name":"wp","href":"https:\/\/api.w.org\/{rel}","templated":true}]}}