{"id":365478,"date":"2026-02-10T17:20:48","date_gmt":"2026-02-10T14:20:48","guid":{"rendered":"https:\/\/vbd.dev.sumena.ee\/?post_type=product&#038;p=365478"},"modified":"2026-02-12T13:41:15","modified_gmt":"2026-02-12T10:41:15","slug":"pesudiskid-persil-universal-68pk","status":"publish","type":"product","link":"https:\/\/vbd.dev.sumena.ee\/en\/product-2\/pesudiskid-persil-universal-68pk\/","title":{"rendered":"Pesudiskid Persil UNIVERSAL 68pk"},"content":{"rendered":"<dl class=\"b-product-info--info-2\">\n<dd>Persil Deep Clean 4in1 kettad valgete ja kergete esemete jaoks &#8211; pesu s\u00fcgavpuhastus ja masina h\u00fcgieeniline puhtus. Isegi p\u00e4rast pesemist v\u00f5ib pesumasinast erituda ebameeldivat l\u00f5hna, kuna sellesse kipuvad kogunema kangekaelsed plekid. Selle probleemi lahendamiseks soovitame kasutada Persil Discs Deep Clean kettaid. See pole mitte ainult vahend riietelt plekkide eemaldamiseks, vaid v\u00f5imsad 4-in-1 kettad, millel on n\u00fc\u00fcd uus valem, mis tagab pesu s\u00fcgavpuhastuse ja aitab teie pesumasinal h\u00fcgieeniliselt puhtana p\u00fcsida. Ainulaadne valem tungib s\u00fcgavale kiududesse, lagundades ja eemaldades k\u00f5ige kangekaelsemad plekid. Persili kettad mitte ainult ei taga riiete puhtust, vaid tungivad ka veelgi s\u00fcgavamale pesumasinasse, et t\u00f5husalt k\u00f5rvaldada ebameeldivad l\u00f5hnad. Persili neljakambrilises kapslis olev v\u00f5imas kontsentraat n\u00fc\u00fcd kompaktses vormis tagab laitmatud tulemused ja v\u00e4iksema keskkonnam\u00f5ju t\u00e4nu tootmiseks vajalike materjalide hulga v\u00e4henemisele. Samm puhtama keskkonna suunas: v\u00f5itleb plekkidega t\u00f5husalt, hoolib planeedist. Efektiivne madalatel temperatuuridel, eemaldab plekid alates 20 \u00b0C-st isegi t\u00e4is pesumasina korral.<\/dd>\n<\/dl>","protected":false},"excerpt":{"rendered":"<p>Persil Deep Clean 4in1 kettad valgete ja kergete esemete jaoks &#8211; pesu s\u00fcgavpuhastus ja masina h\u00fcgieeniline puhtus. Isegi p\u00e4rast pesemist v\u00f5ib pesumasinast erituda ebameeldivat l\u00f5hna, kuna sellesse kipuvad kogunema kangekaelsed plekid. Selle probleemi lahendamiseks soovitame kasutada Persil Discs Deep Clean kettaid. See pole mitte ainult vahend riietelt plekkide eemaldamiseks, vaid v\u00f5imsad 4-in-1 kettad, millel on [&hellip;]<\/p>","protected":false},"featured_media":365578,"comment_status":"open","ping_status":"closed","template":"","meta":{"_acf_changed":false},"product_brand":[],"product_cat":[185,88],"product_tag":[],"class_list":{"0":"post-365478","1":"product","2":"type-product","3":"status-publish","4":"has-post-thumbnail","6":"product_cat-puhastus-ja-koristusvahendid","7":"product_cat-tarbekaubad-tooted","9":"first","10":"instock","11":"sale","12":"taxable","13":"shipping-taxable","14":"purchasable","15":"product-type-simple"},"supplier_id":null,"supplier_sku":"","barcode":null,"atum_controlled":true,"out_stock_date":null,"out_stock_threshold":null,"inheritable":false,"inbound_stock":0,"stock_on_hold":0,"sold_today":1,"sales_last_days":1,"reserved_stock":0,"customer_returns":0,"warehouse_damage":0,"lost_in_post":0,"other_logs":0,"out_stock_days":0,"lost_sales":0,"has_location":false,"update_date":"2026-02-12T10:50:12","atum_locations":[],"atum_stock_status":"instock","restock_status":false,"low_stock_amount":"","sales_update_date":"2026-02-12T10:50:02","calc_backorders":null,"acf":[],"_links":{"self":[{"href":"https:\/\/vbd.dev.sumena.ee\/en\/wp-json\/wp\/v2\/product\/365478","targetHints":{"allow":["GET"]}}],"collection":[{"href":"https:\/\/vbd.dev.sumena.ee\/en\/wp-json\/wp\/v2\/product"}],"about":[{"href":"https:\/\/vbd.dev.sumena.ee\/en\/wp-json\/wp\/v2\/types\/product"}],"replies":[{"embeddable":true,"href":"https:\/\/vbd.dev.sumena.ee\/en\/wp-json\/wp\/v2\/comments?post=365478"}],"wp:featuredmedia":[{"embeddable":true,"href":"https:\/\/vbd.dev.sumena.ee\/en\/wp-json\/wp\/v2\/media\/365578"}],"wp:attachment":[{"href":"https:\/\/vbd.dev.sumena.ee\/en\/wp-json\/wp\/v2\/media?parent=365478"}],"wp:term":[{"taxonomy":"product_brand","embeddable":true,"href":"https:\/\/vbd.dev.sumena.ee\/en\/wp-json\/wp\/v2\/product_brand?post=365478"},{"taxonomy":"product_cat","embeddable":true,"href":"https:\/\/vbd.dev.sumena.ee\/en\/wp-json\/wp\/v2\/product_cat?post=365478"},{"taxonomy":"product_tag","embeddable":true,"href":"https:\/\/vbd.dev.sumena.ee\/en\/wp-json\/wp\/v2\/product_tag?post=365478"}],"curies":[{"name":"wp","href":"https:\/\/api.w.org\/{rel}","templated":true}]}}