{"id":365155,"date":"2026-02-09T22:35:02","date_gmt":"2026-02-09T19:35:02","guid":{"rendered":"https:\/\/vbd.dev.sumena.ee\/?post_type=product&#038;p=365155"},"modified":"2026-02-11T21:21:07","modified_gmt":"2026-02-11T18:21:07","slug":"styling-sprei-syoss-big-sexy-volume-blow-dry-150ml","status":"publish","type":"product","link":"https:\/\/vbd.dev.sumena.ee\/en\/product-2\/styling-sprei-syoss-big-sexy-volume-blow-dry-150ml\/","title":{"rendered":"Styling-sprei Syoss BIG SEXY VOLUME BLOW DRY 150ml"},"content":{"rendered":"<p>VOL\u00dc\u00dcMI ANDEV PIHUSTATAV KUUMAKAITSE. Kuni 2 korda rohkem vol\u00fc\u00fcmi ja kauakestev professionaalne pusivus pilkupuudvatele soengutele. Vahendab f\u00f6\u00f6niga kuivatamise aega ja kaitseb juukseid f\u00f6\u00f6niga kuivatamisel tekkida v\u00f5ivate kahjustuste eest. Kanna kuivadele voi niisketele juustele ning tee f\u00f6\u00f6niga soovitud soeng. Tuleohtlik! Mitte silma pihustada!<\/p>","protected":false},"excerpt":{"rendered":"<p>VOL\u00dc\u00dcMI ANDEV PIHUSTATAV KUUMAKAITSE. Kuni 2 korda rohkem vol\u00fc\u00fcmi ja kauakestev professionaalne pusivus pilkupuudvatele soengutele. Vahendab f\u00f6\u00f6niga kuivatamise aega ja kaitseb juukseid f\u00f6\u00f6niga kuivatamisel tekkida v\u00f5ivate kahjustuste eest. Kanna kuivadele voi niisketele juustele ning tee f\u00f6\u00f6niga soovitud soeng. Tuleohtlik! Mitte silma pihustada!<\/p>","protected":false},"featured_media":365161,"comment_status":"open","ping_status":"closed","template":"","meta":{"_acf_changed":false},"product_brand":[],"product_cat":[157,104],"product_tag":[],"class_list":{"0":"post-365155","1":"product","2":"type-product","3":"status-publish","4":"has-post-thumbnail","6":"product_cat-juuksehooldus","7":"product_cat-enesehooldus","9":"first","10":"instock","11":"sale","12":"taxable","13":"shipping-taxable","14":"purchasable","15":"product-type-simple"},"supplier_id":null,"supplier_sku":"","barcode":null,"atum_controlled":true,"out_stock_date":null,"out_stock_threshold":null,"inheritable":false,"inbound_stock":0,"stock_on_hold":2,"sold_today":0,"sales_last_days":6,"reserved_stock":0,"customer_returns":0,"warehouse_damage":0,"lost_in_post":0,"other_logs":0,"out_stock_days":0,"lost_sales":0,"has_location":false,"update_date":"2026-02-12T14:22:21","atum_locations":[],"atum_stock_status":"instock","restock_status":false,"low_stock_amount":"","sales_update_date":"2026-02-12T14:22:11","calc_backorders":null,"acf":[],"_links":{"self":[{"href":"https:\/\/vbd.dev.sumena.ee\/en\/wp-json\/wp\/v2\/product\/365155","targetHints":{"allow":["GET"]}}],"collection":[{"href":"https:\/\/vbd.dev.sumena.ee\/en\/wp-json\/wp\/v2\/product"}],"about":[{"href":"https:\/\/vbd.dev.sumena.ee\/en\/wp-json\/wp\/v2\/types\/product"}],"replies":[{"embeddable":true,"href":"https:\/\/vbd.dev.sumena.ee\/en\/wp-json\/wp\/v2\/comments?post=365155"}],"wp:featuredmedia":[{"embeddable":true,"href":"https:\/\/vbd.dev.sumena.ee\/en\/wp-json\/wp\/v2\/media\/365161"}],"wp:attachment":[{"href":"https:\/\/vbd.dev.sumena.ee\/en\/wp-json\/wp\/v2\/media?parent=365155"}],"wp:term":[{"taxonomy":"product_brand","embeddable":true,"href":"https:\/\/vbd.dev.sumena.ee\/en\/wp-json\/wp\/v2\/product_brand?post=365155"},{"taxonomy":"product_cat","embeddable":true,"href":"https:\/\/vbd.dev.sumena.ee\/en\/wp-json\/wp\/v2\/product_cat?post=365155"},{"taxonomy":"product_tag","embeddable":true,"href":"https:\/\/vbd.dev.sumena.ee\/en\/wp-json\/wp\/v2\/product_tag?post=365155"}],"curies":[{"name":"wp","href":"https:\/\/api.w.org\/{rel}","templated":true}]}}