{"id":365153,"date":"2026-02-09T22:14:09","date_gmt":"2026-02-09T19:14:09","guid":{"rendered":"https:\/\/vbd.dev.sumena.ee\/?post_type=product&#038;p=365153"},"modified":"2026-02-12T12:46:10","modified_gmt":"2026-02-12T09:46:10","slug":"juuksemask-syoss-hc-repair-boost-500ml","status":"publish","type":"product","link":"https:\/\/vbd.dev.sumena.ee\/en\/product-2\/juuksemask-syoss-hc-repair-boost-500ml\/","title":{"rendered":"Juuksemask Syoss HC REPAIR BOOST 500ml"},"content":{"rendered":"<p>T\u00e4nu professionaalsele intensiivsele koostisele koos k\u00f5rge aktiivainete kontsentratsiooniga tugevdab kahjustatud juustele m\u00f5eldud juuksemask SYOSS Repair Boost Intensive Mask t\u00f5husalt ja v\u00e4hendab juuste katkemist kuni 95%. S\u00fcgavalt toidab, taastab juukseid ja aitab v\u00e4ltida tulevasi kahjustusi.<\/p>\n<p>Meie kvaliteetne\u00a0koostis on asjatundlikult v\u00e4lja t\u00f6\u00f6tatud vastama Jaapani ilustandarditele ning looduslikud koostisosad sisaldavad 5 korda rohkem aminohappeid, mis on juuste ehitusplokid, et s\u00e4ilitada tugevad ja terved juuksed.<\/p>\n<p>&nbsp;<\/p>\n<p>Kasutamine: kandke mask niisketele, \u0161ampooniga pestud juustele ja laske m\u00f5juda 3-5 minutit. Seej\u00e4rel loputage hoolikalt veega.<\/p>","protected":false},"excerpt":{"rendered":"<p>T\u00e4nu professionaalsele intensiivsele koostisele koos k\u00f5rge aktiivainete kontsentratsiooniga tugevdab kahjustatud juustele m\u00f5eldud juuksemask SYOSS Repair Boost Intensive Mask t\u00f5husalt ja v\u00e4hendab juuste katkemist kuni 95%. S\u00fcgavalt toidab, taastab juukseid ja aitab v\u00e4ltida tulevasi kahjustusi. Meie kvaliteetne\u00a0koostis on asjatundlikult v\u00e4lja t\u00f6\u00f6tatud vastama Jaapani ilustandarditele ning looduslikud koostisosad sisaldavad 5 korda rohkem aminohappeid, mis on juuste ehitusplokid, [&hellip;]<\/p>","protected":false},"featured_media":365154,"comment_status":"open","ping_status":"closed","template":"","meta":{"_acf_changed":false},"product_brand":[],"product_cat":[157,104],"product_tag":[],"class_list":{"0":"post-365153","1":"product","2":"type-product","3":"status-publish","4":"has-post-thumbnail","6":"product_cat-juuksehooldus","7":"product_cat-enesehooldus","9":"first","10":"instock","11":"sale","12":"taxable","13":"shipping-taxable","14":"purchasable","15":"product-type-simple"},"supplier_id":null,"supplier_sku":"","barcode":null,"atum_controlled":true,"out_stock_date":null,"out_stock_threshold":null,"inheritable":false,"inbound_stock":0,"stock_on_hold":0,"sold_today":1,"sales_last_days":10,"reserved_stock":0,"customer_returns":0,"warehouse_damage":0,"lost_in_post":0,"other_logs":0,"out_stock_days":0,"lost_sales":0,"has_location":false,"update_date":"2026-02-12T12:39:46","atum_locations":[],"atum_stock_status":"instock","restock_status":false,"low_stock_amount":"","sales_update_date":"2026-02-12T12:39:37","calc_backorders":null,"acf":[],"_links":{"self":[{"href":"https:\/\/vbd.dev.sumena.ee\/en\/wp-json\/wp\/v2\/product\/365153","targetHints":{"allow":["GET"]}}],"collection":[{"href":"https:\/\/vbd.dev.sumena.ee\/en\/wp-json\/wp\/v2\/product"}],"about":[{"href":"https:\/\/vbd.dev.sumena.ee\/en\/wp-json\/wp\/v2\/types\/product"}],"replies":[{"embeddable":true,"href":"https:\/\/vbd.dev.sumena.ee\/en\/wp-json\/wp\/v2\/comments?post=365153"}],"wp:featuredmedia":[{"embeddable":true,"href":"https:\/\/vbd.dev.sumena.ee\/en\/wp-json\/wp\/v2\/media\/365154"}],"wp:attachment":[{"href":"https:\/\/vbd.dev.sumena.ee\/en\/wp-json\/wp\/v2\/media?parent=365153"}],"wp:term":[{"taxonomy":"product_brand","embeddable":true,"href":"https:\/\/vbd.dev.sumena.ee\/en\/wp-json\/wp\/v2\/product_brand?post=365153"},{"taxonomy":"product_cat","embeddable":true,"href":"https:\/\/vbd.dev.sumena.ee\/en\/wp-json\/wp\/v2\/product_cat?post=365153"},{"taxonomy":"product_tag","embeddable":true,"href":"https:\/\/vbd.dev.sumena.ee\/en\/wp-json\/wp\/v2\/product_tag?post=365153"}],"curies":[{"name":"wp","href":"https:\/\/api.w.org\/{rel}","templated":true}]}}