{"id":365145,"date":"2026-02-09T22:04:34","date_gmt":"2026-02-09T19:04:34","guid":{"rendered":"https:\/\/vbd.dev.sumena.ee\/?post_type=product&#038;p=365145"},"modified":"2026-02-10T22:14:14","modified_gmt":"2026-02-10T19:14:14","slug":"tooniv-juuksevarv-syoss-colorglow-vask-100-ml","status":"publish","type":"product","link":"https:\/\/vbd.dev.sumena.ee\/en\/product-2\/tooniv-juuksevarv-syoss-colorglow-vask-100-ml\/","title":{"rendered":"Tooniv Juuksev\u00e4rv Syoss ColorGLOW VASK 100 ml"},"content":{"rendered":"<p data-start=\"757\" data-end=\"787\"><strong data-start=\"0\" data-end=\"53\">Syoss ColorGLOW tooniv juuksev\u00e4rv \u2013 VASK (100 ml)<\/strong> on <strong data-start=\"57\" data-end=\"101\">poolp\u00fcsiv tooniv juuksev\u00e4rv\/juuksetoonik<\/strong>, mis annab juustele <strong data-start=\"122\" data-end=\"147\">vaskse (copper) tooni<\/strong> ja v\u00e4rskendab juuksev\u00e4rvi ilma traditsioonilise p\u00fcsiv\u00e4rvita.<\/p>\n<p data-start=\"757\" data-end=\"787\"><strong data-start=\"757\" data-end=\"787\">Kasutamine:<\/strong><\/p>\n<ol data-start=\"788\" data-end=\"1004\">\n<li data-start=\"788\" data-end=\"831\">\n<p data-start=\"791\" data-end=\"831\">Pese juuksed ja kuivata r\u00e4tikukuivaks.<\/p>\n<\/li>\n<li data-start=\"832\" data-end=\"875\">\n<p data-start=\"835\" data-end=\"875\">Kanna tooniv kreem juustele \u00fchtlaselt.<\/p>\n<\/li>\n<li data-start=\"876\" data-end=\"966\">\n<p data-start=\"879\" data-end=\"966\">Hoia soovitud aja (tavaliselt <strong data-start=\"909\" data-end=\"922\">10\u201330 min<\/strong>, intensiivsema tulemuse jaoks pikem aeg).<\/p>\n<\/li>\n<li data-start=\"967\" data-end=\"1004\">\n<p data-start=\"970\" data-end=\"1004\">Loputa ja kasuta hooldusvahendeid.<\/p>\n<\/li>\n<\/ol>","protected":false},"excerpt":{"rendered":"<p>Syoss ColorGLOW tooniv juuksev\u00e4rv \u2013 VASK (100 ml) on poolp\u00fcsiv tooniv juuksev\u00e4rv\/juuksetoonik, mis annab juustele vaskse (copper) tooni ja v\u00e4rskendab juuksev\u00e4rvi ilma traditsioonilise p\u00fcsiv\u00e4rvita. Kasutamine: Pese juuksed ja kuivata r\u00e4tikukuivaks. Kanna tooniv kreem juustele \u00fchtlaselt. Hoia soovitud aja (tavaliselt 10\u201330 min, intensiivsema tulemuse jaoks pikem aeg). Loputa ja kasuta hooldusvahendeid.<\/p>","protected":false},"featured_media":365148,"comment_status":"open","ping_status":"closed","template":"","meta":{"_acf_changed":false},"product_brand":[],"product_cat":[157,104],"product_tag":[],"class_list":{"0":"post-365145","1":"product","2":"type-product","3":"status-publish","4":"has-post-thumbnail","6":"product_cat-juuksehooldus","7":"product_cat-enesehooldus","9":"first","10":"instock","11":"sale","12":"taxable","13":"shipping-taxable","14":"purchasable","15":"product-type-simple"},"supplier_id":null,"supplier_sku":"","barcode":null,"atum_controlled":true,"out_stock_date":null,"out_stock_threshold":null,"inheritable":false,"inbound_stock":0,"stock_on_hold":0,"sold_today":0,"sales_last_days":4,"reserved_stock":0,"customer_returns":0,"warehouse_damage":0,"lost_in_post":0,"other_logs":0,"out_stock_days":0,"lost_sales":0,"has_location":false,"update_date":"2026-02-12T15:31:15","atum_locations":[],"atum_stock_status":"instock","restock_status":false,"low_stock_amount":"","sales_update_date":"2026-02-12T15:31:06","calc_backorders":null,"acf":[],"_links":{"self":[{"href":"https:\/\/vbd.dev.sumena.ee\/en\/wp-json\/wp\/v2\/product\/365145","targetHints":{"allow":["GET"]}}],"collection":[{"href":"https:\/\/vbd.dev.sumena.ee\/en\/wp-json\/wp\/v2\/product"}],"about":[{"href":"https:\/\/vbd.dev.sumena.ee\/en\/wp-json\/wp\/v2\/types\/product"}],"replies":[{"embeddable":true,"href":"https:\/\/vbd.dev.sumena.ee\/en\/wp-json\/wp\/v2\/comments?post=365145"}],"wp:featuredmedia":[{"embeddable":true,"href":"https:\/\/vbd.dev.sumena.ee\/en\/wp-json\/wp\/v2\/media\/365148"}],"wp:attachment":[{"href":"https:\/\/vbd.dev.sumena.ee\/en\/wp-json\/wp\/v2\/media?parent=365145"}],"wp:term":[{"taxonomy":"product_brand","embeddable":true,"href":"https:\/\/vbd.dev.sumena.ee\/en\/wp-json\/wp\/v2\/product_brand?post=365145"},{"taxonomy":"product_cat","embeddable":true,"href":"https:\/\/vbd.dev.sumena.ee\/en\/wp-json\/wp\/v2\/product_cat?post=365145"},{"taxonomy":"product_tag","embeddable":true,"href":"https:\/\/vbd.dev.sumena.ee\/en\/wp-json\/wp\/v2\/product_tag?post=365145"}],"curies":[{"name":"wp","href":"https:\/\/api.w.org\/{rel}","templated":true}]}}