{"id":365141,"date":"2026-02-09T21:56:10","date_gmt":"2026-02-09T18:56:10","guid":{"rendered":"https:\/\/vbd.dev.sumena.ee\/?post_type=product&#038;p=365141"},"modified":"2026-02-12T11:58:26","modified_gmt":"2026-02-12T08:58:26","slug":"tooniv-juuksevarv-syoss-colorglow-sugav-brunett-100-ml","status":"publish","type":"product","link":"https:\/\/vbd.dev.sumena.ee\/en\/product-2\/tooniv-juuksevarv-syoss-colorglow-sugav-brunett-100-ml\/","title":{"rendered":"Tooniv Juuksev\u00e4rv Syoss ColorGLOW S\u00dcGAV BR\u00dcNETT 100 ml"},"content":{"rendered":"<p><strong data-start=\"0\" data-end=\"62\">Syoss ColorGLOW tooniv juuksev\u00e4rv \u2013 S\u00dcGAV BR\u00dcNETT (100 ml)<\/strong> on <strong data-start=\"66\" data-end=\"103\">poolp\u00fcsiv juuksev\u00e4rvikreem\/toonik<\/strong>, mis annab juustele <strong data-start=\"124\" data-end=\"158\">intensiivse s\u00fcgavbr\u00fcneti tooni<\/strong> ja v\u00e4rskendab juuksev\u00e4rvi ilma tugeva p\u00fcsiv\u00e4rvita. Toode on m\u00f5eldud kasutamiseks kodus ning ei vaja segamist.<\/p>\n<p data-start=\"752\" data-end=\"767\"><strong data-start=\"752\" data-end=\"767\">Kasutamine:<\/strong><\/p>\n<ol data-start=\"768\" data-end=\"977\">\n<li data-start=\"768\" data-end=\"811\">\n<p data-start=\"771\" data-end=\"811\">Pese juuksed ja kuivata r\u00e4tikukuivaks.<\/p>\n<\/li>\n<li data-start=\"812\" data-end=\"855\">\n<p data-start=\"815\" data-end=\"855\">Kanna tooniv kreem \u00fchtlaselt juustele.<\/p>\n<\/li>\n<li data-start=\"856\" data-end=\"937\">\n<p data-start=\"859\" data-end=\"937\">Hoia soovitud aja (tavaliselt 10\u201330 min s\u00f5ltuvalt soovitud intensiivsusest).<\/p>\n<\/li>\n<li data-start=\"938\" data-end=\"977\">\n<p data-start=\"941\" data-end=\"977\">Loputa ja hoolda juukseid palsamiga.<\/p>\n<\/li>\n<\/ol>","protected":false},"excerpt":{"rendered":"<p>Syoss ColorGLOW tooniv juuksev\u00e4rv \u2013 S\u00dcGAV BR\u00dcNETT (100 ml) on poolp\u00fcsiv juuksev\u00e4rvikreem\/toonik, mis annab juustele intensiivse s\u00fcgavbr\u00fcneti tooni ja v\u00e4rskendab juuksev\u00e4rvi ilma tugeva p\u00fcsiv\u00e4rvita. Toode on m\u00f5eldud kasutamiseks kodus ning ei vaja segamist. Kasutamine: Pese juuksed ja kuivata r\u00e4tikukuivaks. Kanna tooniv kreem \u00fchtlaselt juustele. Hoia soovitud aja (tavaliselt 10\u201330 min s\u00f5ltuvalt soovitud intensiivsusest). Loputa ja [&hellip;]<\/p>","protected":false},"featured_media":365144,"comment_status":"open","ping_status":"closed","template":"","meta":{"_acf_changed":false},"product_brand":[],"product_cat":[157,104],"product_tag":[],"class_list":{"0":"post-365141","1":"product","2":"type-product","3":"status-publish","4":"has-post-thumbnail","6":"product_cat-juuksehooldus","7":"product_cat-enesehooldus","9":"first","10":"instock","11":"sale","12":"taxable","13":"shipping-taxable","14":"purchasable","15":"product-type-simple"},"supplier_id":null,"supplier_sku":"","barcode":null,"atum_controlled":true,"out_stock_date":null,"out_stock_threshold":null,"inheritable":false,"inbound_stock":0,"stock_on_hold":5,"sold_today":3,"sales_last_days":5,"reserved_stock":0,"customer_returns":0,"warehouse_damage":0,"lost_in_post":0,"other_logs":0,"out_stock_days":0,"lost_sales":0,"has_location":false,"update_date":"2026-02-12T09:04:12","atum_locations":[],"atum_stock_status":"instock","restock_status":false,"low_stock_amount":"","sales_update_date":"2026-02-12T09:04:02","calc_backorders":null,"acf":[],"_links":{"self":[{"href":"https:\/\/vbd.dev.sumena.ee\/en\/wp-json\/wp\/v2\/product\/365141","targetHints":{"allow":["GET"]}}],"collection":[{"href":"https:\/\/vbd.dev.sumena.ee\/en\/wp-json\/wp\/v2\/product"}],"about":[{"href":"https:\/\/vbd.dev.sumena.ee\/en\/wp-json\/wp\/v2\/types\/product"}],"replies":[{"embeddable":true,"href":"https:\/\/vbd.dev.sumena.ee\/en\/wp-json\/wp\/v2\/comments?post=365141"}],"wp:featuredmedia":[{"embeddable":true,"href":"https:\/\/vbd.dev.sumena.ee\/en\/wp-json\/wp\/v2\/media\/365144"}],"wp:attachment":[{"href":"https:\/\/vbd.dev.sumena.ee\/en\/wp-json\/wp\/v2\/media?parent=365141"}],"wp:term":[{"taxonomy":"product_brand","embeddable":true,"href":"https:\/\/vbd.dev.sumena.ee\/en\/wp-json\/wp\/v2\/product_brand?post=365141"},{"taxonomy":"product_cat","embeddable":true,"href":"https:\/\/vbd.dev.sumena.ee\/en\/wp-json\/wp\/v2\/product_cat?post=365141"},{"taxonomy":"product_tag","embeddable":true,"href":"https:\/\/vbd.dev.sumena.ee\/en\/wp-json\/wp\/v2\/product_tag?post=365141"}],"curies":[{"name":"wp","href":"https:\/\/api.w.org\/{rel}","templated":true}]}}