{"id":365138,"date":"2026-02-09T21:51:48","date_gmt":"2026-02-09T18:51:48","guid":{"rendered":"https:\/\/vbd.dev.sumena.ee\/?post_type=product&#038;p=365138"},"modified":"2026-02-12T11:58:26","modified_gmt":"2026-02-12T08:58:26","slug":"tooniv-juuksevarv-syoss-colorglow-plaatina-100-ml","status":"publish","type":"product","link":"https:\/\/vbd.dev.sumena.ee\/en\/product-2\/tooniv-juuksevarv-syoss-colorglow-plaatina-100-ml\/","title":{"rendered":"Tooniv Juuksev\u00e4rv Syoss ColorGLOW PLAATINA 100 ml"},"content":{"rendered":"<p data-start=\"397\" data-end=\"506\">Poolp\u00fcsiv juuksev\u00e4rv (tooner), mis kestab umbes kuni <strong data-start=\"450\" data-end=\"465\">8 pesukorda<\/strong>. Sobib <strong data-start=\"515\" data-end=\"550\">trendika plaatinablondi tooniga<\/strong> juuste proovimiseks v\u00f5i v\u00e4rskendamiseks.<\/p>\n<p data-start=\"634\" data-end=\"759\">Aitab <strong data-start=\"640\" data-end=\"678\">neutraliseerida kollakaid alatoone<\/strong> ja anda juustele k\u00fclmem, helgem v\u00e4limus.<\/p>\n<p data-start=\"900\" data-end=\"1077\">Kasutamine on lihtne: kanna ja j\u00e4ta juustele umbes <strong data-start=\"951\" data-end=\"965\">10 minutit<\/strong> (\u00f5rn toon) v\u00f5i <strong data-start=\"981\" data-end=\"998\">20\u201330 minutit<\/strong> (intensiivsem tulemus), seej\u00e4rel loputa.<\/p>","protected":false},"excerpt":{"rendered":"<p>Poolp\u00fcsiv juuksev\u00e4rv (tooner), mis kestab umbes kuni 8 pesukorda. Sobib trendika plaatinablondi tooniga juuste proovimiseks v\u00f5i v\u00e4rskendamiseks. Aitab neutraliseerida kollakaid alatoone ja anda juustele k\u00fclmem, helgem v\u00e4limus. Kasutamine on lihtne: kanna ja j\u00e4ta juustele umbes 10 minutit (\u00f5rn toon) v\u00f5i 20\u201330 minutit (intensiivsem tulemus), seej\u00e4rel loputa.<\/p>","protected":false},"featured_media":365140,"comment_status":"open","ping_status":"closed","template":"","meta":{"_acf_changed":false},"product_brand":[],"product_cat":[157,104],"product_tag":[],"class_list":{"0":"post-365138","1":"product","2":"type-product","3":"status-publish","4":"has-post-thumbnail","6":"product_cat-juuksehooldus","7":"product_cat-enesehooldus","9":"first","10":"instock","11":"sale","12":"taxable","13":"shipping-taxable","14":"purchasable","15":"product-type-simple"},"supplier_id":null,"supplier_sku":"","barcode":null,"atum_controlled":true,"out_stock_date":null,"out_stock_threshold":null,"inheritable":false,"inbound_stock":0,"stock_on_hold":4,"sold_today":3,"sales_last_days":11,"reserved_stock":0,"customer_returns":0,"warehouse_damage":0,"lost_in_post":0,"other_logs":0,"out_stock_days":0,"lost_sales":0,"has_location":false,"update_date":"2026-02-12T15:29:10","atum_locations":[],"atum_stock_status":"instock","restock_status":false,"low_stock_amount":"","sales_update_date":"2026-02-12T15:29:01","calc_backorders":null,"acf":[],"_links":{"self":[{"href":"https:\/\/vbd.dev.sumena.ee\/en\/wp-json\/wp\/v2\/product\/365138","targetHints":{"allow":["GET"]}}],"collection":[{"href":"https:\/\/vbd.dev.sumena.ee\/en\/wp-json\/wp\/v2\/product"}],"about":[{"href":"https:\/\/vbd.dev.sumena.ee\/en\/wp-json\/wp\/v2\/types\/product"}],"replies":[{"embeddable":true,"href":"https:\/\/vbd.dev.sumena.ee\/en\/wp-json\/wp\/v2\/comments?post=365138"}],"wp:featuredmedia":[{"embeddable":true,"href":"https:\/\/vbd.dev.sumena.ee\/en\/wp-json\/wp\/v2\/media\/365140"}],"wp:attachment":[{"href":"https:\/\/vbd.dev.sumena.ee\/en\/wp-json\/wp\/v2\/media?parent=365138"}],"wp:term":[{"taxonomy":"product_brand","embeddable":true,"href":"https:\/\/vbd.dev.sumena.ee\/en\/wp-json\/wp\/v2\/product_brand?post=365138"},{"taxonomy":"product_cat","embeddable":true,"href":"https:\/\/vbd.dev.sumena.ee\/en\/wp-json\/wp\/v2\/product_cat?post=365138"},{"taxonomy":"product_tag","embeddable":true,"href":"https:\/\/vbd.dev.sumena.ee\/en\/wp-json\/wp\/v2\/product_tag?post=365138"}],"curies":[{"name":"wp","href":"https:\/\/api.w.org\/{rel}","templated":true}]}}