{"id":365136,"date":"2026-02-09T21:46:06","date_gmt":"2026-02-09T18:46:06","guid":{"rendered":"https:\/\/vbd.dev.sumena.ee\/?post_type=product&#038;p=365136"},"modified":"2026-02-11T23:27:34","modified_gmt":"2026-02-11T20:27:34","slug":"tooniv-juuksevarv-syoss-colorglow-jahe-brunett-100ml","status":"publish","type":"product","link":"https:\/\/vbd.dev.sumena.ee\/en\/product-2\/tooniv-juuksevarv-syoss-colorglow-jahe-brunett-100ml\/","title":{"rendered":"Tooniv Juuksev\u00e4rv Syoss ColorGLOW JAHE BR\u00dcNETT 100ml"},"content":{"rendered":"<p data-start=\"307\" data-end=\"461\">Poolp\u00fcsiv tooniv juuksev\u00e4rv (semi-permanent) juustele; pigmendid toovad v\u00e4lja k\u00fclma br\u00fcneti tooni ja s\u00e4rava v\u00e4rvi. T\u00e4nu tugevalt pigmenteeritud koostisele p\u00fcsib toon kuni umbes <strong data-start=\"526\" data-end=\"542\">8 juuksepesu<\/strong>. Aitab <strong data-start=\"592\" data-end=\"632\">v\u00e4rskendada olemasolevat juuksev\u00e4rvi<\/strong>, proovida uut tooni v\u00f5i <strong data-start=\"657\" data-end=\"692\">peita halle juukseid<\/strong> ilma juukseid kahjustamata.<\/p>\n<p data-start=\"763\" data-end=\"862\">Sobib kasutamiseks kodus ja pakub intensiivset v\u00e4rviefekti.<\/p>\n<p data-start=\"865\" data-end=\"1050\"><strong data-start=\"865\" data-end=\"880\">Kasutamine:<\/strong> kanna juustele ja hoia 10 minutit = vaid v\u00e4rvitooni v\u00e4rskendust v\u00f5i hoia 20\u201330 minutit = intensiivsema tulemuse saavutamiseks.<\/p>","protected":false},"excerpt":{"rendered":"<p>Poolp\u00fcsiv tooniv juuksev\u00e4rv (semi-permanent) juustele; pigmendid toovad v\u00e4lja k\u00fclma br\u00fcneti tooni ja s\u00e4rava v\u00e4rvi. T\u00e4nu tugevalt pigmenteeritud koostisele p\u00fcsib toon kuni umbes 8 juuksepesu. Aitab v\u00e4rskendada olemasolevat juuksev\u00e4rvi, proovida uut tooni v\u00f5i peita halle juukseid ilma juukseid kahjustamata. Sobib kasutamiseks kodus ja pakub intensiivset v\u00e4rviefekti. Kasutamine: kanna juustele ja hoia 10 minutit = vaid v\u00e4rvitooni [&hellip;]<\/p>","protected":false},"featured_media":365137,"comment_status":"open","ping_status":"closed","template":"","meta":{"_acf_changed":false},"product_brand":[],"product_cat":[157,104],"product_tag":[],"class_list":{"0":"post-365136","1":"product","2":"type-product","3":"status-publish","4":"has-post-thumbnail","6":"product_cat-juuksehooldus","7":"product_cat-enesehooldus","9":"first","10":"instock","11":"sale","12":"taxable","13":"shipping-taxable","14":"purchasable","15":"product-type-simple"},"supplier_id":null,"supplier_sku":"","barcode":null,"atum_controlled":true,"out_stock_date":null,"out_stock_threshold":null,"inheritable":false,"inbound_stock":0,"stock_on_hold":2,"sold_today":0,"sales_last_days":5,"reserved_stock":0,"customer_returns":0,"warehouse_damage":0,"lost_in_post":0,"other_logs":0,"out_stock_days":0,"lost_sales":0,"has_location":false,"update_date":"2026-02-12T12:53:41","atum_locations":[],"atum_stock_status":"instock","restock_status":false,"low_stock_amount":"","sales_update_date":"2026-02-12T12:53:31","calc_backorders":null,"acf":[],"_links":{"self":[{"href":"https:\/\/vbd.dev.sumena.ee\/en\/wp-json\/wp\/v2\/product\/365136","targetHints":{"allow":["GET"]}}],"collection":[{"href":"https:\/\/vbd.dev.sumena.ee\/en\/wp-json\/wp\/v2\/product"}],"about":[{"href":"https:\/\/vbd.dev.sumena.ee\/en\/wp-json\/wp\/v2\/types\/product"}],"replies":[{"embeddable":true,"href":"https:\/\/vbd.dev.sumena.ee\/en\/wp-json\/wp\/v2\/comments?post=365136"}],"wp:featuredmedia":[{"embeddable":true,"href":"https:\/\/vbd.dev.sumena.ee\/en\/wp-json\/wp\/v2\/media\/365137"}],"wp:attachment":[{"href":"https:\/\/vbd.dev.sumena.ee\/en\/wp-json\/wp\/v2\/media?parent=365136"}],"wp:term":[{"taxonomy":"product_brand","embeddable":true,"href":"https:\/\/vbd.dev.sumena.ee\/en\/wp-json\/wp\/v2\/product_brand?post=365136"},{"taxonomy":"product_cat","embeddable":true,"href":"https:\/\/vbd.dev.sumena.ee\/en\/wp-json\/wp\/v2\/product_cat?post=365136"},{"taxonomy":"product_tag","embeddable":true,"href":"https:\/\/vbd.dev.sumena.ee\/en\/wp-json\/wp\/v2\/product_tag?post=365136"}],"curies":[{"name":"wp","href":"https:\/\/api.w.org\/{rel}","templated":true}]}}