{"id":365120,"date":"2026-02-09T21:10:09","date_gmt":"2026-02-09T18:10:09","guid":{"rendered":"https:\/\/vbd.dev.sumena.ee\/?post_type=product&#038;p=365120"},"modified":"2026-02-12T16:21:57","modified_gmt":"2026-02-12T13:21:57","slug":"kupsised-domino-lime-350g","status":"publish","type":"product","link":"https:\/\/vbd.dev.sumena.ee\/en\/product-2\/kupsised-domino-lime-350g\/","title":{"rendered":"K\u00fcpsised Domino lime 350g"},"content":{"rendered":"<div class=\"sc-ce819573-1 gHezBb\" data-test-id=\"product-info-ingredients\">\n<div>\n<h3 class=\"izDEqE llpRim gZSiXk kvXNxI lgoqEg fygOE ijAptY\">Koostisosad<\/h3>\n<div class=\"sc-ce819573-2 kdA-Djm\">\n<p>suhkur, NISU jahu, rapsi\u00f5li, t\u00e4ielikult h\u00fcdrogeenitud taime\u00f5li (kookos), rasvadega v\u00e4hendatud kakao pulber, NISU t\u00e4rklis, emulgaator (SOJA lecitina), sool, NISU kiud, t\u00f5stjad (E500, E450), maitseained (sh looduslik laim), happesuse regulaator (E330), v\u00e4rvained (sa floori ja spirulina kontsentraat), v\u00e4rv (beeta-karoteen). V\u00d5IB SISALDADA PIIMA, MUNA, HAZELNUTS JA TEISI GLUTEENI SISALDAVAID TERAVI LJU.<\/p>\n<\/div>\n<\/div>\n<\/div>\n<div class=\"sc-ce819573-1 gHezBb\" data-test-id=\"product-info-ean\">\n<div><\/div>\n<\/div>","protected":false},"excerpt":{"rendered":"<p>Koostisosad suhkur, NISU jahu, rapsi\u00f5li, t\u00e4ielikult h\u00fcdrogeenitud taime\u00f5li (kookos), rasvadega v\u00e4hendatud kakao pulber, NISU t\u00e4rklis, emulgaator (SOJA lecitina), sool, NISU kiud, t\u00f5stjad (E500, E450), maitseained (sh looduslik laim), happesuse regulaator (E330), v\u00e4rvained (sa floori ja spirulina kontsentraat), v\u00e4rv (beeta-karoteen). V\u00d5IB SISALDADA PIIMA, MUNA, HAZELNUTS JA TEISI GLUTEENI SISALDAVAID TERAVI LJU.<\/p>","protected":false},"featured_media":365121,"comment_status":"open","ping_status":"closed","template":"","meta":{"_acf_changed":false},"product_brand":[],"product_cat":[117,77,80],"product_tag":[],"class_list":{"0":"post-365120","1":"product","2":"type-product","3":"status-publish","4":"has-post-thumbnail","6":"product_cat-kupsised","7":"product_cat-maiustused","8":"product_cat-snakid","10":"first","11":"instock","12":"sale","13":"taxable","14":"shipping-taxable","15":"purchasable","16":"product-type-simple"},"supplier_id":null,"supplier_sku":"","barcode":null,"atum_controlled":true,"out_stock_date":null,"out_stock_threshold":null,"inheritable":false,"inbound_stock":0,"stock_on_hold":51,"sold_today":69,"sales_last_days":136,"reserved_stock":0,"customer_returns":0,"warehouse_damage":0,"lost_in_post":0,"other_logs":0,"out_stock_days":0,"lost_sales":0,"has_location":false,"update_date":"2026-02-12T14:58:27","atum_locations":[],"atum_stock_status":"instock","restock_status":false,"low_stock_amount":"","sales_update_date":"2026-02-12T14:58:18","calc_backorders":null,"acf":[],"_links":{"self":[{"href":"https:\/\/vbd.dev.sumena.ee\/en\/wp-json\/wp\/v2\/product\/365120","targetHints":{"allow":["GET"]}}],"collection":[{"href":"https:\/\/vbd.dev.sumena.ee\/en\/wp-json\/wp\/v2\/product"}],"about":[{"href":"https:\/\/vbd.dev.sumena.ee\/en\/wp-json\/wp\/v2\/types\/product"}],"replies":[{"embeddable":true,"href":"https:\/\/vbd.dev.sumena.ee\/en\/wp-json\/wp\/v2\/comments?post=365120"}],"wp:featuredmedia":[{"embeddable":true,"href":"https:\/\/vbd.dev.sumena.ee\/en\/wp-json\/wp\/v2\/media\/365121"}],"wp:attachment":[{"href":"https:\/\/vbd.dev.sumena.ee\/en\/wp-json\/wp\/v2\/media?parent=365120"}],"wp:term":[{"taxonomy":"product_brand","embeddable":true,"href":"https:\/\/vbd.dev.sumena.ee\/en\/wp-json\/wp\/v2\/product_brand?post=365120"},{"taxonomy":"product_cat","embeddable":true,"href":"https:\/\/vbd.dev.sumena.ee\/en\/wp-json\/wp\/v2\/product_cat?post=365120"},{"taxonomy":"product_tag","embeddable":true,"href":"https:\/\/vbd.dev.sumena.ee\/en\/wp-json\/wp\/v2\/product_tag?post=365120"}],"curies":[{"name":"wp","href":"https:\/\/api.w.org\/{rel}","templated":true}]}}