{"id":365114,"date":"2026-02-09T21:07:13","date_gmt":"2026-02-09T18:07:13","guid":{"rendered":"https:\/\/vbd.dev.sumena.ee\/?post_type=product&#038;p=365114"},"modified":"2026-02-12T16:26:02","modified_gmt":"2026-02-12T13:26:02","slug":"kakaokupsised-fazer-domino-original-525g","status":"publish","type":"product","link":"https:\/\/vbd.dev.sumena.ee\/en\/product-2\/kakaokupsised-fazer-domino-original-525g\/","title":{"rendered":"Kakaok\u00fcpsised Fazer Domino Original 525g"},"content":{"rendered":"<div class=\"sc-ce819573-1 gHezBb\" data-test-id=\"product-info-description\">\n<div>\n<div class=\"sc-ce819573-2 kdA-Djm\">\n<p>Armastatuim k\u00fcpsis aastast 1953.Kakaok\u00fcpsised vaniljemaitselise t\u00e4idisega (28%), 525 g,39tk.<\/p>\n<\/div>\n<\/div>\n<\/div>\n<div class=\"sc-ce819573-1 gHezBb\" data-test-id=\"product-info-country\">\n<div>\n<div class=\"sc-ce819573-1 gHezBb\" data-test-id=\"product-info-ingredients\">\n<div>\n<h3 class=\"izDEqE llpRim gZSiXk kvXNxI lgoqEg fygOE ijAptY\">Koostisosad<\/h3>\n<div class=\"sc-ce819573-2 kdA-Djm\">\n<p>Koostisosad: suhkur, NISUjahu, rapsi\u00f5li, t\u00e4ielikult h\u00fcdrogeenitud kookosrasv, v\u00e4hese rasvasisaldusega kakaopulber, NISUt\u00e4rklis, sool , emulgaator (SOJAletsitiin), NISUkiud, kergitusained (E500, E450), l\u00f5hna- ja maitseained.<\/p>\n<\/div>\n<\/div>\n<\/div>\n<div class=\"sc-ce819573-1 gHezBb\" data-test-id=\"product-info-ean\">\n<div><\/div>\n<\/div>\n<\/div>\n<\/div>","protected":false},"excerpt":{"rendered":"<p>Armastatuim k\u00fcpsis aastast 1953.Kakaok\u00fcpsised vaniljemaitselise t\u00e4idisega (28%), 525 g,39tk. Koostisosad Koostisosad: suhkur, NISUjahu, rapsi\u00f5li, t\u00e4ielikult h\u00fcdrogeenitud kookosrasv, v\u00e4hese rasvasisaldusega kakaopulber, NISUt\u00e4rklis, sool , emulgaator (SOJAletsitiin), NISUkiud, kergitusained (E500, E450), l\u00f5hna- ja maitseained.<\/p>","protected":false},"featured_media":365119,"comment_status":"open","ping_status":"closed","template":"","meta":{"_acf_changed":false},"product_brand":[],"product_cat":[117,77,80],"product_tag":[],"class_list":{"0":"post-365114","1":"product","2":"type-product","3":"status-publish","4":"has-post-thumbnail","6":"product_cat-kupsised","7":"product_cat-maiustused","8":"product_cat-snakid","10":"first","11":"instock","12":"sale","13":"taxable","14":"shipping-taxable","15":"purchasable","16":"product-type-simple"},"supplier_id":null,"supplier_sku":"","barcode":null,"atum_controlled":true,"out_stock_date":null,"out_stock_threshold":null,"inheritable":false,"inbound_stock":0,"stock_on_hold":37,"sold_today":61,"sales_last_days":102,"reserved_stock":0,"customer_returns":0,"warehouse_damage":0,"lost_in_post":0,"other_logs":0,"out_stock_days":0,"lost_sales":0,"has_location":false,"update_date":"2026-02-12T14:55:08","atum_locations":[],"atum_stock_status":"instock","restock_status":true,"low_stock_amount":"","sales_update_date":"2026-02-12T14:54:59","calc_backorders":null,"acf":[],"_links":{"self":[{"href":"https:\/\/vbd.dev.sumena.ee\/en\/wp-json\/wp\/v2\/product\/365114","targetHints":{"allow":["GET"]}}],"collection":[{"href":"https:\/\/vbd.dev.sumena.ee\/en\/wp-json\/wp\/v2\/product"}],"about":[{"href":"https:\/\/vbd.dev.sumena.ee\/en\/wp-json\/wp\/v2\/types\/product"}],"replies":[{"embeddable":true,"href":"https:\/\/vbd.dev.sumena.ee\/en\/wp-json\/wp\/v2\/comments?post=365114"}],"wp:featuredmedia":[{"embeddable":true,"href":"https:\/\/vbd.dev.sumena.ee\/en\/wp-json\/wp\/v2\/media\/365119"}],"wp:attachment":[{"href":"https:\/\/vbd.dev.sumena.ee\/en\/wp-json\/wp\/v2\/media?parent=365114"}],"wp:term":[{"taxonomy":"product_brand","embeddable":true,"href":"https:\/\/vbd.dev.sumena.ee\/en\/wp-json\/wp\/v2\/product_brand?post=365114"},{"taxonomy":"product_cat","embeddable":true,"href":"https:\/\/vbd.dev.sumena.ee\/en\/wp-json\/wp\/v2\/product_cat?post=365114"},{"taxonomy":"product_tag","embeddable":true,"href":"https:\/\/vbd.dev.sumena.ee\/en\/wp-json\/wp\/v2\/product_tag?post=365114"}],"curies":[{"name":"wp","href":"https:\/\/api.w.org\/{rel}","templated":true}]}}