{"id":365109,"date":"2026-02-09T20:59:46","date_gmt":"2026-02-09T17:59:46","guid":{"rendered":"https:\/\/vbd.dev.sumena.ee\/?post_type=product&#038;p=365109"},"modified":"2026-02-12T13:59:22","modified_gmt":"2026-02-12T10:59:22","slug":"piimasokolaad-fazer-punaste-marjadega-180g","status":"publish","type":"product","link":"https:\/\/vbd.dev.sumena.ee\/en\/product-2\/piimasokolaad-fazer-punaste-marjadega-180g\/","title":{"rendered":"Piima\u0161okolaad Fazer punaste marjadega 180g"},"content":{"rendered":"<p>Piima\u0161okolaad j\u00f5hvika- ja \u00f5unat\u00fckkidega (8%), vaarikate (1%) ja riisikr\u00f5binatega (3%). Karl Fazer Red Berries on segu piima\u0161okolaadi st ning\u2026<\/p>\n<div class=\"sc-ce819573-1 gHezBb\" data-test-id=\"product-info-ingredients\">\n<div>\n<h3 class=\"izDEqE llpRim gZSiXk kvXNxI lgoqEg fygOE ijAptY\">Koostisosad<\/h3>\n<div class=\"sc-ce819573-2 kdA-Djm\">\n<p>PIIM, suhkur, kakaov\u00f5i, kakaomass, \u00f5unap\u00fcree, gl\u00fckoos-fruktoossiirup, riis, gl\u00fckoosisiirup, j\u00f5hvikap\u00fcree, maltodekstriin, stabilisaa tor (E422), kuivatatud vaarikad, emulgaator (SOJAletsitiin), NISUkiud, sool, palmi\u00f5li, tarretusaine (E440), modifitseeritud kartulit \u00e4rklis, v\u00e4rvivad toiduained (porgandi- ja musta s\u00f5strakontsentraat), l\u00f5hna- ja maitseained, happesuse regulaator (E296).<\/p>\n<\/div>\n<\/div>\n<\/div>\n<div class=\"sc-ce819573-1 gHezBb\" data-test-id=\"product-info-ean\">\n<div><\/div>\n<\/div>","protected":false},"excerpt":{"rendered":"<p>Piima\u0161okolaad j\u00f5hvika- ja \u00f5unat\u00fckkidega (8%), vaarikate (1%) ja riisikr\u00f5binatega (3%). Karl Fazer Red Berries on segu piima\u0161okolaadi st ning\u2026 Koostisosad PIIM, suhkur, kakaov\u00f5i, kakaomass, \u00f5unap\u00fcree, gl\u00fckoos-fruktoossiirup, riis, gl\u00fckoosisiirup, j\u00f5hvikap\u00fcree, maltodekstriin, stabilisaa tor (E422), kuivatatud vaarikad, emulgaator (SOJAletsitiin), NISUkiud, sool, palmi\u00f5li, tarretusaine (E440), modifitseeritud kartulit \u00e4rklis, v\u00e4rvivad toiduained (porgandi- ja musta s\u00f5strakontsentraat), l\u00f5hna- ja maitseained, happesuse [&hellip;]<\/p>","protected":false},"featured_media":365111,"comment_status":"open","ping_status":"closed","template":"","meta":{"_acf_changed":false},"product_brand":[],"product_cat":[77,84],"product_tag":[],"class_list":{"0":"post-365109","1":"product","2":"type-product","3":"status-publish","4":"has-post-thumbnail","6":"product_cat-maiustused","7":"product_cat-sokolaad","9":"first","10":"instock","11":"sale","12":"taxable","13":"shipping-taxable","14":"purchasable","15":"product-type-simple"},"supplier_id":null,"supplier_sku":"","barcode":null,"atum_controlled":true,"out_stock_date":null,"out_stock_threshold":null,"inheritable":false,"inbound_stock":0,"stock_on_hold":21,"sold_today":43,"sales_last_days":84,"reserved_stock":0,"customer_returns":0,"warehouse_damage":0,"lost_in_post":0,"other_logs":0,"out_stock_days":0,"lost_sales":0,"has_location":false,"update_date":"2026-02-12T15:46:38","atum_locations":[],"atum_stock_status":"instock","restock_status":false,"low_stock_amount":"","sales_update_date":"2026-02-12T15:46:30","calc_backorders":null,"acf":[],"_links":{"self":[{"href":"https:\/\/vbd.dev.sumena.ee\/en\/wp-json\/wp\/v2\/product\/365109","targetHints":{"allow":["GET"]}}],"collection":[{"href":"https:\/\/vbd.dev.sumena.ee\/en\/wp-json\/wp\/v2\/product"}],"about":[{"href":"https:\/\/vbd.dev.sumena.ee\/en\/wp-json\/wp\/v2\/types\/product"}],"replies":[{"embeddable":true,"href":"https:\/\/vbd.dev.sumena.ee\/en\/wp-json\/wp\/v2\/comments?post=365109"}],"wp:featuredmedia":[{"embeddable":true,"href":"https:\/\/vbd.dev.sumena.ee\/en\/wp-json\/wp\/v2\/media\/365111"}],"wp:attachment":[{"href":"https:\/\/vbd.dev.sumena.ee\/en\/wp-json\/wp\/v2\/media?parent=365109"}],"wp:term":[{"taxonomy":"product_brand","embeddable":true,"href":"https:\/\/vbd.dev.sumena.ee\/en\/wp-json\/wp\/v2\/product_brand?post=365109"},{"taxonomy":"product_cat","embeddable":true,"href":"https:\/\/vbd.dev.sumena.ee\/en\/wp-json\/wp\/v2\/product_cat?post=365109"},{"taxonomy":"product_tag","embeddable":true,"href":"https:\/\/vbd.dev.sumena.ee\/en\/wp-json\/wp\/v2\/product_tag?post=365109"}],"curies":[{"name":"wp","href":"https:\/\/api.w.org\/{rel}","templated":true}]}}