{"id":363414,"date":"2026-02-06T22:44:30","date_gmt":"2026-02-06T19:44:30","guid":{"rendered":"https:\/\/vbd.dev.sumena.ee\/?post_type=product&#038;p=363414"},"modified":"2026-02-12T09:15:08","modified_gmt":"2026-02-12T06:15:08","slug":"noudepesumasina-tabletid-all-in-1-lemon-finish-quantum-100-tk","status":"publish","type":"product","link":"https:\/\/vbd.dev.sumena.ee\/en\/product-2\/noudepesumasina-tabletid-all-in-1-lemon-finish-quantum-100-tk\/","title":{"rendered":"N\u00f5udepesumasina tabletid All in 1 Lemon, Finish Quantum, 100 tk"},"content":{"rendered":"<dl class=\"b-product-info--info-2\">\n<dd>Kvaliteetsed n\u00f5udepesumasinakapslid, mis tagavad t\u00e4iusliku puhtuse ja silmipimestava s\u00e4ra. Kolmekambrilised kapslid eemaldavad t\u00f5husalt igasugused toiduj\u00e4\u00e4gid \u2013 ilma eelneva loputamiseta. Nad saavad hakkama iga v\u00e4ljakutsega k\u00f6\u00f6gis! Need kaitsevad klaasi korrosiooni eest ja hoiavad samal ajal \u00e4ra katlakivi kogunemise n\u00f5udepesumasinas.<\/dd>\n<\/dl>","protected":false},"excerpt":{"rendered":"<p>Kvaliteetsed n\u00f5udepesumasinakapslid, mis tagavad t\u00e4iusliku puhtuse ja silmipimestava s\u00e4ra. Kolmekambrilised kapslid eemaldavad t\u00f5husalt igasugused toiduj\u00e4\u00e4gid \u2013 ilma eelneva loputamiseta. Nad saavad hakkama iga v\u00e4ljakutsega k\u00f6\u00f6gis! Need kaitsevad klaasi korrosiooni eest ja hoiavad samal ajal \u00e4ra katlakivi kogunemise n\u00f5udepesumasinas.<\/p>","protected":false},"featured_media":363417,"comment_status":"open","ping_status":"closed","template":"","meta":{"_acf_changed":false},"product_brand":[],"product_cat":[185,88],"product_tag":[],"class_list":{"0":"post-363414","1":"product","2":"type-product","3":"status-publish","4":"has-post-thumbnail","6":"product_cat-puhastus-ja-koristusvahendid","7":"product_cat-tarbekaubad-tooted","9":"first","10":"instock","11":"sale","12":"taxable","13":"shipping-taxable","14":"purchasable","15":"product-type-simple"},"supplier_id":null,"supplier_sku":"","barcode":null,"atum_controlled":true,"out_stock_date":null,"out_stock_threshold":null,"inheritable":false,"inbound_stock":0,"stock_on_hold":5,"sold_today":2,"sales_last_days":22,"reserved_stock":0,"customer_returns":0,"warehouse_damage":0,"lost_in_post":0,"other_logs":0,"out_stock_days":0,"lost_sales":0,"has_location":false,"update_date":"2026-02-12T11:34:35","atum_locations":[],"atum_stock_status":"instock","restock_status":true,"low_stock_amount":"","sales_update_date":"2026-02-12T11:34:26","calc_backorders":null,"acf":[],"_links":{"self":[{"href":"https:\/\/vbd.dev.sumena.ee\/en\/wp-json\/wp\/v2\/product\/363414","targetHints":{"allow":["GET"]}}],"collection":[{"href":"https:\/\/vbd.dev.sumena.ee\/en\/wp-json\/wp\/v2\/product"}],"about":[{"href":"https:\/\/vbd.dev.sumena.ee\/en\/wp-json\/wp\/v2\/types\/product"}],"replies":[{"embeddable":true,"href":"https:\/\/vbd.dev.sumena.ee\/en\/wp-json\/wp\/v2\/comments?post=363414"}],"wp:featuredmedia":[{"embeddable":true,"href":"https:\/\/vbd.dev.sumena.ee\/en\/wp-json\/wp\/v2\/media\/363417"}],"wp:attachment":[{"href":"https:\/\/vbd.dev.sumena.ee\/en\/wp-json\/wp\/v2\/media?parent=363414"}],"wp:term":[{"taxonomy":"product_brand","embeddable":true,"href":"https:\/\/vbd.dev.sumena.ee\/en\/wp-json\/wp\/v2\/product_brand?post=363414"},{"taxonomy":"product_cat","embeddable":true,"href":"https:\/\/vbd.dev.sumena.ee\/en\/wp-json\/wp\/v2\/product_cat?post=363414"},{"taxonomy":"product_tag","embeddable":true,"href":"https:\/\/vbd.dev.sumena.ee\/en\/wp-json\/wp\/v2\/product_tag?post=363414"}],"curies":[{"name":"wp","href":"https:\/\/api.w.org\/{rel}","templated":true}]}}