{"id":363377,"date":"2026-02-06T22:07:17","date_gmt":"2026-02-06T19:07:17","guid":{"rendered":"https:\/\/vbd.dev.sumena.ee\/?post_type=product&#038;p=363377"},"modified":"2026-02-10T00:04:35","modified_gmt":"2026-02-09T21:04:35","slug":"noudepesumasina-tabletid-all-in-1-extra-somat-75tk","status":"publish","type":"product","link":"https:\/\/vbd.dev.sumena.ee\/en\/product-2\/noudepesumasina-tabletid-all-in-1-extra-somat-75tk\/","title":{"rendered":"N\u00f5udepesumasina tabletid All in 1 Extra, Somat, 75tk"},"content":{"rendered":"<dl class=\"b-product-info--info-2\">\n<dd>Somat All in 1 Extra n\u00f5udepesumasina tableti kiire ja v\u00f5imas valem asub v\u00f5itlusse k\u00f5ige t\u00f5rksama mustusega isegi madala temperatuuriga ECO v\u00f5i madala temperatuuriga l\u00fchipesuprogrammide kasutamisel. See ei j\u00e4ta soovimatuid j\u00e4\u00e4ke.<\/dd>\n<\/dl>","protected":false},"excerpt":{"rendered":"<p>Somat All in 1 Extra n\u00f5udepesumasina tableti kiire ja v\u00f5imas valem asub v\u00f5itlusse k\u00f5ige t\u00f5rksama mustusega isegi madala temperatuuriga ECO v\u00f5i madala temperatuuriga l\u00fchipesuprogrammide kasutamisel. See ei j\u00e4ta soovimatuid j\u00e4\u00e4ke.<\/p>","protected":false},"featured_media":363378,"comment_status":"open","ping_status":"closed","template":"","meta":{"_acf_changed":false},"product_brand":[],"product_cat":[185,88],"product_tag":[],"class_list":{"0":"post-363377","1":"product","2":"type-product","3":"status-publish","4":"has-post-thumbnail","6":"product_cat-puhastus-ja-koristusvahendid","7":"product_cat-tarbekaubad-tooted","9":"first","10":"instock","11":"sale","12":"taxable","13":"shipping-taxable","14":"purchasable","15":"product-type-simple"},"supplier_id":null,"supplier_sku":"","barcode":null,"atum_controlled":true,"out_stock_date":null,"out_stock_threshold":null,"inheritable":false,"inbound_stock":0,"stock_on_hold":0,"sold_today":0,"sales_last_days":11,"reserved_stock":0,"customer_returns":0,"warehouse_damage":0,"lost_in_post":0,"other_logs":0,"out_stock_days":0,"lost_sales":0,"has_location":false,"update_date":"2026-02-12T08:55:21","atum_locations":[],"atum_stock_status":"instock","restock_status":false,"low_stock_amount":"","sales_update_date":"2026-02-12T08:55:12","calc_backorders":null,"acf":[],"_links":{"self":[{"href":"https:\/\/vbd.dev.sumena.ee\/en\/wp-json\/wp\/v2\/product\/363377","targetHints":{"allow":["GET"]}}],"collection":[{"href":"https:\/\/vbd.dev.sumena.ee\/en\/wp-json\/wp\/v2\/product"}],"about":[{"href":"https:\/\/vbd.dev.sumena.ee\/en\/wp-json\/wp\/v2\/types\/product"}],"replies":[{"embeddable":true,"href":"https:\/\/vbd.dev.sumena.ee\/en\/wp-json\/wp\/v2\/comments?post=363377"}],"wp:featuredmedia":[{"embeddable":true,"href":"https:\/\/vbd.dev.sumena.ee\/en\/wp-json\/wp\/v2\/media\/363378"}],"wp:attachment":[{"href":"https:\/\/vbd.dev.sumena.ee\/en\/wp-json\/wp\/v2\/media?parent=363377"}],"wp:term":[{"taxonomy":"product_brand","embeddable":true,"href":"https:\/\/vbd.dev.sumena.ee\/en\/wp-json\/wp\/v2\/product_brand?post=363377"},{"taxonomy":"product_cat","embeddable":true,"href":"https:\/\/vbd.dev.sumena.ee\/en\/wp-json\/wp\/v2\/product_cat?post=363377"},{"taxonomy":"product_tag","embeddable":true,"href":"https:\/\/vbd.dev.sumena.ee\/en\/wp-json\/wp\/v2\/product_tag?post=363377"}],"curies":[{"name":"wp","href":"https:\/\/api.w.org\/{rel}","templated":true}]}}