{"id":363314,"date":"2026-02-06T19:50:48","date_gmt":"2026-02-06T16:50:48","guid":{"rendered":"https:\/\/vbd.dev.sumena.ee\/?post_type=product&#038;p=363314"},"modified":"2026-02-12T16:37:24","modified_gmt":"2026-02-12T13:37:24","slug":"hambahari-zig-zag-soft-colgate","status":"publish","type":"product","link":"https:\/\/vbd.dev.sumena.ee\/en\/product-2\/hambahari-zig-zag-soft-colgate\/","title":{"rendered":"Hambahari Zig Zag Soft, Colgate"},"content":{"rendered":"<p>S\u00e4rav naeratus ja v\u00e4rske hinge\u00f5hk on v\u00f5lu v\u00f5tmeelemendid. Ideaalse tulemuse saavutamiseks on vajalik kvaliteetne t\u00f6\u00f6riist \u2014 Colgate Zig Zag Soft hambahari. See on loodud tagama suu s\u00fcgava ja p\u00f5hjaliku puhastuse. Selle ainulaadsed ristipidi harjased eemaldavad h\u00f5lpsasti toiduosakesed, hambakatu ja bakterid, sealhulgas keelelt, ennetades halva hinge\u00f5hu teket.<\/p>","protected":false},"excerpt":{"rendered":"<p>S\u00e4rav naeratus ja v\u00e4rske hinge\u00f5hk on v\u00f5lu v\u00f5tmeelemendid. Ideaalse tulemuse saavutamiseks on vajalik kvaliteetne t\u00f6\u00f6riist \u2014 Colgate Zig Zag Soft hambahari. See on loodud tagama suu s\u00fcgava ja p\u00f5hjaliku puhastuse. Selle ainulaadsed ristipidi harjased eemaldavad h\u00f5lpsasti toiduosakesed, hambakatu ja bakterid, sealhulgas keelelt, ennetades halva hinge\u00f5hu teket.<\/p>","protected":false},"featured_media":363315,"comment_status":"open","ping_status":"closed","template":"","meta":{"_acf_changed":false},"product_brand":[],"product_cat":[155,104],"product_tag":[],"class_list":{"0":"post-363314","1":"product","2":"type-product","3":"status-publish","4":"has-post-thumbnail","6":"product_cat-suuhooldus","7":"product_cat-enesehooldus","9":"first","10":"instock","11":"sale","12":"taxable","13":"shipping-taxable","14":"purchasable","15":"product-type-simple"},"supplier_id":null,"supplier_sku":"","barcode":null,"atum_controlled":true,"out_stock_date":null,"out_stock_threshold":null,"inheritable":false,"inbound_stock":0,"stock_on_hold":4,"sold_today":3,"sales_last_days":91,"reserved_stock":0,"customer_returns":0,"warehouse_damage":0,"lost_in_post":0,"other_logs":0,"out_stock_days":0,"lost_sales":0,"has_location":false,"update_date":"2026-02-12T13:40:19","atum_locations":[],"atum_stock_status":"instock","restock_status":false,"low_stock_amount":"","sales_update_date":"2026-02-12T13:40:09","calc_backorders":null,"acf":[],"_links":{"self":[{"href":"https:\/\/vbd.dev.sumena.ee\/en\/wp-json\/wp\/v2\/product\/363314","targetHints":{"allow":["GET"]}}],"collection":[{"href":"https:\/\/vbd.dev.sumena.ee\/en\/wp-json\/wp\/v2\/product"}],"about":[{"href":"https:\/\/vbd.dev.sumena.ee\/en\/wp-json\/wp\/v2\/types\/product"}],"replies":[{"embeddable":true,"href":"https:\/\/vbd.dev.sumena.ee\/en\/wp-json\/wp\/v2\/comments?post=363314"}],"wp:featuredmedia":[{"embeddable":true,"href":"https:\/\/vbd.dev.sumena.ee\/en\/wp-json\/wp\/v2\/media\/363315"}],"wp:attachment":[{"href":"https:\/\/vbd.dev.sumena.ee\/en\/wp-json\/wp\/v2\/media?parent=363314"}],"wp:term":[{"taxonomy":"product_brand","embeddable":true,"href":"https:\/\/vbd.dev.sumena.ee\/en\/wp-json\/wp\/v2\/product_brand?post=363314"},{"taxonomy":"product_cat","embeddable":true,"href":"https:\/\/vbd.dev.sumena.ee\/en\/wp-json\/wp\/v2\/product_cat?post=363314"},{"taxonomy":"product_tag","embeddable":true,"href":"https:\/\/vbd.dev.sumena.ee\/en\/wp-json\/wp\/v2\/product_tag?post=363314"}],"curies":[{"name":"wp","href":"https:\/\/api.w.org\/{rel}","templated":true}]}}