{"id":363298,"date":"2026-02-06T19:34:48","date_gmt":"2026-02-06T16:34:48","guid":{"rendered":"https:\/\/vbd.dev.sumena.ee\/?post_type=product&#038;p=363298"},"modified":"2026-02-11T17:21:04","modified_gmt":"2026-02-11T14:21:04","slug":"suuvesi-spearmint-listerine-250ml","status":"publish","type":"product","link":"https:\/\/vbd.dev.sumena.ee\/en\/product-2\/suuvesi-spearmint-listerine-250ml\/","title":{"rendered":"Suuvesi Spearmint, Listerine, 250ml"},"content":{"rendered":"<p>Listerine Spearmint Suuvesi loodi selleks, et tugevdada hambapasta toimet, tugevdada hambaemaili, luua barj\u00e4\u00e4ri bakteriaalse hambakatu vastu ja k\u00f5rvaldada halb hinge\u00f5hk. Kontsentreeritud suuvesi tagab intensiivse hoolduse, mis soodustab tervete hammaste ja igemete tervist ning aitab s\u00e4ilitada s\u00e4ravat naeratust paljudeks aastateks.<\/p>","protected":false},"excerpt":{"rendered":"<p>Listerine Spearmint Suuvesi loodi selleks, et tugevdada hambapasta toimet, tugevdada hambaemaili, luua barj\u00e4\u00e4ri bakteriaalse hambakatu vastu ja k\u00f5rvaldada halb hinge\u00f5hk. Kontsentreeritud suuvesi tagab intensiivse hoolduse, mis soodustab tervete hammaste ja igemete tervist ning aitab s\u00e4ilitada s\u00e4ravat naeratust paljudeks aastateks.<\/p>","protected":false},"featured_media":363307,"comment_status":"open","ping_status":"closed","template":"","meta":{"_acf_changed":false},"product_brand":[],"product_cat":[155],"product_tag":[],"class_list":{"0":"post-363298","1":"product","2":"type-product","3":"status-publish","4":"has-post-thumbnail","6":"product_cat-suuhooldus","8":"first","9":"instock","10":"sale","11":"taxable","12":"shipping-taxable","13":"purchasable","14":"product-type-simple"},"supplier_id":null,"supplier_sku":"","barcode":null,"atum_controlled":true,"out_stock_date":null,"out_stock_threshold":null,"inheritable":false,"inbound_stock":0,"stock_on_hold":1,"sold_today":0,"sales_last_days":21,"reserved_stock":0,"customer_returns":0,"warehouse_damage":0,"lost_in_post":0,"other_logs":0,"out_stock_days":0,"lost_sales":0,"has_location":false,"update_date":"2026-02-12T15:13:27","atum_locations":[],"atum_stock_status":"instock","restock_status":false,"low_stock_amount":"","sales_update_date":"2026-02-12T15:13:19","calc_backorders":null,"acf":[],"_links":{"self":[{"href":"https:\/\/vbd.dev.sumena.ee\/en\/wp-json\/wp\/v2\/product\/363298","targetHints":{"allow":["GET"]}}],"collection":[{"href":"https:\/\/vbd.dev.sumena.ee\/en\/wp-json\/wp\/v2\/product"}],"about":[{"href":"https:\/\/vbd.dev.sumena.ee\/en\/wp-json\/wp\/v2\/types\/product"}],"replies":[{"embeddable":true,"href":"https:\/\/vbd.dev.sumena.ee\/en\/wp-json\/wp\/v2\/comments?post=363298"}],"wp:featuredmedia":[{"embeddable":true,"href":"https:\/\/vbd.dev.sumena.ee\/en\/wp-json\/wp\/v2\/media\/363307"}],"wp:attachment":[{"href":"https:\/\/vbd.dev.sumena.ee\/en\/wp-json\/wp\/v2\/media?parent=363298"}],"wp:term":[{"taxonomy":"product_brand","embeddable":true,"href":"https:\/\/vbd.dev.sumena.ee\/en\/wp-json\/wp\/v2\/product_brand?post=363298"},{"taxonomy":"product_cat","embeddable":true,"href":"https:\/\/vbd.dev.sumena.ee\/en\/wp-json\/wp\/v2\/product_cat?post=363298"},{"taxonomy":"product_tag","embeddable":true,"href":"https:\/\/vbd.dev.sumena.ee\/en\/wp-json\/wp\/v2\/product_tag?post=363298"}],"curies":[{"name":"wp","href":"https:\/\/api.w.org\/{rel}","templated":true}]}}