{"id":363106,"date":"2026-02-06T17:49:38","date_gmt":"2026-02-06T14:49:38","guid":{"rendered":"https:\/\/vbd.dev.sumena.ee\/?post_type=product&#038;p=363106"},"modified":"2026-02-11T01:48:09","modified_gmt":"2026-02-10T22:48:09","slug":"hambapasta-parodontax-classic-75ml","status":"publish","type":"product","link":"https:\/\/vbd.dev.sumena.ee\/en\/product-2\/hambapasta-parodontax-classic-75ml\/","title":{"rendered":"Hambapasta Parodontax Classic 75ml"},"content":{"rendered":"<p>Parodontax Classic on fluoriidivaba hambapasta igap\u00e4evaseks kasutamiseks, mis aitab eemaldada hambakattu tekitavaid baktereid, mis v\u00f5ivad viia veritsevate igemete tekkeni \u2013 hambap\u00f5letiku n\u00e4hud. J\u00e4tab teie suhu puhta tunde, hoiab igemed terved, hambad tugevad ja hinge\u00f5hu v\u00e4rske.<\/p>\n<p>Kasutamisjuhised<br \/>\nJ\u00c4RGIGE ALATI M\u00c4RGISTUST ETIKETIL. Peske hambaid kaks korda, kuid mitte \u00fcle kolme korra p\u00e4evas, p\u00fc\u00fcdes hambapastat mitte alla neelata, vaid valja s\u00fclitada.<\/p>\n<p>Koostisosade loetelu<br \/>\nFLUORIIDIVABA HAMBAPASTA<\/p>","protected":false},"excerpt":{"rendered":"<p>Parodontax Classic on fluoriidivaba hambapasta igap\u00e4evaseks kasutamiseks, mis aitab eemaldada hambakattu tekitavaid baktereid, mis v\u00f5ivad viia veritsevate igemete tekkeni \u2013 hambap\u00f5letiku n\u00e4hud. J\u00e4tab teie suhu puhta tunde, hoiab igemed terved, hambad tugevad ja hinge\u00f5hu v\u00e4rske. Kasutamisjuhised J\u00c4RGIGE ALATI M\u00c4RGISTUST ETIKETIL. Peske hambaid kaks korda, kuid mitte \u00fcle kolme korra p\u00e4evas, p\u00fc\u00fcdes hambapastat mitte alla neelata, [&hellip;]<\/p>","protected":false},"featured_media":363111,"comment_status":"open","ping_status":"closed","template":"","meta":{"_acf_changed":false},"product_brand":[],"product_cat":[155,104],"product_tag":[],"class_list":{"0":"post-363106","1":"product","2":"type-product","3":"status-publish","4":"has-post-thumbnail","6":"product_cat-suuhooldus","7":"product_cat-enesehooldus","9":"first","10":"instock","11":"sale","12":"taxable","13":"shipping-taxable","14":"purchasable","15":"product-type-simple"},"supplier_id":null,"supplier_sku":"","barcode":null,"atum_controlled":true,"out_stock_date":null,"out_stock_threshold":null,"inheritable":false,"inbound_stock":0,"stock_on_hold":4,"sold_today":0,"sales_last_days":23,"reserved_stock":0,"customer_returns":0,"warehouse_damage":0,"lost_in_post":0,"other_logs":0,"out_stock_days":0,"lost_sales":0,"has_location":false,"update_date":"2026-02-12T10:55:43","atum_locations":[],"atum_stock_status":"instock","restock_status":true,"low_stock_amount":"","sales_update_date":"2026-02-12T10:55:34","calc_backorders":null,"acf":[],"_links":{"self":[{"href":"https:\/\/vbd.dev.sumena.ee\/en\/wp-json\/wp\/v2\/product\/363106","targetHints":{"allow":["GET"]}}],"collection":[{"href":"https:\/\/vbd.dev.sumena.ee\/en\/wp-json\/wp\/v2\/product"}],"about":[{"href":"https:\/\/vbd.dev.sumena.ee\/en\/wp-json\/wp\/v2\/types\/product"}],"replies":[{"embeddable":true,"href":"https:\/\/vbd.dev.sumena.ee\/en\/wp-json\/wp\/v2\/comments?post=363106"}],"wp:featuredmedia":[{"embeddable":true,"href":"https:\/\/vbd.dev.sumena.ee\/en\/wp-json\/wp\/v2\/media\/363111"}],"wp:attachment":[{"href":"https:\/\/vbd.dev.sumena.ee\/en\/wp-json\/wp\/v2\/media?parent=363106"}],"wp:term":[{"taxonomy":"product_brand","embeddable":true,"href":"https:\/\/vbd.dev.sumena.ee\/en\/wp-json\/wp\/v2\/product_brand?post=363106"},{"taxonomy":"product_cat","embeddable":true,"href":"https:\/\/vbd.dev.sumena.ee\/en\/wp-json\/wp\/v2\/product_cat?post=363106"},{"taxonomy":"product_tag","embeddable":true,"href":"https:\/\/vbd.dev.sumena.ee\/en\/wp-json\/wp\/v2\/product_tag?post=363106"}],"curies":[{"name":"wp","href":"https:\/\/api.w.org\/{rel}","templated":true}]}}