{"id":363066,"date":"2026-02-06T16:22:38","date_gmt":"2026-02-06T13:22:38","guid":{"rendered":"https:\/\/vbd.dev.sumena.ee\/?post_type=product&#038;p=363066"},"modified":"2026-02-12T18:17:48","modified_gmt":"2026-02-12T15:17:48","slug":"noudepesumasina-loputusvedelik-at-home-clean-500-ml","status":"publish","type":"product","link":"https:\/\/vbd.dev.sumena.ee\/en\/product-2\/noudepesumasina-loputusvedelik-at-home-clean-500-ml\/","title":{"rendered":"N\u00f5udepesumasina loputusvedelik, At Home Clean, 500 ml"},"content":{"rendered":"<p>N\u00f5udepesumasina loputusvahend hoiab \u00e4ra veeplekkide tekkimise. Kaitseb klaasn\u00f5usid h\u00e4gustumise ja korrosiooni eest.<br \/>\nKiirendab kuivamist p\u00e4rast masinpesu. Sobib k\u00f5ikides n\u00f5udepesumasinates.<br \/>\nT\u00f5hus, kuid \u00f5rn koostis!<\/p>","protected":false},"excerpt":{"rendered":"<p>N\u00f5udepesumasina loputusvahend hoiab \u00e4ra veeplekkide tekkimise. Kaitseb klaasn\u00f5usid h\u00e4gustumise ja korrosiooni eest. Kiirendab kuivamist p\u00e4rast masinpesu. Sobib k\u00f5ikides n\u00f5udepesumasinates. T\u00f5hus, kuid \u00f5rn koostis!<\/p>","protected":false},"featured_media":363068,"comment_status":"open","ping_status":"closed","template":"","meta":{"_acf_changed":false},"product_brand":[],"product_cat":[185,88],"product_tag":[],"class_list":{"0":"post-363066","1":"product","2":"type-product","3":"status-publish","4":"has-post-thumbnail","6":"product_cat-puhastus-ja-koristusvahendid","7":"product_cat-tarbekaubad-tooted","9":"first","10":"instock","11":"sale","12":"taxable","13":"shipping-taxable","14":"purchasable","15":"product-type-simple"},"supplier_id":null,"supplier_sku":"","barcode":null,"atum_controlled":true,"out_stock_date":null,"out_stock_threshold":null,"inheritable":false,"inbound_stock":0,"stock_on_hold":5,"sold_today":5,"sales_last_days":45,"reserved_stock":0,"customer_returns":0,"warehouse_damage":0,"lost_in_post":0,"other_logs":0,"out_stock_days":0,"lost_sales":0,"has_location":false,"update_date":"2026-02-12T15:19:03","atum_locations":[],"atum_stock_status":"instock","restock_status":false,"low_stock_amount":"","sales_update_date":"2026-02-12T15:18:54","calc_backorders":null,"acf":[],"_links":{"self":[{"href":"https:\/\/vbd.dev.sumena.ee\/en\/wp-json\/wp\/v2\/product\/363066","targetHints":{"allow":["GET"]}}],"collection":[{"href":"https:\/\/vbd.dev.sumena.ee\/en\/wp-json\/wp\/v2\/product"}],"about":[{"href":"https:\/\/vbd.dev.sumena.ee\/en\/wp-json\/wp\/v2\/types\/product"}],"replies":[{"embeddable":true,"href":"https:\/\/vbd.dev.sumena.ee\/en\/wp-json\/wp\/v2\/comments?post=363066"}],"wp:featuredmedia":[{"embeddable":true,"href":"https:\/\/vbd.dev.sumena.ee\/en\/wp-json\/wp\/v2\/media\/363068"}],"wp:attachment":[{"href":"https:\/\/vbd.dev.sumena.ee\/en\/wp-json\/wp\/v2\/media?parent=363066"}],"wp:term":[{"taxonomy":"product_brand","embeddable":true,"href":"https:\/\/vbd.dev.sumena.ee\/en\/wp-json\/wp\/v2\/product_brand?post=363066"},{"taxonomy":"product_cat","embeddable":true,"href":"https:\/\/vbd.dev.sumena.ee\/en\/wp-json\/wp\/v2\/product_cat?post=363066"},{"taxonomy":"product_tag","embeddable":true,"href":"https:\/\/vbd.dev.sumena.ee\/en\/wp-json\/wp\/v2\/product_tag?post=363066"}],"curies":[{"name":"wp","href":"https:\/\/api.w.org\/{rel}","templated":true}]}}