{"id":363045,"date":"2026-02-06T15:56:35","date_gmt":"2026-02-06T12:56:35","guid":{"rendered":"https:\/\/vbd.dev.sumena.ee\/?post_type=product&#038;p=363045"},"modified":"2026-02-12T14:50:40","modified_gmt":"2026-02-12T11:50:40","slug":"narimiskommid-mentos-puuvilja-3x38g","status":"publish","type":"product","link":"https:\/\/vbd.dev.sumena.ee\/en\/product-2\/narimiskommid-mentos-puuvilja-3x38g\/","title":{"rendered":"N\u00e4rimiskommid Mentos Puuvilja 3x38g"},"content":{"rendered":"<p>Puuviljamaitselised Mentos n\u00e4rimiskommid 3x38g<\/p>\n<p><strong>Ingredients:<\/strong> suhkur, gl\u00fckoosisiirup, kontsentraadist puuviljamahlad (maasika-, apelsini-, sidrunimahlad) (2%), kookos\u00f5li, happesuse regulaator (sidrunhape), t\u00e4rklis, kakaov\u00f5i, l\u00f5hna- ja maitseained, maltodekstriin, paksendajad (gellankummi, tsellulooskummi, kummiaraabik), emulgaator (rasvhapete sahharoosiestrid), glaseeraine (karnaubavaha), toiduv\u00e4rvid (beetakaroteen, peedipunane).<\/p>","protected":false},"excerpt":{"rendered":"<p>Puuviljamaitselised Mentos n\u00e4rimiskommid 3x38g Koostisosad: suhkur, gl\u00fckoosisiirup, kontsentraadist puuviljamahlad (maasika-, apelsini-, sidrunimahlad) (2%), kookos\u00f5li, happesuse regulaator (sidrunhape), t\u00e4rklis, kakaov\u00f5i, l\u00f5hna- ja maitseained, maltodekstriin, paksendajad (gellankummi, tsellulooskummi, kummiaraabik), emulgaator (rasvhapete sahharoosiestrid), glaseeraine (karnaubavaha), toiduv\u00e4rvid (beetakaroteen, peedipunane).<\/p>","protected":false},"featured_media":363052,"comment_status":"open","ping_status":"closed","template":"","meta":{"_acf_changed":false},"product_brand":[],"product_cat":[77,78],"product_tag":[],"class_list":{"0":"post-363045","1":"product","2":"type-product","3":"status-publish","4":"has-post-thumbnail","6":"product_cat-maiustused","7":"product_cat-kommid","9":"first","10":"instock","11":"sale","12":"taxable","13":"shipping-taxable","14":"purchasable","15":"product-type-simple"},"supplier_id":null,"supplier_sku":"","barcode":null,"atum_controlled":true,"out_stock_date":null,"out_stock_threshold":null,"inheritable":false,"inbound_stock":0,"stock_on_hold":37,"sold_today":33,"sales_last_days":246,"reserved_stock":0,"customer_returns":0,"warehouse_damage":0,"lost_in_post":0,"other_logs":0,"out_stock_days":0,"lost_sales":0,"has_location":false,"update_date":"2026-02-12T13:12:58","atum_locations":[],"atum_stock_status":"instock","restock_status":true,"low_stock_amount":"","sales_update_date":"2026-02-12T13:12:49","calc_backorders":null,"acf":[],"_links":{"self":[{"href":"https:\/\/vbd.dev.sumena.ee\/en\/wp-json\/wp\/v2\/product\/363045","targetHints":{"allow":["GET"]}}],"collection":[{"href":"https:\/\/vbd.dev.sumena.ee\/en\/wp-json\/wp\/v2\/product"}],"about":[{"href":"https:\/\/vbd.dev.sumena.ee\/en\/wp-json\/wp\/v2\/types\/product"}],"replies":[{"embeddable":true,"href":"https:\/\/vbd.dev.sumena.ee\/en\/wp-json\/wp\/v2\/comments?post=363045"}],"wp:featuredmedia":[{"embeddable":true,"href":"https:\/\/vbd.dev.sumena.ee\/en\/wp-json\/wp\/v2\/media\/363052"}],"wp:attachment":[{"href":"https:\/\/vbd.dev.sumena.ee\/en\/wp-json\/wp\/v2\/media?parent=363045"}],"wp:term":[{"taxonomy":"product_brand","embeddable":true,"href":"https:\/\/vbd.dev.sumena.ee\/en\/wp-json\/wp\/v2\/product_brand?post=363045"},{"taxonomy":"product_cat","embeddable":true,"href":"https:\/\/vbd.dev.sumena.ee\/en\/wp-json\/wp\/v2\/product_cat?post=363045"},{"taxonomy":"product_tag","embeddable":true,"href":"https:\/\/vbd.dev.sumena.ee\/en\/wp-json\/wp\/v2\/product_tag?post=363045"}],"curies":[{"name":"wp","href":"https:\/\/api.w.org\/{rel}","templated":true}]}}