{"id":363038,"date":"2026-02-06T13:45:37","date_gmt":"2026-02-06T10:45:37","guid":{"rendered":"https:\/\/vbd.dev.sumena.ee\/?post_type=product&#038;p=363038"},"modified":"2026-02-11T18:29:02","modified_gmt":"2026-02-11T15:29:02","slug":"kinkekomplekt-puhaderoom-nopri-340-g","status":"publish","type":"product","link":"https:\/\/vbd.dev.sumena.ee\/en\/product-2\/kinkekomplekt-puhaderoom-nopri-340-g\/","title":{"rendered":"Kinkekomplekt P\u00fchader\u00f5\u00f5m, NOPRI, 340 g"},"content":{"rendered":"<p><strong>Kinkepaki sisu:<\/strong><\/p>\n<ul>\n<li>Nopri Gouda Eksklusiiv\u00a0 12 kuud, 200g<\/li>\n<li>Nopri Juustu\u0161okolaad 100g<\/li>\n<li>Nopri Mee-sinepikaste tilliga 40g<\/li>\n<\/ul>\n<p>&nbsp;<\/p>\n<p>Allergeenid:\u00a0piim, sinepiseemned, soja<br \/>\nS\u00e4ilitamine: \u00a0+2&#8230;+20 C. Soovitatav hoiustada jahedas<br \/>\nPakend:<strong>\u00a0<\/strong>kinkekarp, juustud vaakumpakendis, kaste klaaspurgis, \u0161okolaad karbis.<\/p>","protected":false},"excerpt":{"rendered":"<p>Kinkepaki sisu: Nopri Gouda Eksklusiiv\u00a0 12 kuud, 200g Nopri Juustu\u0161okolaad 100g Nopri Mee-sinepikaste tilliga 40g &nbsp; Allergeenid:\u00a0piim, sinepiseemned, soja S\u00e4ilitamine: \u00a0+2&#8230;+20 C. Soovitatav hoiustada jahedas Pakend:\u00a0kinkekarp, juustud vaakumpakendis, kaste klaaspurgis, \u0161okolaad karbis.<\/p>","protected":false},"featured_media":363039,"comment_status":"open","ping_status":"closed","template":"","meta":{"_acf_changed":false},"product_brand":[],"product_cat":[80,82],"product_tag":[],"class_list":{"0":"post-363038","1":"product","2":"type-product","3":"status-publish","4":"has-post-thumbnail","6":"product_cat-snakid","7":"product_cat-muu-hea","9":"first","10":"instock","11":"sale","12":"taxable","13":"shipping-taxable","14":"purchasable","15":"product-type-simple"},"supplier_id":null,"supplier_sku":"","barcode":null,"atum_controlled":true,"out_stock_date":null,"out_stock_threshold":null,"inheritable":false,"inbound_stock":0,"stock_on_hold":0,"sold_today":0,"sales_last_days":2,"reserved_stock":0,"customer_returns":0,"warehouse_damage":0,"lost_in_post":0,"other_logs":0,"out_stock_days":0,"lost_sales":0,"has_location":false,"update_date":"2026-02-11T15:29:06","atum_locations":[],"atum_stock_status":"instock","restock_status":false,"low_stock_amount":"","sales_update_date":"2026-02-11T11:23:49","calc_backorders":null,"acf":[],"_links":{"self":[{"href":"https:\/\/vbd.dev.sumena.ee\/en\/wp-json\/wp\/v2\/product\/363038","targetHints":{"allow":["GET"]}}],"collection":[{"href":"https:\/\/vbd.dev.sumena.ee\/en\/wp-json\/wp\/v2\/product"}],"about":[{"href":"https:\/\/vbd.dev.sumena.ee\/en\/wp-json\/wp\/v2\/types\/product"}],"replies":[{"embeddable":true,"href":"https:\/\/vbd.dev.sumena.ee\/en\/wp-json\/wp\/v2\/comments?post=363038"}],"wp:featuredmedia":[{"embeddable":true,"href":"https:\/\/vbd.dev.sumena.ee\/en\/wp-json\/wp\/v2\/media\/363039"}],"wp:attachment":[{"href":"https:\/\/vbd.dev.sumena.ee\/en\/wp-json\/wp\/v2\/media?parent=363038"}],"wp:term":[{"taxonomy":"product_brand","embeddable":true,"href":"https:\/\/vbd.dev.sumena.ee\/en\/wp-json\/wp\/v2\/product_brand?post=363038"},{"taxonomy":"product_cat","embeddable":true,"href":"https:\/\/vbd.dev.sumena.ee\/en\/wp-json\/wp\/v2\/product_cat?post=363038"},{"taxonomy":"product_tag","embeddable":true,"href":"https:\/\/vbd.dev.sumena.ee\/en\/wp-json\/wp\/v2\/product_tag?post=363038"}],"curies":[{"name":"wp","href":"https:\/\/api.w.org\/{rel}","templated":true}]}}