{"id":363028,"date":"2026-02-06T13:40:16","date_gmt":"2026-02-06T10:40:16","guid":{"rendered":"https:\/\/vbd.dev.sumena.ee\/?post_type=product&#038;p=363028"},"modified":"2026-02-12T17:10:17","modified_gmt":"2026-02-12T14:10:17","slug":"kinkekomplekt-talumaagia-nopri-725-g","status":"publish","type":"product","link":"https:\/\/vbd.dev.sumena.ee\/en\/product-2\/kinkekomplekt-talumaagia-nopri-725-g\/","title":{"rendered":"Kinkekomplekt Talumaagia, NOPRI, 725 g"},"content":{"rendered":"<p><strong>Kinkepaki sisu:<\/strong><\/p>\n<ul>\n<li>Nopri Gouda Kreeka p\u00e4hkli, 200g<\/li>\n<li>Nopri Gouda Kuusev\u00f5rse, 200g<\/li>\n<li>Nopri Gouda T\u0161illi, 200g<\/li>\n<li>J\u00f5ulumoos 125g<\/li>\n<\/ul>\n<p>&nbsp;<\/p>\n<p>Allergeenid: piim<br \/>\nS\u00e4ilitamine: \u00a0+2&#8230;+20 C.<br \/>\nPakend:\u00a0kinkekarp, juustud vaakumpakendis<\/p>","protected":false},"excerpt":{"rendered":"<p>Kinkepaki sisu: Nopri Gouda Kreeka p\u00e4hkli, 200g Nopri Gouda Kuusev\u00f5rse, 200g Nopri Gouda T\u0161illi, 200g J\u00f5ulumoos 125g &nbsp; Allergeenid: piim S\u00e4ilitamine: \u00a0+2&#8230;+20 C. Pakend:\u00a0kinkekarp, juustud vaakumpakendis<\/p>","protected":false},"featured_media":363032,"comment_status":"open","ping_status":"closed","template":"","meta":{"_acf_changed":false},"product_brand":[],"product_cat":[80,82],"product_tag":[],"class_list":{"0":"post-363028","1":"product","2":"type-product","3":"status-publish","4":"has-post-thumbnail","6":"product_cat-snakid","7":"product_cat-muu-hea","9":"first","10":"instock","11":"sale","12":"taxable","13":"shipping-taxable","14":"purchasable","15":"product-type-simple"},"supplier_id":null,"supplier_sku":"","barcode":null,"atum_controlled":true,"out_stock_date":null,"out_stock_threshold":null,"inheritable":false,"inbound_stock":0,"stock_on_hold":4,"sold_today":5,"sales_last_days":14,"reserved_stock":0,"customer_returns":0,"warehouse_damage":0,"lost_in_post":0,"other_logs":0,"out_stock_days":0,"lost_sales":0,"has_location":false,"update_date":"2026-02-12T14:10:41","atum_locations":[],"atum_stock_status":"instock","restock_status":true,"low_stock_amount":"","sales_update_date":"2026-02-12T14:10:32","calc_backorders":null,"acf":[],"_links":{"self":[{"href":"https:\/\/vbd.dev.sumena.ee\/en\/wp-json\/wp\/v2\/product\/363028","targetHints":{"allow":["GET"]}}],"collection":[{"href":"https:\/\/vbd.dev.sumena.ee\/en\/wp-json\/wp\/v2\/product"}],"about":[{"href":"https:\/\/vbd.dev.sumena.ee\/en\/wp-json\/wp\/v2\/types\/product"}],"replies":[{"embeddable":true,"href":"https:\/\/vbd.dev.sumena.ee\/en\/wp-json\/wp\/v2\/comments?post=363028"}],"wp:featuredmedia":[{"embeddable":true,"href":"https:\/\/vbd.dev.sumena.ee\/en\/wp-json\/wp\/v2\/media\/363032"}],"wp:attachment":[{"href":"https:\/\/vbd.dev.sumena.ee\/en\/wp-json\/wp\/v2\/media?parent=363028"}],"wp:term":[{"taxonomy":"product_brand","embeddable":true,"href":"https:\/\/vbd.dev.sumena.ee\/en\/wp-json\/wp\/v2\/product_brand?post=363028"},{"taxonomy":"product_cat","embeddable":true,"href":"https:\/\/vbd.dev.sumena.ee\/en\/wp-json\/wp\/v2\/product_cat?post=363028"},{"taxonomy":"product_tag","embeddable":true,"href":"https:\/\/vbd.dev.sumena.ee\/en\/wp-json\/wp\/v2\/product_tag?post=363028"}],"curies":[{"name":"wp","href":"https:\/\/api.w.org\/{rel}","templated":true}]}}