{"id":363025,"date":"2026-02-06T13:37:33","date_gmt":"2026-02-06T10:37:33","guid":{"rendered":"https:\/\/vbd.dev.sumena.ee\/?post_type=product&#038;p=363025"},"modified":"2026-02-12T14:46:15","modified_gmt":"2026-02-12T11:46:15","slug":"kinkekomplekt-maitsekullus-nopri-590-g","status":"publish","type":"product","link":"https:\/\/vbd.dev.sumena.ee\/en\/product-2\/kinkekomplekt-maitsekullus-nopri-590-g\/","title":{"rendered":"Kinkekomplekt Maitsek\u00fcllus, NOPRI, 590 g"},"content":{"rendered":"<p><strong>Kinkepaki sisu:<\/strong><\/p>\n<ul>\n<li>Nopri Gouda Rohelise Pesto, 200g<\/li>\n<li>Nopri Gouda Klassika, 200g<\/li>\n<li>Lehmakommid, 90g<\/li>\n<li>Pistaatsiap\u00e4hkel, 100g<\/li>\n<\/ul>\n<p>Allergeenid: piim, p\u00e4hklid<\/p>\n<p>S\u00e4ilitamine:\u00a0120 p\u00e4eva, +2&#8230;+20 C.<\/p>\n<p>Pakend:<strong>\u00a0<\/strong>kinkekarp, juustud vaakumpakendis<\/p>","protected":false},"excerpt":{"rendered":"<p>Kinkepaki sisu: Nopri Gouda Rohelise Pesto, 200g Nopri Gouda Klassika, 200g Lehmakommid, 90g Pistaatsiap\u00e4hkel, 100g Allergeenid: piim, p\u00e4hklid S\u00e4ilitamine:\u00a0120 p\u00e4eva, +2&#8230;+20 C. Pakend:\u00a0kinkekarp, juustud vaakumpakendis<\/p>","protected":false},"featured_media":363026,"comment_status":"open","ping_status":"closed","template":"","meta":{"_acf_changed":false},"product_brand":[],"product_cat":[80,82],"product_tag":[],"class_list":{"0":"post-363025","1":"product","2":"type-product","3":"status-publish","4":"has-post-thumbnail","6":"product_cat-snakid","7":"product_cat-muu-hea","9":"first","10":"instock","11":"sale","12":"taxable","13":"shipping-taxable","14":"purchasable","15":"product-type-simple"},"supplier_id":null,"supplier_sku":"","barcode":null,"atum_controlled":true,"out_stock_date":null,"out_stock_threshold":null,"inheritable":false,"inbound_stock":0,"stock_on_hold":1,"sold_today":3,"sales_last_days":15,"reserved_stock":0,"customer_returns":0,"warehouse_damage":0,"lost_in_post":0,"other_logs":0,"out_stock_days":0,"lost_sales":0,"has_location":false,"update_date":"2026-02-12T13:18:27","atum_locations":[],"atum_stock_status":"instock","restock_status":true,"low_stock_amount":"","sales_update_date":"2026-02-12T13:18:18","calc_backorders":null,"acf":[],"_links":{"self":[{"href":"https:\/\/vbd.dev.sumena.ee\/en\/wp-json\/wp\/v2\/product\/363025","targetHints":{"allow":["GET"]}}],"collection":[{"href":"https:\/\/vbd.dev.sumena.ee\/en\/wp-json\/wp\/v2\/product"}],"about":[{"href":"https:\/\/vbd.dev.sumena.ee\/en\/wp-json\/wp\/v2\/types\/product"}],"replies":[{"embeddable":true,"href":"https:\/\/vbd.dev.sumena.ee\/en\/wp-json\/wp\/v2\/comments?post=363025"}],"wp:featuredmedia":[{"embeddable":true,"href":"https:\/\/vbd.dev.sumena.ee\/en\/wp-json\/wp\/v2\/media\/363026"}],"wp:attachment":[{"href":"https:\/\/vbd.dev.sumena.ee\/en\/wp-json\/wp\/v2\/media?parent=363025"}],"wp:term":[{"taxonomy":"product_brand","embeddable":true,"href":"https:\/\/vbd.dev.sumena.ee\/en\/wp-json\/wp\/v2\/product_brand?post=363025"},{"taxonomy":"product_cat","embeddable":true,"href":"https:\/\/vbd.dev.sumena.ee\/en\/wp-json\/wp\/v2\/product_cat?post=363025"},{"taxonomy":"product_tag","embeddable":true,"href":"https:\/\/vbd.dev.sumena.ee\/en\/wp-json\/wp\/v2\/product_tag?post=363025"}],"curies":[{"name":"wp","href":"https:\/\/api.w.org\/{rel}","templated":true}]}}