{"id":363011,"date":"2026-02-06T15:19:34","date_gmt":"2026-02-06T12:19:34","guid":{"rendered":"https:\/\/vbd.dev.sumena.ee\/?post_type=product&#038;p=363011"},"modified":"2026-02-12T18:50:10","modified_gmt":"2026-02-12T15:50:10","slug":"kummikommid-hapud-maasikamaitselised-bebeto-180-g","status":"publish","type":"product","link":"https:\/\/vbd.dev.sumena.ee\/en\/product-2\/kummikommid-hapud-maasikamaitselised-bebeto-180-g\/","title":{"rendered":"Kummikommid hapud maasikamaitselised, BEBETO, 180 g"},"content":{"rendered":"<p><strong>Koostisosad<\/strong>: suhkur, gl\u00fckoosisiirup, NISUJAHU, modifitseeritud maisit\u00e4rklis, taimne rasv (palm, kookos), gl\u00fckoos, \u00f5unamahla kontsentraat, happesuse regulaator (sidrunhape), niiskuses\u00e4ilitaja (sorbitool), emulgaator (E471), v\u00e4rvaine (E150d).<\/p>","protected":false},"excerpt":{"rendered":"<p>Koostisosad: suhkur, gl\u00fckoosisiirup, NISUJAHU, modifitseeritud maisit\u00e4rklis, taimne rasv (palm, kookos), gl\u00fckoos, \u00f5unamahla kontsentraat, happesuse regulaator (sidrunhape), niiskuses\u00e4ilitaja (sorbitool), emulgaator (E471), v\u00e4rvaine (E150d).<\/p>","protected":false},"featured_media":363015,"comment_status":"open","ping_status":"closed","template":"","meta":{"_acf_changed":false},"product_brand":[],"product_cat":[77,78],"product_tag":[],"class_list":{"0":"post-363011","1":"product","2":"type-product","3":"status-publish","4":"has-post-thumbnail","6":"product_cat-maiustused","7":"product_cat-kommid","9":"first","10":"instock","11":"sale","12":"taxable","13":"shipping-taxable","14":"purchasable","15":"product-type-simple"},"supplier_id":null,"supplier_sku":"","barcode":null,"atum_controlled":true,"out_stock_date":null,"out_stock_threshold":null,"inheritable":false,"inbound_stock":0,"stock_on_hold":6,"sold_today":7,"sales_last_days":140,"reserved_stock":0,"customer_returns":0,"warehouse_damage":0,"lost_in_post":0,"other_logs":0,"out_stock_days":0,"lost_sales":0,"has_location":false,"update_date":"2026-02-12T15:51:30","atum_locations":[],"atum_stock_status":"instock","restock_status":true,"low_stock_amount":"","sales_update_date":"2026-02-12T15:51:22","calc_backorders":null,"acf":[],"_links":{"self":[{"href":"https:\/\/vbd.dev.sumena.ee\/en\/wp-json\/wp\/v2\/product\/363011","targetHints":{"allow":["GET"]}}],"collection":[{"href":"https:\/\/vbd.dev.sumena.ee\/en\/wp-json\/wp\/v2\/product"}],"about":[{"href":"https:\/\/vbd.dev.sumena.ee\/en\/wp-json\/wp\/v2\/types\/product"}],"replies":[{"embeddable":true,"href":"https:\/\/vbd.dev.sumena.ee\/en\/wp-json\/wp\/v2\/comments?post=363011"}],"wp:featuredmedia":[{"embeddable":true,"href":"https:\/\/vbd.dev.sumena.ee\/en\/wp-json\/wp\/v2\/media\/363015"}],"wp:attachment":[{"href":"https:\/\/vbd.dev.sumena.ee\/en\/wp-json\/wp\/v2\/media?parent=363011"}],"wp:term":[{"taxonomy":"product_brand","embeddable":true,"href":"https:\/\/vbd.dev.sumena.ee\/en\/wp-json\/wp\/v2\/product_brand?post=363011"},{"taxonomy":"product_cat","embeddable":true,"href":"https:\/\/vbd.dev.sumena.ee\/en\/wp-json\/wp\/v2\/product_cat?post=363011"},{"taxonomy":"product_tag","embeddable":true,"href":"https:\/\/vbd.dev.sumena.ee\/en\/wp-json\/wp\/v2\/product_tag?post=363011"}],"curies":[{"name":"wp","href":"https:\/\/api.w.org\/{rel}","templated":true}]}}