{"id":362594,"date":"2026-02-05T23:13:41","date_gmt":"2026-02-05T20:13:41","guid":{"rendered":"https:\/\/vbd.dev.sumena.ee\/?post_type=product&#038;p=362594"},"modified":"2026-02-10T20:57:28","modified_gmt":"2026-02-10T17:57:28","slug":"sokolaad-labuchoc-pistaatsia-75g","status":"publish","type":"product","link":"https:\/\/vbd.dev.sumena.ee\/en\/product-2\/sokolaad-labuchoc-pistaatsia-75g\/","title":{"rendered":"\u0160okolaad LABUCHOC Pistaatsia 75g"},"content":{"rendered":"<div class=\"woocommerce-product-details__short-description\">\n<p>Roheline \u0161okolaad, mis on t\u00e4idetud pistaatsiakreemi ja kr\u00f5beda suhkruga<\/p>\n<div class=\"woocommerce-tabs wc-tabs-wrapper\">\n<div id=\"tab-description\" class=\"woocommerce-Tabs-panel woocommerce-Tabs-panel--description panel entry-content wc-tab\" role=\"tabpanel\" aria-labelledby=\"tab-title-description\">\n<p>Koostis: PIIMAKONDITOOIDUD (53%) [suhkur, palmi\u00f5li, soolamata VADAKUPULBER (19%), PIIMAPULBER (10%), emulgaator (E322), l\u00f5hna- ja maitseained (vanilliin)], v\u00e4rvaine (E141(ii)), PISTAATSIAP\u00c4HKLITE KOOR (40%) [suhkur, p\u00e4evalille\u00f5li, L\u00d5SSIPULBER, PISTAATSIAP\u00c4HKLID (30%), emulgaator (E322), sool, looduslik l\u00f5hna- ja maitseaine (PISTAATSIAP\u00c4HKLID)], popkornkommid (7%), sahharoos, gl\u00fckoos, LAKTOOS, sidrunhape (E330), s\u00fcsinikdioksiid (E290). V\u00d5IB SISALDADA SARAPUUP\u00c4HKLEID, MANDLEISI JA MAAP\u00c4HKLEID.<\/p>\n<\/div>\n<\/div>\n<\/div>","protected":false},"excerpt":{"rendered":"<p>Roheline \u0161okolaad, mis on t\u00e4idetud pistaatsiakreemi ja kr\u00f5beda suhkruga Koostis: PIIMAKONDITOOIDUD (53%) [suhkur, palmi\u00f5li, soolamata VADAKUPULBER (19%), PIIMAPULBER (10%), emulgaator (E322), l\u00f5hna- ja maitseained (vanilliin)], v\u00e4rvaine (E141(ii)), PISTAATSIAP\u00c4HKLITE KOOR (40%) [suhkur, p\u00e4evalille\u00f5li, L\u00d5SSIPULBER, PISTAATSIAP\u00c4HKLID (30%), emulgaator (E322), sool, looduslik l\u00f5hna- ja maitseaine (PISTAATSIAP\u00c4HKLID)], popkornkommid (7%), sahharoos, gl\u00fckoos, LAKTOOS, sidrunhape (E330), s\u00fcsinikdioksiid (E290). V\u00d5IB SISALDADA SARAPUUP\u00c4HKLEID, [&hellip;]<\/p>","protected":false},"featured_media":362595,"comment_status":"open","ping_status":"closed","template":"","meta":{"_acf_changed":false},"product_brand":[],"product_cat":[77,84],"product_tag":[],"class_list":{"0":"post-362594","1":"product","2":"type-product","3":"status-publish","4":"has-post-thumbnail","6":"product_cat-maiustused","7":"product_cat-sokolaad","9":"first","10":"instock","11":"sale","12":"taxable","13":"shipping-taxable","14":"purchasable","15":"product-type-simple"},"supplier_id":null,"supplier_sku":"","barcode":null,"atum_controlled":true,"out_stock_date":null,"out_stock_threshold":null,"inheritable":false,"inbound_stock":0,"stock_on_hold":0,"sold_today":0,"sales_last_days":34,"reserved_stock":0,"customer_returns":0,"warehouse_damage":0,"lost_in_post":0,"other_logs":0,"out_stock_days":0,"lost_sales":0,"has_location":false,"update_date":"2026-02-12T15:02:02","atum_locations":[],"atum_stock_status":"instock","restock_status":true,"low_stock_amount":"","sales_update_date":"2026-02-12T15:01:53","calc_backorders":null,"acf":[],"_links":{"self":[{"href":"https:\/\/vbd.dev.sumena.ee\/en\/wp-json\/wp\/v2\/product\/362594","targetHints":{"allow":["GET"]}}],"collection":[{"href":"https:\/\/vbd.dev.sumena.ee\/en\/wp-json\/wp\/v2\/product"}],"about":[{"href":"https:\/\/vbd.dev.sumena.ee\/en\/wp-json\/wp\/v2\/types\/product"}],"replies":[{"embeddable":true,"href":"https:\/\/vbd.dev.sumena.ee\/en\/wp-json\/wp\/v2\/comments?post=362594"}],"wp:featuredmedia":[{"embeddable":true,"href":"https:\/\/vbd.dev.sumena.ee\/en\/wp-json\/wp\/v2\/media\/362595"}],"wp:attachment":[{"href":"https:\/\/vbd.dev.sumena.ee\/en\/wp-json\/wp\/v2\/media?parent=362594"}],"wp:term":[{"taxonomy":"product_brand","embeddable":true,"href":"https:\/\/vbd.dev.sumena.ee\/en\/wp-json\/wp\/v2\/product_brand?post=362594"},{"taxonomy":"product_cat","embeddable":true,"href":"https:\/\/vbd.dev.sumena.ee\/en\/wp-json\/wp\/v2\/product_cat?post=362594"},{"taxonomy":"product_tag","embeddable":true,"href":"https:\/\/vbd.dev.sumena.ee\/en\/wp-json\/wp\/v2\/product_tag?post=362594"}],"curies":[{"name":"wp","href":"https:\/\/api.w.org\/{rel}","templated":true}]}}