{"id":362592,"date":"2026-02-05T23:10:11","date_gmt":"2026-02-05T20:10:11","guid":{"rendered":"https:\/\/vbd.dev.sumena.ee\/?post_type=product&#038;p=362592"},"modified":"2026-02-09T21:05:50","modified_gmt":"2026-02-09T18:05:50","slug":"sokolaad-labuchoc-pahklitega-75-g","status":"publish","type":"product","link":"https:\/\/vbd.dev.sumena.ee\/en\/product-2\/sokolaad-labuchoc-pahklitega-75-g\/","title":{"rendered":"\u0160okolaad LABUCHOC p\u00e4hklitega 75 g"},"content":{"rendered":"<div class=\"woocommerce-tabs wc-tabs-wrapper\">\n<div id=\"tab-description\" class=\"woocommerce-Tabs-panel woocommerce-Tabs-panel--description panel entry-content wc-tab\" role=\"tabpanel\" aria-labelledby=\"tab-title-description\">\n<div class=\"woocommerce-product-details__short-description\">\n<p>Sarapuup\u00e4hklikreemi ja kr\u00f5beda suhkruga<\/p>\n<\/div>\n<p>Koostis: PIIMAkondiitritooted (65%) [suhkur, palmi\u00f5li, soolamata VADAKUPULBER (19%), PIIMAPULBER (10%), emulgaator (E322), l\u00f5hna- ja maitseained (vanilliin), v\u00e4rvaine (sinine antots\u00fcaniin (E163))], SARAPUUP\u00c4HKLIKREEM (28%) [suhkur, p\u00e4evalille\u00f5li, L\u00d5SSIPULBER, SARAPUUP\u00c4HKEL (19%), emulgaator (E322), sool, looduslik l\u00f5hna- ja maitseaine (SARAPUUP\u00c4HKEL)], popkornkommid (7%), sahharoos, gl\u00fckoos, LAKTOOS, sidrunhape (E330), s\u00fcsinikdioksiid (E290). V\u00f5ib sisaldada pistaatsiap\u00e4hkleid, mandleid ja maap\u00e4hkleid.<\/p>\n<\/div>\n<\/div>","protected":false},"excerpt":{"rendered":"<p>Sarapuup\u00e4hklikreemi ja kr\u00f5beda suhkruga Koostis: PIIMAkondiitritooted (65%) [suhkur, palmi\u00f5li, soolamata VADAKUPULBER (19%), PIIMAPULBER (10%), emulgaator (E322), l\u00f5hna- ja maitseained (vanilliin), v\u00e4rvaine (sinine antots\u00fcaniin (E163))], SARAPUUP\u00c4HKLIKREEM (28%) [suhkur, p\u00e4evalille\u00f5li, L\u00d5SSIPULBER, SARAPUUP\u00c4HKEL (19%), emulgaator (E322), sool, looduslik l\u00f5hna- ja maitseaine (SARAPUUP\u00c4HKEL)], popkornkommid (7%), sahharoos, gl\u00fckoos, LAKTOOS, sidrunhape (E330), s\u00fcsinikdioksiid (E290). V\u00f5ib sisaldada pistaatsiap\u00e4hkleid, mandleid ja maap\u00e4hkleid.<\/p>","protected":false},"featured_media":362593,"comment_status":"open","ping_status":"closed","template":"","meta":{"_acf_changed":false},"product_brand":[],"product_cat":[77,84],"product_tag":[],"class_list":{"0":"post-362592","1":"product","2":"type-product","3":"status-publish","4":"has-post-thumbnail","6":"product_cat-maiustused","7":"product_cat-sokolaad","9":"first","10":"instock","11":"sale","12":"taxable","13":"shipping-taxable","14":"purchasable","15":"product-type-simple"},"supplier_id":null,"supplier_sku":"","barcode":null,"atum_controlled":true,"out_stock_date":null,"out_stock_threshold":null,"inheritable":false,"inbound_stock":0,"stock_on_hold":0,"sold_today":0,"sales_last_days":23,"reserved_stock":0,"customer_returns":0,"warehouse_damage":0,"lost_in_post":0,"other_logs":0,"out_stock_days":0,"lost_sales":0,"has_location":false,"update_date":"2026-02-12T07:30:35","atum_locations":[],"atum_stock_status":"instock","restock_status":false,"low_stock_amount":"","sales_update_date":"2026-02-12T07:30:27","calc_backorders":null,"acf":[],"_links":{"self":[{"href":"https:\/\/vbd.dev.sumena.ee\/en\/wp-json\/wp\/v2\/product\/362592","targetHints":{"allow":["GET"]}}],"collection":[{"href":"https:\/\/vbd.dev.sumena.ee\/en\/wp-json\/wp\/v2\/product"}],"about":[{"href":"https:\/\/vbd.dev.sumena.ee\/en\/wp-json\/wp\/v2\/types\/product"}],"replies":[{"embeddable":true,"href":"https:\/\/vbd.dev.sumena.ee\/en\/wp-json\/wp\/v2\/comments?post=362592"}],"wp:featuredmedia":[{"embeddable":true,"href":"https:\/\/vbd.dev.sumena.ee\/en\/wp-json\/wp\/v2\/media\/362593"}],"wp:attachment":[{"href":"https:\/\/vbd.dev.sumena.ee\/en\/wp-json\/wp\/v2\/media?parent=362592"}],"wp:term":[{"taxonomy":"product_brand","embeddable":true,"href":"https:\/\/vbd.dev.sumena.ee\/en\/wp-json\/wp\/v2\/product_brand?post=362592"},{"taxonomy":"product_cat","embeddable":true,"href":"https:\/\/vbd.dev.sumena.ee\/en\/wp-json\/wp\/v2\/product_cat?post=362592"},{"taxonomy":"product_tag","embeddable":true,"href":"https:\/\/vbd.dev.sumena.ee\/en\/wp-json\/wp\/v2\/product_tag?post=362592"}],"curies":[{"name":"wp","href":"https:\/\/api.w.org\/{rel}","templated":true}]}}