{"id":362242,"date":"2026-02-05T00:20:12","date_gmt":"2026-02-04T21:20:12","guid":{"rendered":"https:\/\/vbd.dev.sumena.ee\/?post_type=product&#038;p=362242"},"modified":"2026-02-07T12:39:55","modified_gmt":"2026-02-07T09:39:55","slug":"ornatoimeline-ihupiim-beebidele-nurme-150ml","status":"publish","type":"product","link":"https:\/\/vbd.dev.sumena.ee\/en\/product-2\/ornatoimeline-ihupiim-beebidele-nurme-150ml\/","title":{"rendered":"\u00d5rnatoimeline ihupiim beebidele NURME 150ml"},"content":{"rendered":"<div class=\"bde-rich-text-1029153-109 bde-rich-text bde-wooproductexcerpt breakdance-woocommerce breakdance-rich-text-styles\">\n<p>\u00d5rnatoimeline ihupiim on loodud spetsiaalselt beebi \u00f5rna naha igap\u00e4evaseks hoolduseks. Selle koostis p\u00f5hineb looduslikel taimsetel \u00f5lidel ja v\u00f5idel, mis niisutavad, kaitsevad ning aitavad s\u00e4ilitada naha loomulikku tasakaalu. Kerge ja kiiresti imenduv tekstuur muudab naha pehmeks, j\u00e4tmata rasvast kihti.<\/p>\n<\/div>\n<div class=\"bde-icon-list-1029153-303 bde-icon-list\">\n<div class=\"bde-icon-list__item-wrapper\"><\/div>\n<\/div>","protected":false},"excerpt":{"rendered":"<p>\u00d5rnatoimeline ihupiim on loodud spetsiaalselt beebi \u00f5rna naha igap\u00e4evaseks hoolduseks. Selle koostis p\u00f5hineb looduslikel taimsetel \u00f5lidel ja v\u00f5idel, mis niisutavad, kaitsevad ning aitavad s\u00e4ilitada naha loomulikku tasakaalu. Kerge ja kiiresti imenduv tekstuur muudab naha pehmeks, j\u00e4tmata rasvast kihti.<\/p>","protected":false},"featured_media":362243,"comment_status":"open","ping_status":"closed","template":"","meta":{"_acf_changed":false},"product_brand":[],"product_cat":[158,104],"product_tag":[],"class_list":{"0":"post-362242","1":"product","2":"type-product","3":"status-publish","4":"has-post-thumbnail","6":"product_cat-kehahooldus","7":"product_cat-enesehooldus","9":"first","10":"instock","11":"sale","12":"taxable","13":"shipping-taxable","14":"purchasable","15":"product-type-simple"},"supplier_id":null,"supplier_sku":"","barcode":null,"atum_controlled":true,"out_stock_date":null,"out_stock_threshold":null,"inheritable":false,"inbound_stock":0,"stock_on_hold":0,"sold_today":0,"sales_last_days":5,"reserved_stock":0,"customer_returns":0,"warehouse_damage":0,"lost_in_post":0,"other_logs":0,"out_stock_days":0,"lost_sales":0,"has_location":false,"update_date":"2026-02-10T11:29:18","atum_locations":[],"atum_stock_status":"instock","restock_status":false,"low_stock_amount":"","sales_update_date":"2026-02-10T11:29:01","calc_backorders":null,"acf":[],"_links":{"self":[{"href":"https:\/\/vbd.dev.sumena.ee\/en\/wp-json\/wp\/v2\/product\/362242","targetHints":{"allow":["GET"]}}],"collection":[{"href":"https:\/\/vbd.dev.sumena.ee\/en\/wp-json\/wp\/v2\/product"}],"about":[{"href":"https:\/\/vbd.dev.sumena.ee\/en\/wp-json\/wp\/v2\/types\/product"}],"replies":[{"embeddable":true,"href":"https:\/\/vbd.dev.sumena.ee\/en\/wp-json\/wp\/v2\/comments?post=362242"}],"wp:featuredmedia":[{"embeddable":true,"href":"https:\/\/vbd.dev.sumena.ee\/en\/wp-json\/wp\/v2\/media\/362243"}],"wp:attachment":[{"href":"https:\/\/vbd.dev.sumena.ee\/en\/wp-json\/wp\/v2\/media?parent=362242"}],"wp:term":[{"taxonomy":"product_brand","embeddable":true,"href":"https:\/\/vbd.dev.sumena.ee\/en\/wp-json\/wp\/v2\/product_brand?post=362242"},{"taxonomy":"product_cat","embeddable":true,"href":"https:\/\/vbd.dev.sumena.ee\/en\/wp-json\/wp\/v2\/product_cat?post=362242"},{"taxonomy":"product_tag","embeddable":true,"href":"https:\/\/vbd.dev.sumena.ee\/en\/wp-json\/wp\/v2\/product_tag?post=362242"}],"curies":[{"name":"wp","href":"https:\/\/api.w.org\/{rel}","templated":true}]}}