{"id":361702,"date":"2026-02-03T11:25:30","date_gmt":"2026-02-03T08:25:30","guid":{"rendered":"https:\/\/vbd.dev.sumena.ee\/?post_type=product&#038;p=361702"},"modified":"2026-02-12T14:25:09","modified_gmt":"2026-02-12T11:25:09","slug":"toidukaunistus-alfi-joulupuu-suhkrupuiste-segu-30g","status":"publish","type":"product","link":"https:\/\/vbd.dev.sumena.ee\/en\/product-2\/toidukaunistus-alfi-joulupuu-suhkrupuiste-segu-30g\/","title":{"rendered":"Toidukaunistus Alf\u2019i j\u00f5ulupuu suhkrupuiste segu 30g"},"content":{"rendered":"<p data-start=\"80\" data-end=\"349\"><strong data-start=\"80\" data-end=\"116\">Alf\u2019i j\u00f5ulupuu suhkrupuiste segu<\/strong> sisaldab rohelisi kuusekujulisi puisteid ning punaseid ja valgeid nonparelle. Need armsad Alf\u2019i puisted ei sobi ainult piparkookide kaunistamiseks, vaid on suurep\u00e4rased ka k\u00fcpsetiste, tortide, magustoitude ja j\u00e4\u00e4tise kaunistamiseks.<\/p>\n<p data-start=\"351\" data-end=\"451\">Suhkrupuiste on ideaalne viis lisada peolauale v\u00e4rvi ja s\u00e4ra ning muuta iga magus amps pidulikumaks.<\/p>\n<p data-start=\"125\" data-end=\"388\"><strong data-start=\"125\" data-end=\"141\">Ingredients:<\/strong><br data-start=\"141\" data-end=\"144\" \/>Suhkur, maisit\u00e4rklis, modifitseeritud t\u00e4rklised, h\u00fcdrogeenitud palmituuma\u00f5li, vesi, glasuurained (\u0161elak, karnaubavaha), dekstriin, paksendaja (ksantaankummi), l\u00f5hna- ja maitseaine, v\u00e4rvained (kurkumiin, \u03b2-karoteen, briljantsinine FCF, karmiin).<\/p>\n<p data-start=\"390\" data-end=\"437\"><strong data-start=\"390\" data-end=\"415\">V\u00f5ib sisaldada j\u00e4lgi:<\/strong> <strong data-start=\"416\" data-end=\"424\">SOJA<\/strong> ja <strong data-start=\"428\" data-end=\"436\">PIIM<\/strong>.<\/p>","protected":false},"excerpt":{"rendered":"<p>Alf\u2019i j\u00f5ulupuu suhkrupuiste segu sisaldab rohelisi kuusekujulisi puisteid ning punaseid ja valgeid nonparelle. Need armsad Alf\u2019i puisted ei sobi ainult piparkookide kaunistamiseks, vaid on suurep\u00e4rased ka k\u00fcpsetiste, tortide, magustoitude ja j\u00e4\u00e4tise kaunistamiseks. Suhkrupuiste on ideaalne viis lisada peolauale v\u00e4rvi ja s\u00e4ra ning muuta iga magus amps pidulikumaks. Koostisosad:Suhkur, maisit\u00e4rklis, modifitseeritud t\u00e4rklised, h\u00fcdrogeenitud palmituuma\u00f5li, vesi, glasuurained [&hellip;]<\/p>","protected":false},"featured_media":361704,"comment_status":"open","ping_status":"closed","template":"","meta":{"_acf_changed":false},"product_brand":[],"product_cat":[86],"product_tag":[],"class_list":{"0":"post-361702","1":"product","2":"type-product","3":"status-publish","4":"has-post-thumbnail","6":"product_cat-kuivained","8":"first","9":"instock","10":"sale","11":"taxable","12":"shipping-taxable","13":"purchasable","14":"product-type-simple"},"supplier_id":null,"supplier_sku":"","barcode":null,"atum_controlled":true,"out_stock_date":null,"out_stock_threshold":null,"inheritable":false,"inbound_stock":0,"stock_on_hold":39,"sold_today":41,"sales_last_days":187,"reserved_stock":0,"customer_returns":0,"warehouse_damage":0,"lost_in_post":0,"other_logs":0,"out_stock_days":0,"lost_sales":0,"has_location":false,"update_date":"2026-02-12T13:16:35","atum_locations":[],"atum_stock_status":"instock","restock_status":false,"low_stock_amount":"","sales_update_date":"2026-02-12T13:16:27","calc_backorders":null,"acf":[],"_links":{"self":[{"href":"https:\/\/vbd.dev.sumena.ee\/en\/wp-json\/wp\/v2\/product\/361702","targetHints":{"allow":["GET"]}}],"collection":[{"href":"https:\/\/vbd.dev.sumena.ee\/en\/wp-json\/wp\/v2\/product"}],"about":[{"href":"https:\/\/vbd.dev.sumena.ee\/en\/wp-json\/wp\/v2\/types\/product"}],"replies":[{"embeddable":true,"href":"https:\/\/vbd.dev.sumena.ee\/en\/wp-json\/wp\/v2\/comments?post=361702"}],"wp:featuredmedia":[{"embeddable":true,"href":"https:\/\/vbd.dev.sumena.ee\/en\/wp-json\/wp\/v2\/media\/361704"}],"wp:attachment":[{"href":"https:\/\/vbd.dev.sumena.ee\/en\/wp-json\/wp\/v2\/media?parent=361702"}],"wp:term":[{"taxonomy":"product_brand","embeddable":true,"href":"https:\/\/vbd.dev.sumena.ee\/en\/wp-json\/wp\/v2\/product_brand?post=361702"},{"taxonomy":"product_cat","embeddable":true,"href":"https:\/\/vbd.dev.sumena.ee\/en\/wp-json\/wp\/v2\/product_cat?post=361702"},{"taxonomy":"product_tag","embeddable":true,"href":"https:\/\/vbd.dev.sumena.ee\/en\/wp-json\/wp\/v2\/product_tag?post=361702"}],"curies":[{"name":"wp","href":"https:\/\/api.w.org\/{rel}","templated":true}]}}