{"id":361490,"date":"2026-02-02T23:02:06","date_gmt":"2026-02-02T20:02:06","guid":{"rendered":"https:\/\/vbd.dev.sumena.ee\/?post_type=product&#038;p=361490"},"modified":"2026-02-12T11:26:59","modified_gmt":"2026-02-12T08:26:59","slug":"tomatimahl-pure-1l","status":"publish","type":"product","link":"https:\/\/vbd.dev.sumena.ee\/en\/product-2\/tomatimahl-pure-1l\/","title":{"rendered":"Tomatimahl Pure 1l"},"content":{"rendered":"<div class=\"product__list-wrapper\">\n<p class=\"heading\">Koostisosad<\/p>\n<div class=\"text\">\n<p>tomatimahl (99,5%), meresool<\/p>\n<\/div>\n<\/div>\n<div class=\"product__list-wrapper -simple\">\n<div class=\"product__list-wrapper\">\n<p class=\"heading\">Toitumisalane teave<\/p>\n<div class=\"text\">\n<p>Kogus 100 g\/ml kohta<\/p>\n<\/div>\n<\/div>\n<div class=\"product__table\">\n<div>\n<table>\n<thead>\n<tr>\n<th scope=\"col\">Toitev\u00e4\u00e4rtus<\/th>\n<th scope=\"col\">Kogus 100 g\/ml kohta<\/th>\n<\/tr>\n<\/thead>\n<tbody>\n<tr>\n<td>energiasisaldus<\/td>\n<td>71 kJ\/ 17 kcal<\/td>\n<\/tr>\n<tr>\n<td>rasvad<\/td>\n<td>0 g<\/td>\n<\/tr>\n<tr>\n<td class=\"indent\">millest k\u00fcllastunud rasvhapped<\/td>\n<td>0 g<\/td>\n<\/tr>\n<tr>\n<td>s\u00fcsivesikud<\/td>\n<td>3 g<\/td>\n<\/tr>\n<tr>\n<td class=\"indent\">millest suhkrud<\/td>\n<td>3 g<\/td>\n<\/tr>\n<tr>\n<td>valgud<\/td>\n<td>0.5 g<\/td>\n<\/tr>\n<tr>\n<td>sool<\/td>\n<td>0.5 g<\/td>\n<\/tr>\n<\/tbody>\n<\/table>\n<\/div>\n<\/div>\n<div class=\"product__list-wrapper\">\n<p class=\"heading\">Lisainfo<\/p>\n<div class=\"text\">\n<p>suletult: s\u00e4ilitada toatemperatuuril. Avatuna s\u00e4ilitada jahedas +1\u00b0C\u2026-6\u00b0C kuni 4 \u00f6\u00f6p\u00e4eva<\/p>\n<\/div>\n<\/div>\n<\/div>","protected":false},"excerpt":{"rendered":"<p>Koostisosad tomatimahl (99,5%), meresool Toitumisalane teave Kogus 100 g\/ml kohta Toitev\u00e4\u00e4rtus Kogus 100 g\/ml kohta energiasisaldus 71 kJ\/ 17 kcal rasvad 0 g millest k\u00fcllastunud rasvhapped 0 g s\u00fcsivesikud 3 g millest suhkrud 3 g valgud 0.5 g sool 0.5 g Lisainfo suletult: s\u00e4ilitada toatemperatuuril. Avatuna s\u00e4ilitada jahedas +1\u00b0C\u2026-6\u00b0C kuni 4 \u00f6\u00f6p\u00e4eva<\/p>","protected":false},"featured_media":361491,"comment_status":"open","ping_status":"closed","template":"","meta":{"_acf_changed":false},"product_brand":[],"product_cat":[176,90,79],"product_tag":[],"class_list":{"0":"post-361490","1":"product","2":"type-product","3":"status-publish","4":"has-post-thumbnail","6":"product_cat-veed-mahlad-smuutid","7":"product_cat-pant","8":"product_cat-joogid","10":"first","11":"instock","12":"sale","13":"taxable","14":"shipping-taxable","15":"purchasable","16":"product-type-simple"},"supplier_id":null,"supplier_sku":"","barcode":null,"atum_controlled":true,"out_stock_date":null,"out_stock_threshold":null,"inheritable":false,"inbound_stock":0,"stock_on_hold":7,"sold_today":6,"sales_last_days":98,"reserved_stock":0,"customer_returns":0,"warehouse_damage":0,"lost_in_post":0,"other_logs":0,"out_stock_days":0,"lost_sales":0,"has_location":false,"update_date":"2026-02-12T12:47:39","atum_locations":[],"atum_stock_status":"instock","restock_status":true,"low_stock_amount":"","sales_update_date":"2026-02-12T12:47:31","calc_backorders":null,"acf":[],"_links":{"self":[{"href":"https:\/\/vbd.dev.sumena.ee\/en\/wp-json\/wp\/v2\/product\/361490","targetHints":{"allow":["GET"]}}],"collection":[{"href":"https:\/\/vbd.dev.sumena.ee\/en\/wp-json\/wp\/v2\/product"}],"about":[{"href":"https:\/\/vbd.dev.sumena.ee\/en\/wp-json\/wp\/v2\/types\/product"}],"replies":[{"embeddable":true,"href":"https:\/\/vbd.dev.sumena.ee\/en\/wp-json\/wp\/v2\/comments?post=361490"}],"wp:featuredmedia":[{"embeddable":true,"href":"https:\/\/vbd.dev.sumena.ee\/en\/wp-json\/wp\/v2\/media\/361491"}],"wp:attachment":[{"href":"https:\/\/vbd.dev.sumena.ee\/en\/wp-json\/wp\/v2\/media?parent=361490"}],"wp:term":[{"taxonomy":"product_brand","embeddable":true,"href":"https:\/\/vbd.dev.sumena.ee\/en\/wp-json\/wp\/v2\/product_brand?post=361490"},{"taxonomy":"product_cat","embeddable":true,"href":"https:\/\/vbd.dev.sumena.ee\/en\/wp-json\/wp\/v2\/product_cat?post=361490"},{"taxonomy":"product_tag","embeddable":true,"href":"https:\/\/vbd.dev.sumena.ee\/en\/wp-json\/wp\/v2\/product_tag?post=361490"}],"curies":[{"name":"wp","href":"https:\/\/api.w.org\/{rel}","templated":true}]}}