{"id":359940,"date":"2026-01-29T19:25:22","date_gmt":"2026-01-29T16:25:22","guid":{"rendered":"https:\/\/vbd.dev.sumena.ee\/?post_type=product&#038;p=359940"},"modified":"2026-02-12T00:32:19","modified_gmt":"2026-02-11T21:32:19","slug":"ploomi-energiabatoon-honey-power-40g","status":"publish","type":"product","link":"https:\/\/vbd.dev.sumena.ee\/en\/product-2\/ploomi-energiabatoon-honey-power-40g\/","title":{"rendered":"Ploomi energiabatoon Honey Power 40g"},"content":{"rendered":"<p><strong data-redactor-tag=\"strong\">HoneyPoweri ploomi energiabatoon \u2013<\/strong>Toitaineterikas, funktsionaalne, looduslikest koostisosadest ja suurep\u00e4rase maheda maitsega energiabatoon. Disainitud pikkadeks matkadeks, rattas\u00f5itudeks, ultrav\u00f5istlusteks v\u00f5i ka m\u00f5nusa vahepalana kohvi k\u00f5rvale. Aeglaselt imenduvad s\u00fcsivesikud hoiavad k\u00f5hu t\u00e4is ja veresuhkru stabiilsena pika aja v\u00e4ltel. Sisaldab mikrotoitainete poolest rikkaid ja organismile kasulikke koostisosi<\/p>\n<p><em data-redactor-tag=\"em\"><span data-verified=\"redactor\" data-redactor-tag=\"span\" data-redactor-style=\"font-size: 18px;\">Koostisosad: Must ploom, kaerajahu, mesi (26%), kuivatatud j\u00f5hvikad, kanepiseemned, k\u00f5rvitsaseemned, c-vitamiin, himaalaja sool. NETO 40g<\/span><\/em><\/p>","protected":false},"excerpt":{"rendered":"<p>HoneyPoweri ploomi energiabatoon \u2013Toitaineterikas, funktsionaalne, looduslikest koostisosadest ja suurep\u00e4rase maheda maitsega energiabatoon. Disainitud pikkadeks matkadeks, rattas\u00f5itudeks, ultrav\u00f5istlusteks v\u00f5i ka m\u00f5nusa vahepalana kohvi k\u00f5rvale. Aeglaselt imenduvad s\u00fcsivesikud hoiavad k\u00f5hu t\u00e4is ja veresuhkru stabiilsena pika aja v\u00e4ltel. Sisaldab mikrotoitainete poolest rikkaid ja organismile kasulikke koostisosi Koostisosad: Must ploom, kaerajahu, mesi (26%), kuivatatud j\u00f5hvikad, kanepiseemned, k\u00f5rvitsaseemned, c-vitamiin, himaalaja [&hellip;]<\/p>","protected":false},"featured_media":359941,"comment_status":"open","ping_status":"closed","template":"","meta":{"_acf_changed":false},"product_brand":[],"product_cat":[77,85],"product_tag":[],"class_list":{"0":"post-359940","1":"product","2":"type-product","3":"status-publish","4":"has-post-thumbnail","6":"product_cat-maiustused","7":"product_cat-batoonid","9":"first","10":"instock","11":"sale","12":"taxable","13":"shipping-taxable","14":"purchasable","15":"product-type-simple"},"supplier_id":null,"supplier_sku":"","barcode":null,"atum_controlled":true,"out_stock_date":null,"out_stock_threshold":null,"inheritable":false,"inbound_stock":0,"stock_on_hold":3,"sold_today":1,"sales_last_days":187,"reserved_stock":0,"customer_returns":0,"warehouse_damage":0,"lost_in_post":0,"other_logs":0,"out_stock_days":0,"lost_sales":0,"has_location":false,"update_date":"2026-02-12T14:33:31","atum_locations":[],"atum_stock_status":"instock","restock_status":true,"low_stock_amount":"","sales_update_date":"2026-02-12T14:33:21","calc_backorders":null,"acf":[],"_links":{"self":[{"href":"https:\/\/vbd.dev.sumena.ee\/en\/wp-json\/wp\/v2\/product\/359940","targetHints":{"allow":["GET"]}}],"collection":[{"href":"https:\/\/vbd.dev.sumena.ee\/en\/wp-json\/wp\/v2\/product"}],"about":[{"href":"https:\/\/vbd.dev.sumena.ee\/en\/wp-json\/wp\/v2\/types\/product"}],"replies":[{"embeddable":true,"href":"https:\/\/vbd.dev.sumena.ee\/en\/wp-json\/wp\/v2\/comments?post=359940"}],"wp:featuredmedia":[{"embeddable":true,"href":"https:\/\/vbd.dev.sumena.ee\/en\/wp-json\/wp\/v2\/media\/359941"}],"wp:attachment":[{"href":"https:\/\/vbd.dev.sumena.ee\/en\/wp-json\/wp\/v2\/media?parent=359940"}],"wp:term":[{"taxonomy":"product_brand","embeddable":true,"href":"https:\/\/vbd.dev.sumena.ee\/en\/wp-json\/wp\/v2\/product_brand?post=359940"},{"taxonomy":"product_cat","embeddable":true,"href":"https:\/\/vbd.dev.sumena.ee\/en\/wp-json\/wp\/v2\/product_cat?post=359940"},{"taxonomy":"product_tag","embeddable":true,"href":"https:\/\/vbd.dev.sumena.ee\/en\/wp-json\/wp\/v2\/product_tag?post=359940"}],"curies":[{"name":"wp","href":"https:\/\/api.w.org\/{rel}","templated":true}]}}