{"id":359877,"date":"2026-01-29T14:06:36","date_gmt":"2026-01-29T11:06:36","guid":{"rendered":"https:\/\/vbd.dev.sumena.ee\/?post_type=product&#038;p=359877"},"modified":"2026-02-12T12:07:23","modified_gmt":"2026-02-12T09:07:23","slug":"piimasokolaad-kreemja-taidisega-cocolabu-chocolate-boom-roosa-70g","status":"publish","type":"product","link":"https:\/\/vbd.dev.sumena.ee\/en\/product-2\/piimasokolaad-kreemja-taidisega-cocolabu-chocolate-boom-roosa-70g\/","title":{"rendered":"Piima\u0161okolaad kreemja t\u00e4idisega Cocolabu Chocolate Boom Roosa 70g"},"content":{"rendered":"<p><strong data-start=\"186\" data-end=\"213\">COCOLABU Chocolate Boom<\/strong> on ainulaadne piima\u0161okolaadi sari klassikalise kreemja maitse ja l\u00f5busa \u00fcllatusega. Esmapilgul n\u00e4evad \u0161okolaaditahvlid tavalised v\u00e4lja, kuid nende t\u00f5eline maagia avaldub alles maitsmisel: iga suut\u00e4is v\u00e4rvib keele erksaks tooniks, tekitades \u00fcllatust, naeratusi ja palju r\u00f5\u00f5mu.<\/p>","protected":false},"excerpt":{"rendered":"<p>COCOLABU Chocolate Boom on ainulaadne piima\u0161okolaadi sari klassikalise kreemja maitse ja l\u00f5busa \u00fcllatusega. Esmapilgul n\u00e4evad \u0161okolaaditahvlid tavalised v\u00e4lja, kuid nende t\u00f5eline maagia avaldub alles maitsmisel: iga suut\u00e4is v\u00e4rvib keele erksaks tooniks, tekitades \u00fcllatust, naeratusi ja palju r\u00f5\u00f5mu.<\/p>","protected":false},"featured_media":359878,"comment_status":"open","ping_status":"closed","template":"","meta":{"_acf_changed":false},"product_brand":[],"product_cat":[77,84],"product_tag":[],"class_list":{"0":"post-359877","1":"product","2":"type-product","3":"status-publish","4":"has-post-thumbnail","6":"product_cat-maiustused","7":"product_cat-sokolaad","9":"first","10":"instock","11":"sale","12":"taxable","13":"shipping-taxable","14":"purchasable","15":"product-type-simple"},"supplier_id":null,"supplier_sku":"","barcode":null,"atum_controlled":true,"out_stock_date":null,"out_stock_threshold":null,"inheritable":false,"inbound_stock":0,"stock_on_hold":1,"sold_today":1,"sales_last_days":202,"reserved_stock":0,"customer_returns":0,"warehouse_damage":0,"lost_in_post":0,"other_logs":0,"out_stock_days":0,"lost_sales":0,"has_location":false,"update_date":"2026-02-12T10:31:26","atum_locations":[],"atum_stock_status":"instock","restock_status":true,"low_stock_amount":"","sales_update_date":"2026-02-12T10:31:17","calc_backorders":null,"acf":[],"_links":{"self":[{"href":"https:\/\/vbd.dev.sumena.ee\/en\/wp-json\/wp\/v2\/product\/359877","targetHints":{"allow":["GET"]}}],"collection":[{"href":"https:\/\/vbd.dev.sumena.ee\/en\/wp-json\/wp\/v2\/product"}],"about":[{"href":"https:\/\/vbd.dev.sumena.ee\/en\/wp-json\/wp\/v2\/types\/product"}],"replies":[{"embeddable":true,"href":"https:\/\/vbd.dev.sumena.ee\/en\/wp-json\/wp\/v2\/comments?post=359877"}],"wp:featuredmedia":[{"embeddable":true,"href":"https:\/\/vbd.dev.sumena.ee\/en\/wp-json\/wp\/v2\/media\/359878"}],"wp:attachment":[{"href":"https:\/\/vbd.dev.sumena.ee\/en\/wp-json\/wp\/v2\/media?parent=359877"}],"wp:term":[{"taxonomy":"product_brand","embeddable":true,"href":"https:\/\/vbd.dev.sumena.ee\/en\/wp-json\/wp\/v2\/product_brand?post=359877"},{"taxonomy":"product_cat","embeddable":true,"href":"https:\/\/vbd.dev.sumena.ee\/en\/wp-json\/wp\/v2\/product_cat?post=359877"},{"taxonomy":"product_tag","embeddable":true,"href":"https:\/\/vbd.dev.sumena.ee\/en\/wp-json\/wp\/v2\/product_tag?post=359877"}],"curies":[{"name":"wp","href":"https:\/\/api.w.org\/{rel}","templated":true}]}}