{"id":359464,"date":"2026-01-28T14:53:47","date_gmt":"2026-01-28T11:53:47","guid":{"rendered":"https:\/\/vbd.dev.sumena.ee\/?post_type=product&#038;p=359464"},"modified":"2026-02-12T18:46:56","modified_gmt":"2026-02-12T15:46:56","slug":"pahklisegu-premium-tudengieine-arimex-500-g","status":"publish","type":"product","link":"https:\/\/vbd.dev.sumena.ee\/en\/product-2\/pahklisegu-premium-tudengieine-arimex-500-g\/","title":{"rendered":"P\u00e4hklisegu Premium tudengieine, ARIMEX, 500 g"},"content":{"rendered":"<div class=\"Accordion AttributeAccordion\" data-v-28ef612e=\"\">\n<div class=\"Accordion__content\">\n<div class=\"AttributeAccordion__content\" data-v-28ef612e=\"\">P\u00e4hklite ja rosinate segu. E-vitamiini* 5,6mg. K\u00f5rge E-vitamiini sisaldusega *- * K\u00f5ikides sama kvaliteedi ja koostisega segud on E-vitamiini rikkad. E-vitamiin aitab kaitsta rakke oks\u00fcdatiivse stressi eest. J\u00e4rgige tasakaalustatud toitumist ja tervislikku eluviisi.<\/div>\n<\/div>\n<\/div>\n<div class=\"Accordion AttributeAccordion\" data-v-28ef612e=\"\"><\/div>\n<div data-v-28ef612e=\"\">Rosin &#8220;Jumbo&#8221; (rosin, p\u00e4evalille\u00f5li), INDIA P\u00c4HKEL, rosin &#8220;Golden Jumbo&#8221; (rosin, p\u00e4evalille\u00f5li, s\u00e4ilitusaine: V\u00c4\u00c4VELDIOKSIID), MANDEL, BRASIILIA P\u00c4HKEL, SARAPUUP\u00c4HKEL, PEKANIP\u00c4HKEL. V\u00f5ib sisaldada SEESAMiseemnete, maap\u00e4hkli ja teiste P\u00c4HKLITE j\u00e4\u00e4ke.<\/div>","protected":false},"excerpt":{"rendered":"<p>P\u00e4hklite ja rosinate segu. E-vitamiini* 5,6mg. K\u00f5rge E-vitamiini sisaldusega *- * K\u00f5ikides sama kvaliteedi ja koostisega segud on E-vitamiini rikkad. E-vitamiin aitab kaitsta rakke oks\u00fcdatiivse stressi eest. J\u00e4rgige tasakaalustatud toitumist ja tervislikku eluviisi. Rosin &#8220;Jumbo&#8221; (rosin, p\u00e4evalille\u00f5li), INDIA P\u00c4HKEL, rosin &#8220;Golden Jumbo&#8221; (rosin, p\u00e4evalille\u00f5li, s\u00e4ilitusaine: V\u00c4\u00c4VELDIOKSIID), MANDEL, BRASIILIA P\u00c4HKEL, SARAPUUP\u00c4HKEL, PEKANIP\u00c4HKEL. V\u00f5ib sisaldada SEESAMiseemnete, maap\u00e4hkli [&hellip;]<\/p>","protected":false},"featured_media":359467,"comment_status":"open","ping_status":"closed","template":"","meta":{"_acf_changed":false},"product_brand":[],"product_cat":[116,80],"product_tag":[],"class_list":{"0":"post-359464","1":"product","2":"type-product","3":"status-publish","4":"has-post-thumbnail","6":"product_cat-pahklid","7":"product_cat-snakid","9":"first","10":"instock","11":"sale","12":"taxable","13":"shipping-taxable","14":"purchasable","15":"product-type-simple"},"supplier_id":null,"supplier_sku":"","barcode":null,"atum_controlled":true,"out_stock_date":null,"out_stock_threshold":null,"inheritable":false,"inbound_stock":0,"stock_on_hold":7,"sold_today":4,"sales_last_days":253,"reserved_stock":0,"customer_returns":0,"warehouse_damage":0,"lost_in_post":0,"other_logs":0,"out_stock_days":0,"lost_sales":0,"has_location":false,"update_date":"2026-02-12T15:47:21","atum_locations":[],"atum_stock_status":"instock","restock_status":true,"low_stock_amount":"","sales_update_date":"2026-02-12T15:47:11","calc_backorders":null,"acf":[],"_links":{"self":[{"href":"https:\/\/vbd.dev.sumena.ee\/en\/wp-json\/wp\/v2\/product\/359464","targetHints":{"allow":["GET"]}}],"collection":[{"href":"https:\/\/vbd.dev.sumena.ee\/en\/wp-json\/wp\/v2\/product"}],"about":[{"href":"https:\/\/vbd.dev.sumena.ee\/en\/wp-json\/wp\/v2\/types\/product"}],"replies":[{"embeddable":true,"href":"https:\/\/vbd.dev.sumena.ee\/en\/wp-json\/wp\/v2\/comments?post=359464"}],"wp:featuredmedia":[{"embeddable":true,"href":"https:\/\/vbd.dev.sumena.ee\/en\/wp-json\/wp\/v2\/media\/359467"}],"wp:attachment":[{"href":"https:\/\/vbd.dev.sumena.ee\/en\/wp-json\/wp\/v2\/media?parent=359464"}],"wp:term":[{"taxonomy":"product_brand","embeddable":true,"href":"https:\/\/vbd.dev.sumena.ee\/en\/wp-json\/wp\/v2\/product_brand?post=359464"},{"taxonomy":"product_cat","embeddable":true,"href":"https:\/\/vbd.dev.sumena.ee\/en\/wp-json\/wp\/v2\/product_cat?post=359464"},{"taxonomy":"product_tag","embeddable":true,"href":"https:\/\/vbd.dev.sumena.ee\/en\/wp-json\/wp\/v2\/product_tag?post=359464"}],"curies":[{"name":"wp","href":"https:\/\/api.w.org\/{rel}","templated":true}]}}