{"id":359459,"date":"2026-01-28T14:46:23","date_gmt":"2026-01-28T11:46:23","guid":{"rendered":"https:\/\/vbd.dev.sumena.ee\/?post_type=product&#038;p=359459"},"modified":"2026-02-12T02:43:51","modified_gmt":"2026-02-11T23:43:51","slug":"vahukommid-cornellis-sour-cola-100g","status":"publish","type":"product","link":"https:\/\/vbd.dev.sumena.ee\/en\/product-2\/vahukommid-cornellis-sour-cola-100g\/","title":{"rendered":"Vahukommid Cornellis Sour Cola 100g"},"content":{"rendered":"<p data-pm-slice=\"1 1 []\">Cornellis vahukommid Sour Cola 100 g \u2013 hapuka koolamaitsega maius. Pehmed vahukommid s\u00e4rtsaka hapuka koolamaitsega, mis panevad maitsemeeled tantsima. Vahva valik neile, kes armastavad klassikalist koolat maitsta uuel ja l\u00f5busal moel. Ideaalne suupiste jagamiseks v\u00f5i ise maiustamiseks.<\/p>\n<p>&nbsp;<\/p>\n<p>Koostisosad: gl\u00fckoosi-fruktoosisiirup, suhkur, vesi, sea\u017eelatiin, hape (\u00f5unhape), happesuse regulaator (naatriummalaat), l\u00f5hna- ja maitseaine, toiduv\u00e4rv: E150c.<\/p>\n<p>Toitumisalane teave (100 g kohta):<\/p>\n<ul>\n<li>Energia: 1464 kJ \/ 345 kcal.<\/li>\n<li>Rasvad: 0 g, sh k\u00fcllastunud rasvhapped 0 g.<\/li>\n<li>S\u00fcsivesikud: 83,6 g, sh suhkruid 77 g.<\/li>\n<li>Valgud: 2,55 g.<\/li>\n<li>Sool: 0,33 g.<\/li>\n<\/ul>","protected":false},"excerpt":{"rendered":"<p>Cornellis vahukommid Sour Cola 100 g \u2013 hapuka koolamaitsega maius. Pehmed vahukommid s\u00e4rtsaka hapuka koolamaitsega, mis panevad maitsemeeled tantsima. Vahva valik neile, kes armastavad klassikalist koolat maitsta uuel ja l\u00f5busal moel. Ideaalne suupiste jagamiseks v\u00f5i ise maiustamiseks. &nbsp; Koostisosad: gl\u00fckoosi-fruktoosisiirup, suhkur, vesi, sea\u017eelatiin, hape (\u00f5unhape), happesuse regulaator (naatriummalaat), l\u00f5hna- ja maitseaine, toiduv\u00e4rv: E150c. Toitumisalane teave [&hellip;]<\/p>","protected":false},"featured_media":359463,"comment_status":"open","ping_status":"closed","template":"","meta":{"_acf_changed":false},"product_brand":[],"product_cat":[77,78],"product_tag":[],"class_list":{"0":"post-359459","1":"product","2":"type-product","3":"status-publish","4":"has-post-thumbnail","6":"product_cat-maiustused","7":"product_cat-kommid","9":"first","10":"instock","11":"sale","12":"taxable","13":"shipping-taxable","14":"purchasable","15":"product-type-simple"},"supplier_id":null,"supplier_sku":"","barcode":null,"atum_controlled":true,"out_stock_date":null,"out_stock_threshold":null,"inheritable":false,"inbound_stock":0,"stock_on_hold":9,"sold_today":1,"sales_last_days":179,"reserved_stock":0,"customer_returns":0,"warehouse_damage":0,"lost_in_post":0,"other_logs":0,"out_stock_days":0,"lost_sales":0,"has_location":false,"update_date":"2026-02-12T09:04:11","atum_locations":[],"atum_stock_status":"instock","restock_status":false,"low_stock_amount":"","sales_update_date":"2026-02-12T09:04:01","calc_backorders":null,"acf":[],"_links":{"self":[{"href":"https:\/\/vbd.dev.sumena.ee\/en\/wp-json\/wp\/v2\/product\/359459","targetHints":{"allow":["GET"]}}],"collection":[{"href":"https:\/\/vbd.dev.sumena.ee\/en\/wp-json\/wp\/v2\/product"}],"about":[{"href":"https:\/\/vbd.dev.sumena.ee\/en\/wp-json\/wp\/v2\/types\/product"}],"replies":[{"embeddable":true,"href":"https:\/\/vbd.dev.sumena.ee\/en\/wp-json\/wp\/v2\/comments?post=359459"}],"wp:featuredmedia":[{"embeddable":true,"href":"https:\/\/vbd.dev.sumena.ee\/en\/wp-json\/wp\/v2\/media\/359463"}],"wp:attachment":[{"href":"https:\/\/vbd.dev.sumena.ee\/en\/wp-json\/wp\/v2\/media?parent=359459"}],"wp:term":[{"taxonomy":"product_brand","embeddable":true,"href":"https:\/\/vbd.dev.sumena.ee\/en\/wp-json\/wp\/v2\/product_brand?post=359459"},{"taxonomy":"product_cat","embeddable":true,"href":"https:\/\/vbd.dev.sumena.ee\/en\/wp-json\/wp\/v2\/product_cat?post=359459"},{"taxonomy":"product_tag","embeddable":true,"href":"https:\/\/vbd.dev.sumena.ee\/en\/wp-json\/wp\/v2\/product_tag?post=359459"}],"curies":[{"name":"wp","href":"https:\/\/api.w.org\/{rel}","templated":true}]}}