{"id":359163,"date":"2026-01-27T18:15:25","date_gmt":"2026-01-27T15:15:25","guid":{"rendered":"https:\/\/vbd.dev.sumena.ee\/?post_type=product&#038;p=359163"},"modified":"2026-02-12T16:37:22","modified_gmt":"2026-02-12T13:37:22","slug":"piimasokolaadikompvekid-vaarikajogurtitaidisega-karl-fazer-250-g","status":"publish","type":"product","link":"https:\/\/vbd.dev.sumena.ee\/en\/product-2\/piimasokolaadikompvekid-vaarikajogurtitaidisega-karl-fazer-250-g\/","title":{"rendered":"Piima\u0161okolaadikompvekid vaarikajogurtit\u00e4idisega, KARL FAZER, 250 g"},"content":{"rendered":"<div class=\"AttributeAccordion__heading\" data-v-28ef612e=\"\">Koostisosad<\/div>\n<div class=\"Accordion__content\">\n<div class=\"AttributeAccordion__content\" data-v-28ef612e=\"\">suhkur, taimne rasv (palmi), t\u00e4isPIIMApulber, kakaov\u00f5i, kakaomass, PETIpulber, VADAKUPULBER (PIIMAST), JOGURTipulber (PIIMAST), emulgaator (SOJAletsitiin), l\u00f5hna- ja maitseained (sh vaarikas), maltodekstriin, happesuse regulaator (E330), kuivatatud vaarikad (0,1%), modifitseeritud katulit\u00e4rklis.<\/div>\n<\/div>","protected":false},"excerpt":{"rendered":"<p>Koostisosad suhkur, taimne rasv (palmi), t\u00e4isPIIMApulber, kakaov\u00f5i, kakaomass, PETIpulber, VADAKUPULBER (PIIMAST), JOGURTipulber (PIIMAST), emulgaator (SOJAletsitiin), l\u00f5hna- ja maitseained (sh vaarikas), maltodekstriin, happesuse regulaator (E330), kuivatatud vaarikad (0,1%), modifitseeritud katulit\u00e4rklis.<\/p>","protected":false},"featured_media":359164,"comment_status":"open","ping_status":"closed","template":"","meta":{"_acf_changed":false},"product_brand":[],"product_cat":[77,78],"product_tag":[],"class_list":{"0":"post-359163","1":"product","2":"type-product","3":"status-publish","4":"has-post-thumbnail","6":"product_cat-maiustused","7":"product_cat-kommid","9":"first","10":"instock","11":"sale","12":"taxable","13":"shipping-taxable","14":"purchasable","15":"product-type-simple"},"supplier_id":null,"supplier_sku":"","barcode":null,"atum_controlled":true,"out_stock_date":null,"out_stock_threshold":null,"inheritable":false,"inbound_stock":0,"stock_on_hold":3,"sold_today":1,"sales_last_days":50,"reserved_stock":0,"customer_returns":0,"warehouse_damage":0,"lost_in_post":0,"other_logs":0,"out_stock_days":0,"lost_sales":0,"has_location":false,"update_date":"2026-02-12T13:38:44","atum_locations":[],"atum_stock_status":"instock","restock_status":true,"low_stock_amount":"","sales_update_date":"2026-02-12T13:38:34","calc_backorders":null,"acf":[],"_links":{"self":[{"href":"https:\/\/vbd.dev.sumena.ee\/en\/wp-json\/wp\/v2\/product\/359163","targetHints":{"allow":["GET"]}}],"collection":[{"href":"https:\/\/vbd.dev.sumena.ee\/en\/wp-json\/wp\/v2\/product"}],"about":[{"href":"https:\/\/vbd.dev.sumena.ee\/en\/wp-json\/wp\/v2\/types\/product"}],"replies":[{"embeddable":true,"href":"https:\/\/vbd.dev.sumena.ee\/en\/wp-json\/wp\/v2\/comments?post=359163"}],"wp:featuredmedia":[{"embeddable":true,"href":"https:\/\/vbd.dev.sumena.ee\/en\/wp-json\/wp\/v2\/media\/359164"}],"wp:attachment":[{"href":"https:\/\/vbd.dev.sumena.ee\/en\/wp-json\/wp\/v2\/media?parent=359163"}],"wp:term":[{"taxonomy":"product_brand","embeddable":true,"href":"https:\/\/vbd.dev.sumena.ee\/en\/wp-json\/wp\/v2\/product_brand?post=359163"},{"taxonomy":"product_cat","embeddable":true,"href":"https:\/\/vbd.dev.sumena.ee\/en\/wp-json\/wp\/v2\/product_cat?post=359163"},{"taxonomy":"product_tag","embeddable":true,"href":"https:\/\/vbd.dev.sumena.ee\/en\/wp-json\/wp\/v2\/product_tag?post=359163"}],"curies":[{"name":"wp","href":"https:\/\/api.w.org\/{rel}","templated":true}]}}