{"id":359159,"date":"2026-01-27T17:57:33","date_gmt":"2026-01-27T14:57:33","guid":{"rendered":"https:\/\/vbd.dev.sumena.ee\/?post_type=product&#038;p=359159"},"modified":"2026-02-12T13:32:54","modified_gmt":"2026-02-12T10:32:54","slug":"led-pealamp-berg-xpg-5w-200lm-anduriga-tagatulega","status":"publish","type":"product","link":"https:\/\/vbd.dev.sumena.ee\/en\/product-2\/led-pealamp-berg-xpg-5w-200lm-anduriga-tagatulega\/","title":{"rendered":"LED pealamp BERG XPG 5W, 200lm, anduriga, tagatulega"},"content":{"rendered":"<p>Patareitoitel otsalamp anduriga ja tagatulega.<br \/>\nValgusallikas: XPG LED 5 W, 200 lm.<br \/>\nToide: 3 \u00d7 AAA patareid (ei kuulu komplekti).<br \/>\nMaterjal: ABS + TPR.<br \/>\nAndurifunktsioon v\u00f5imaldab lambi sisse ja v\u00e4lja l\u00fclitada k\u00e4ega viibutades, ilma nuppu vajutamata.<\/p>","protected":false},"excerpt":{"rendered":"<p>Patareitoitel otsalamp anduriga ja tagatulega. Valgusallikas: XPG LED 5 W, 200 lm. Toide: 3 \u00d7 AAA patareid (ei kuulu komplekti). Materjal: ABS + TPR. Andurifunktsioon v\u00f5imaldab lambi sisse ja v\u00e4lja l\u00fclitada k\u00e4ega viibutades, ilma nuppu vajutamata.<\/p>","protected":false},"featured_media":359161,"comment_status":"open","ping_status":"closed","template":"","meta":{"_acf_changed":false},"product_brand":[],"product_cat":[186,88],"product_tag":[],"class_list":{"0":"post-359159","1":"product","2":"type-product","3":"status-publish","4":"has-post-thumbnail","6":"product_cat-kodukaubad","7":"product_cat-tarbekaubad-tooted","9":"first","10":"instock","11":"sale","12":"taxable","13":"shipping-taxable","14":"purchasable","15":"product-type-simple"},"supplier_id":null,"supplier_sku":"","barcode":null,"atum_controlled":true,"out_stock_date":null,"out_stock_threshold":null,"inheritable":false,"inbound_stock":0,"stock_on_hold":0,"sold_today":1,"sales_last_days":10,"reserved_stock":0,"customer_returns":0,"warehouse_damage":0,"lost_in_post":0,"other_logs":0,"out_stock_days":0,"lost_sales":0,"has_location":false,"update_date":"2026-02-12T13:19:52","atum_locations":[],"atum_stock_status":"instock","restock_status":true,"low_stock_amount":"","sales_update_date":"2026-02-12T13:19:44","calc_backorders":null,"acf":[],"_links":{"self":[{"href":"https:\/\/vbd.dev.sumena.ee\/en\/wp-json\/wp\/v2\/product\/359159","targetHints":{"allow":["GET"]}}],"collection":[{"href":"https:\/\/vbd.dev.sumena.ee\/en\/wp-json\/wp\/v2\/product"}],"about":[{"href":"https:\/\/vbd.dev.sumena.ee\/en\/wp-json\/wp\/v2\/types\/product"}],"replies":[{"embeddable":true,"href":"https:\/\/vbd.dev.sumena.ee\/en\/wp-json\/wp\/v2\/comments?post=359159"}],"wp:featuredmedia":[{"embeddable":true,"href":"https:\/\/vbd.dev.sumena.ee\/en\/wp-json\/wp\/v2\/media\/359161"}],"wp:attachment":[{"href":"https:\/\/vbd.dev.sumena.ee\/en\/wp-json\/wp\/v2\/media?parent=359159"}],"wp:term":[{"taxonomy":"product_brand","embeddable":true,"href":"https:\/\/vbd.dev.sumena.ee\/en\/wp-json\/wp\/v2\/product_brand?post=359159"},{"taxonomy":"product_cat","embeddable":true,"href":"https:\/\/vbd.dev.sumena.ee\/en\/wp-json\/wp\/v2\/product_cat?post=359159"},{"taxonomy":"product_tag","embeddable":true,"href":"https:\/\/vbd.dev.sumena.ee\/en\/wp-json\/wp\/v2\/product_tag?post=359159"}],"curies":[{"name":"wp","href":"https:\/\/api.w.org\/{rel}","templated":true}]}}