{"id":359156,"date":"2026-01-27T17:55:15","date_gmt":"2026-01-27T14:55:15","guid":{"rendered":"https:\/\/vbd.dev.sumena.ee\/?post_type=product&#038;p=359156"},"modified":"2026-02-08T15:22:54","modified_gmt":"2026-02-08T12:22:54","slug":"laetav-taskulamp-berg-20w-1000lm-hubriid","status":"publish","type":"product","link":"https:\/\/vbd.dev.sumena.ee\/en\/product-2\/laetav-taskulamp-berg-20w-1000lm-hubriid\/","title":{"rendered":"Laetav taskulamp BERG, 20W, 1000lm, h\u00fcbriid"},"content":{"rendered":"<p>H\u00fcbriidtaskulamp, t\u00f6\u00f6tab nii laetava akuga kui ka 3 \u00d7 AAA patareidega. V\u00f5imas ja mitmek\u00fclgne valgusti elektrikatkestuste puhuks ning kodusteks t\u00f6\u00f6deks.<br \/>\nKomplektis 18650 liitiumaku 2200 mAh.<br \/>\nValgusre\u017eiimid: ere \u2013 normaalne \u2013 h\u00e4mar \u2013 vilkuv \u2013 SOS + ZOOM.<br \/>\nM\u00f5\u00f5dud: 185 \u00d7 40 \u00d7 34 mm.<br \/>\nValgustuskaugus kuni 100 m.<br \/>\nLaadimine: USB Type-C.<\/p>","protected":false},"excerpt":{"rendered":"<p>H\u00fcbriidtaskulamp, t\u00f6\u00f6tab nii laetava akuga kui ka 3 \u00d7 AAA patareidega. V\u00f5imas ja mitmek\u00fclgne valgusti elektrikatkestuste puhuks ning kodusteks t\u00f6\u00f6deks. Komplektis 18650 liitiumaku 2200 mAh. Valgusre\u017eiimid: ere \u2013 normaalne \u2013 h\u00e4mar \u2013 vilkuv \u2013 SOS + ZOOM. M\u00f5\u00f5dud: 185 \u00d7 40 \u00d7 34 mm. Valgustuskaugus kuni 100 m. Laadimine: USB Type-C.<\/p>","protected":false},"featured_media":359157,"comment_status":"open","ping_status":"closed","template":"","meta":{"_acf_changed":false},"product_brand":[],"product_cat":[186,88],"product_tag":[],"class_list":{"0":"post-359156","1":"product","2":"type-product","3":"status-publish","4":"has-post-thumbnail","6":"product_cat-kodukaubad","7":"product_cat-tarbekaubad-tooted","9":"first","10":"instock","11":"sale","12":"taxable","13":"shipping-taxable","14":"purchasable","15":"product-type-simple"},"supplier_id":null,"supplier_sku":"","barcode":null,"atum_controlled":true,"out_stock_date":null,"out_stock_threshold":null,"inheritable":false,"inbound_stock":0,"stock_on_hold":0,"sold_today":0,"sales_last_days":8,"reserved_stock":0,"customer_returns":0,"warehouse_damage":0,"lost_in_post":0,"other_logs":0,"out_stock_days":0,"lost_sales":0,"has_location":false,"update_date":"2026-02-11T11:25:45","atum_locations":[],"atum_stock_status":"instock","restock_status":false,"low_stock_amount":"","sales_update_date":"2026-02-11T11:25:36","calc_backorders":null,"acf":[],"_links":{"self":[{"href":"https:\/\/vbd.dev.sumena.ee\/en\/wp-json\/wp\/v2\/product\/359156","targetHints":{"allow":["GET"]}}],"collection":[{"href":"https:\/\/vbd.dev.sumena.ee\/en\/wp-json\/wp\/v2\/product"}],"about":[{"href":"https:\/\/vbd.dev.sumena.ee\/en\/wp-json\/wp\/v2\/types\/product"}],"replies":[{"embeddable":true,"href":"https:\/\/vbd.dev.sumena.ee\/en\/wp-json\/wp\/v2\/comments?post=359156"}],"wp:featuredmedia":[{"embeddable":true,"href":"https:\/\/vbd.dev.sumena.ee\/en\/wp-json\/wp\/v2\/media\/359157"}],"wp:attachment":[{"href":"https:\/\/vbd.dev.sumena.ee\/en\/wp-json\/wp\/v2\/media?parent=359156"}],"wp:term":[{"taxonomy":"product_brand","embeddable":true,"href":"https:\/\/vbd.dev.sumena.ee\/en\/wp-json\/wp\/v2\/product_brand?post=359156"},{"taxonomy":"product_cat","embeddable":true,"href":"https:\/\/vbd.dev.sumena.ee\/en\/wp-json\/wp\/v2\/product_cat?post=359156"},{"taxonomy":"product_tag","embeddable":true,"href":"https:\/\/vbd.dev.sumena.ee\/en\/wp-json\/wp\/v2\/product_tag?post=359156"}],"curies":[{"name":"wp","href":"https:\/\/api.w.org\/{rel}","templated":true}]}}