{"id":358950,"date":"2026-01-27T15:12:42","date_gmt":"2026-01-27T12:12:42","guid":{"rendered":"https:\/\/vbd.dev.sumena.ee\/?post_type=product&#038;p=358950"},"modified":"2026-02-12T17:44:54","modified_gmt":"2026-02-12T14:44:54","slug":"kupsised-foxs-triple-choc-chunk-180g","status":"publish","type":"product","link":"https:\/\/vbd.dev.sumena.ee\/en\/product-2\/kupsised-foxs-triple-choc-chunk-180g\/","title":{"rendered":"K\u00fcpsised FOX`s Triple Choc Chunk 180g"},"content":{"rendered":"<p data-start=\"129\" data-end=\"791\"><strong data-start=\"129\" data-end=\"145\">Ingredients:<\/strong><br data-start=\"145\" data-end=\"148\" \/><strong data-start=\"148\" data-end=\"156\">NISU<\/strong>jahu (<strong data-start=\"162\" data-end=\"174\">nisujahu<\/strong>, kaltsiumkarbonaat, raud, niatsiin, tiamiin), suhkur,<br data-start=\"228\" data-end=\"231\" \/><strong data-start=\"231\" data-end=\"257\">tumedad \u0161okolaadit\u00fckid<\/strong> (16%) (suhkur, kakaomass, kakaov\u00f5i, taime\u00f5lid (palm, shea, sal, mangoseemne\u00f5li), emulgaator: <strong data-start=\"351\" data-end=\"368\">SOJALetsitiin<\/strong>),<br data-start=\"370\" data-end=\"373\" \/>palmi\u00f5li,<br data-start=\"382\" data-end=\"385\" \/><strong data-start=\"385\" data-end=\"410\">valged \u0161okolaadit\u00fckid<\/strong> (11%) (suhkur, kakaov\u00f5i, kuivatatud <strong data-start=\"447\" data-end=\"459\">t\u00e4ispiim<\/strong>, kuivatatud <strong data-start=\"472\" data-end=\"488\">vadak (PIIM)<\/strong>, <strong data-start=\"490\" data-end=\"508\">laktoos (PIIM)<\/strong>, <strong data-start=\"510\" data-end=\"528\">v\u00f5irasv (PIIM)<\/strong>, emulgaator: <strong data-start=\"542\" data-end=\"559\">SOJALetsitiin<\/strong>, l\u00f5hna- ja maitseaine),<br data-start=\"583\" data-end=\"586\" \/><strong data-start=\"586\" data-end=\"601\">kaerahelbed<\/strong>, kuivatatud kookos, kakaopulber, gl\u00fckoosisiirup, melass, kergitusained (ammooniumvesinikkarbonaadid, naatriumvesinikkarbonaadid, dinaatriumdifosfaadid), sool, emulgaator: <strong data-start=\"773\" data-end=\"790\">SOJALetsitiin<\/strong>.<\/p>\n<p data-start=\"793\" data-end=\"909\"><strong data-start=\"793\" data-end=\"849\">Tume \u0161okolaad sisaldab kakaokuivaineid v\u00e4hemalt 35%.<\/strong><br data-start=\"849\" data-end=\"852\" \/><strong data-start=\"852\" data-end=\"909\">Valge \u0161okolaad sisaldab piimakuivaineid v\u00e4hemalt 14%.<\/strong><\/p>","protected":false},"excerpt":{"rendered":"<p>Koostisosad:NISUjahu (nisujahu, kaltsiumkarbonaat, raud, niatsiin, tiamiin), suhkur,tumedad \u0161okolaadit\u00fckid (16%) (suhkur, kakaomass, kakaov\u00f5i, taime\u00f5lid (palm, shea, sal, mangoseemne\u00f5li), emulgaator: SOJALetsitiin),palmi\u00f5li,valged \u0161okolaadit\u00fckid (11%) (suhkur, kakaov\u00f5i, kuivatatud t\u00e4ispiim, kuivatatud vadak (PIIM), laktoos (PIIM), v\u00f5irasv (PIIM), emulgaator: SOJALetsitiin, l\u00f5hna- ja maitseaine),kaerahelbed, kuivatatud kookos, kakaopulber, gl\u00fckoosisiirup, melass, kergitusained (ammooniumvesinikkarbonaadid, naatriumvesinikkarbonaadid, dinaatriumdifosfaadid), sool, emulgaator: SOJALetsitiin. Tume \u0161okolaad sisaldab kakaokuivaineid v\u00e4hemalt 35%.Valge [&hellip;]<\/p>","protected":false},"featured_media":358951,"comment_status":"open","ping_status":"closed","template":"","meta":{"_acf_changed":false},"product_brand":[],"product_cat":[117,77,80],"product_tag":[],"class_list":{"0":"post-358950","1":"product","2":"type-product","3":"status-publish","4":"has-post-thumbnail","6":"product_cat-kupsised","7":"product_cat-maiustused","8":"product_cat-snakid","10":"first","11":"instock","12":"sale","13":"taxable","14":"shipping-taxable","15":"purchasable","16":"product-type-simple"},"supplier_id":null,"supplier_sku":"","barcode":null,"atum_controlled":true,"out_stock_date":null,"out_stock_threshold":null,"inheritable":false,"inbound_stock":0,"stock_on_hold":20,"sold_today":26,"sales_last_days":458,"reserved_stock":0,"customer_returns":0,"warehouse_damage":0,"lost_in_post":0,"other_logs":0,"out_stock_days":0,"lost_sales":0,"has_location":false,"update_date":"2026-02-12T15:45:28","atum_locations":[],"atum_stock_status":"instock","restock_status":true,"low_stock_amount":"","sales_update_date":"2026-02-12T15:45:20","calc_backorders":null,"acf":[],"_links":{"self":[{"href":"https:\/\/vbd.dev.sumena.ee\/en\/wp-json\/wp\/v2\/product\/358950","targetHints":{"allow":["GET"]}}],"collection":[{"href":"https:\/\/vbd.dev.sumena.ee\/en\/wp-json\/wp\/v2\/product"}],"about":[{"href":"https:\/\/vbd.dev.sumena.ee\/en\/wp-json\/wp\/v2\/types\/product"}],"replies":[{"embeddable":true,"href":"https:\/\/vbd.dev.sumena.ee\/en\/wp-json\/wp\/v2\/comments?post=358950"}],"wp:featuredmedia":[{"embeddable":true,"href":"https:\/\/vbd.dev.sumena.ee\/en\/wp-json\/wp\/v2\/media\/358951"}],"wp:attachment":[{"href":"https:\/\/vbd.dev.sumena.ee\/en\/wp-json\/wp\/v2\/media?parent=358950"}],"wp:term":[{"taxonomy":"product_brand","embeddable":true,"href":"https:\/\/vbd.dev.sumena.ee\/en\/wp-json\/wp\/v2\/product_brand?post=358950"},{"taxonomy":"product_cat","embeddable":true,"href":"https:\/\/vbd.dev.sumena.ee\/en\/wp-json\/wp\/v2\/product_cat?post=358950"},{"taxonomy":"product_tag","embeddable":true,"href":"https:\/\/vbd.dev.sumena.ee\/en\/wp-json\/wp\/v2\/product_tag?post=358950"}],"curies":[{"name":"wp","href":"https:\/\/api.w.org\/{rel}","templated":true}]}}