{"id":358931,"date":"2026-01-27T14:14:31","date_gmt":"2026-01-27T11:14:31","guid":{"rendered":"https:\/\/vbd.dev.sumena.ee\/?post_type=product&#038;p=358931"},"modified":"2026-02-12T18:40:36","modified_gmt":"2026-02-12T15:40:36","slug":"valge-sokolaad-angel-hair-vaarikate-turgi-suhkruvati-ja-pistaatsiakreemiga-80-g","status":"publish","type":"product","link":"https:\/\/vbd.dev.sumena.ee\/en\/product-2\/valge-sokolaad-angel-hair-vaarikate-turgi-suhkruvati-ja-pistaatsiakreemiga-80-g\/","title":{"rendered":"Valge \u0160okolaad Angel Hair vaarikate, T\u00fcrgi suhkruvati ja pistaatsiakreemiga, 80 g"},"content":{"rendered":"<p>Valge \u0160okolaad Angel Hair vaarikate, T\u00fcrgi suhkruvati ja pistaatsiakreemiga, 80 g<\/p>\n<p data-start=\"142\" data-end=\"576\"><strong data-start=\"142\" data-end=\"158\">Ingredients:<\/strong><br data-start=\"158\" data-end=\"161\" \/>Suhkur, kakaov\u00f5i, <strong data-start=\"179\" data-end=\"194\">PISTAATSIAD<\/strong> (12,17%), <strong data-start=\"205\" data-end=\"220\">l\u00f5ssipulber<\/strong>, <strong data-start=\"222\" data-end=\"241\">t\u00e4ispiimapulber<\/strong>, taime\u00f5lid (palm, puuvill), selitatud v\u00f5i (ghee) (<strong data-start=\"292\" data-end=\"300\" data-is-only-node=\"\">PIIM<\/strong>), <strong data-start=\"303\" data-end=\"311\">NISU<\/strong>jahu (<strong data-start=\"317\" data-end=\"338\">sisaldab GLUTEENI<\/strong>), vaarikapulber (1,64%), emulgaatorid (letsitiinid (<strong data-start=\"391\" data-end=\"399\">SOJA<\/strong>, p\u00e4evalill), E476), demineraliseeritud <strong data-start=\"439\" data-end=\"455\">vadakupulber<\/strong> (<strong data-start=\"457\" data-end=\"468\">PIIMAST<\/strong>), l\u00f5hna- ja maitseained (vanill, granaat\u00f5un), sool, v\u00e4rvaine (betaniin), happesuse regulaator (sidrunhape).<\/p>\n<p data-start=\"578\" data-end=\"776\"><strong data-start=\"578\" data-end=\"594\">Allergeenid:<\/strong><br data-start=\"594\" data-end=\"597\" \/>Allergeenide kohta, sh gluteeni sisaldavad teraviljad, vaata koostisosi, mis on m\u00e4rgitud <strong data-start=\"686\" data-end=\"703\">SUURTE T\u00c4HTEDEGA<\/strong>.<br data-start=\"704\" data-end=\"707\" \/>V\u00f5ib sisaldada <strong data-start=\"722\" data-end=\"737\">MAAP\u00c4HKLEID<\/strong>, <strong data-start=\"739\" data-end=\"758\">SARAPUUP\u00c4HKLEID<\/strong> ja <strong data-start=\"762\" data-end=\"775\">MANDLEID<\/strong>.<\/p>","protected":false},"excerpt":{"rendered":"<p>Valge \u0160okolaad Angel Hair vaarikate, T\u00fcrgi suhkruvati ja pistaatsiakreemiga, 80 g Koostisosad:Suhkur, kakaov\u00f5i, PISTAATSIAD (12,17%), l\u00f5ssipulber, t\u00e4ispiimapulber, taime\u00f5lid (palm, puuvill), selitatud v\u00f5i (ghee) (PIIM), NISUjahu (sisaldab GLUTEENI), vaarikapulber (1,64%), emulgaatorid (letsitiinid (SOJA, p\u00e4evalill), E476), demineraliseeritud vadakupulber (PIIMAST), l\u00f5hna- ja maitseained (vanill, granaat\u00f5un), sool, v\u00e4rvaine (betaniin), happesuse regulaator (sidrunhape). Allergeenid:Allergeenide kohta, sh gluteeni sisaldavad teraviljad, vaata [&hellip;]<\/p>","protected":false},"featured_media":358933,"comment_status":"open","ping_status":"closed","template":"","meta":{"_acf_changed":false},"product_brand":[],"product_cat":[77,84],"product_tag":[],"class_list":{"0":"post-358931","1":"product","2":"type-product","3":"status-publish","4":"has-post-thumbnail","6":"product_cat-maiustused","7":"product_cat-sokolaad","9":"first","10":"instock","11":"sale","12":"taxable","13":"shipping-taxable","14":"purchasable","15":"product-type-simple"},"supplier_id":null,"supplier_sku":"","barcode":null,"atum_controlled":true,"out_stock_date":null,"out_stock_threshold":null,"inheritable":false,"inbound_stock":0,"stock_on_hold":22,"sold_today":15,"sales_last_days":1397,"reserved_stock":0,"customer_returns":0,"warehouse_damage":0,"lost_in_post":0,"other_logs":0,"out_stock_days":0,"lost_sales":0,"has_location":false,"update_date":"2026-02-12T15:49:30","atum_locations":[],"atum_stock_status":"instock","restock_status":false,"low_stock_amount":"","sales_update_date":"2026-02-12T15:49:21","calc_backorders":null,"acf":[],"_links":{"self":[{"href":"https:\/\/vbd.dev.sumena.ee\/en\/wp-json\/wp\/v2\/product\/358931","targetHints":{"allow":["GET"]}}],"collection":[{"href":"https:\/\/vbd.dev.sumena.ee\/en\/wp-json\/wp\/v2\/product"}],"about":[{"href":"https:\/\/vbd.dev.sumena.ee\/en\/wp-json\/wp\/v2\/types\/product"}],"replies":[{"embeddable":true,"href":"https:\/\/vbd.dev.sumena.ee\/en\/wp-json\/wp\/v2\/comments?post=358931"}],"wp:featuredmedia":[{"embeddable":true,"href":"https:\/\/vbd.dev.sumena.ee\/en\/wp-json\/wp\/v2\/media\/358933"}],"wp:attachment":[{"href":"https:\/\/vbd.dev.sumena.ee\/en\/wp-json\/wp\/v2\/media?parent=358931"}],"wp:term":[{"taxonomy":"product_brand","embeddable":true,"href":"https:\/\/vbd.dev.sumena.ee\/en\/wp-json\/wp\/v2\/product_brand?post=358931"},{"taxonomy":"product_cat","embeddable":true,"href":"https:\/\/vbd.dev.sumena.ee\/en\/wp-json\/wp\/v2\/product_cat?post=358931"},{"taxonomy":"product_tag","embeddable":true,"href":"https:\/\/vbd.dev.sumena.ee\/en\/wp-json\/wp\/v2\/product_tag?post=358931"}],"curies":[{"name":"wp","href":"https:\/\/api.w.org\/{rel}","templated":true}]}}