{"id":358925,"date":"2026-01-27T16:33:15","date_gmt":"2026-01-27T13:33:15","guid":{"rendered":"https:\/\/vbd.dev.sumena.ee\/?post_type=product&#038;p=358925"},"modified":"2026-02-02T11:24:07","modified_gmt":"2026-02-02T08:24:07","slug":"kuumaohufrituur-emax-kitchen-dual-zone-9l-2000w","status":"publish","type":"product","link":"https:\/\/vbd.dev.sumena.ee\/en\/product-2\/kuumaohufrituur-emax-kitchen-dual-zone-9l-2000w\/","title":{"rendered":"Kuuma\u00f5hufrit\u00fc\u00fcr Emax Kitchen Dual Zone 9L, 2000W"},"content":{"rendered":"<p>Mahukas ja mitmek\u00fclgne kahe korviga kuuma\u00f5hufrit\u00fc\u00fcr pakub 9-liitrist mahutavust ning v\u00f5imaldab valmistada kahte erinevat toitu v\u00f5i rooga samaaegselt. Selle praktilise airfryer\u2019iga saad kiiresti valmis nii suured kui ka v\u00e4iksemad toidukorrad.<br \/>\nUuenduslik kaheosaline praekorv muudab toiduvalmistamise t\u00f5husaks \u2013 saad k\u00fcpsetada erinevaid toite korraga. Suurem korv sobib ideaalselt mitmele inimesele m\u00f5eldud pearoogade jaoks ning v\u00e4iksem korv on suurep\u00e4rane lisandite, magustoitude v\u00f5i \u00fche inimese toidu valmistamiseks. M\u00f5lemad praekorvid on eemaldatavad, mis tagab lihtsa kasutamise ja mugava puhastamise.<br \/>\nDigitaalne puutetundlik ekraan v\u00f5imaldab m\u00f5lemale korvile eraldi seadistusi. Saad m\u00e4\u00e4rata kummalegi poolele sobiva temperatuuri ja k\u00fcpsetusaja ning saavutada samal ajal t\u00e4iuslikult kr\u00f5beda tulemuse.<br \/>\nTehnilised omadused:<br \/>\nJuhtimine: digitaalne puutetundlik ekraan<br \/>\nReguleeritav temperatuur: 80 \u2103 \u2013 200 \u2103<br \/>\nMaht: 9 l (5,5 l + 3,5 l)<br \/>\nTaimer: 0\u201360 minutit<br \/>\nPinge ja v\u00f5imsus: 220\u2013240 V, 50\/60 Hz, 1100 W + 900 W = 2000 W<br \/>\nToote m\u00f5\u00f5dud: 400 \u00d7 380 \u00d7 320 mm<br \/>\n\u00dclekuumenemiskaitse ja automaatne v\u00e4ljal\u00fclitus<br \/>\nSertifikaadid: CE \/ CB \/ GS \/ ROHS \/ LFGB \/ ERP \/ EMC \/ LVD<\/p>","protected":false},"excerpt":{"rendered":"<p>Mahukas ja mitmek\u00fclgne kahe korviga kuuma\u00f5hufrit\u00fc\u00fcr pakub 9-liitrist mahutavust ning v\u00f5imaldab valmistada kahte erinevat toitu v\u00f5i rooga samaaegselt. Selle praktilise airfryer\u2019iga saad kiiresti valmis nii suured kui ka v\u00e4iksemad toidukorrad. Uuenduslik kaheosaline praekorv muudab toiduvalmistamise t\u00f5husaks \u2013 saad k\u00fcpsetada erinevaid toite korraga. Suurem korv sobib ideaalselt mitmele inimesele m\u00f5eldud pearoogade jaoks ning v\u00e4iksem korv on [&hellip;]<\/p>","protected":false},"featured_media":359128,"comment_status":"open","ping_status":"closed","template":"","meta":{"_acf_changed":false},"product_brand":[],"product_cat":[186,88],"product_tag":[],"class_list":{"0":"post-358925","1":"product","2":"type-product","3":"status-publish","4":"has-post-thumbnail","6":"product_cat-kodukaubad","7":"product_cat-tarbekaubad-tooted","9":"first","10":"instock","11":"sale","12":"taxable","13":"shipping-taxable","14":"purchasable","15":"product-type-simple"},"supplier_id":null,"supplier_sku":"","barcode":null,"atum_controlled":true,"out_stock_date":null,"out_stock_threshold":null,"inheritable":false,"inbound_stock":0,"stock_on_hold":0,"sold_today":0,"sales_last_days":1,"reserved_stock":0,"customer_returns":0,"warehouse_damage":0,"lost_in_post":0,"other_logs":0,"out_stock_days":0,"lost_sales":0,"has_location":false,"update_date":"2026-02-09T12:48:34","atum_locations":[],"atum_stock_status":"instock","restock_status":false,"low_stock_amount":"","sales_update_date":"2026-02-09T12:48:34","calc_backorders":null,"acf":[],"_links":{"self":[{"href":"https:\/\/vbd.dev.sumena.ee\/en\/wp-json\/wp\/v2\/product\/358925","targetHints":{"allow":["GET"]}}],"collection":[{"href":"https:\/\/vbd.dev.sumena.ee\/en\/wp-json\/wp\/v2\/product"}],"about":[{"href":"https:\/\/vbd.dev.sumena.ee\/en\/wp-json\/wp\/v2\/types\/product"}],"replies":[{"embeddable":true,"href":"https:\/\/vbd.dev.sumena.ee\/en\/wp-json\/wp\/v2\/comments?post=358925"}],"wp:featuredmedia":[{"embeddable":true,"href":"https:\/\/vbd.dev.sumena.ee\/en\/wp-json\/wp\/v2\/media\/359128"}],"wp:attachment":[{"href":"https:\/\/vbd.dev.sumena.ee\/en\/wp-json\/wp\/v2\/media?parent=358925"}],"wp:term":[{"taxonomy":"product_brand","embeddable":true,"href":"https:\/\/vbd.dev.sumena.ee\/en\/wp-json\/wp\/v2\/product_brand?post=358925"},{"taxonomy":"product_cat","embeddable":true,"href":"https:\/\/vbd.dev.sumena.ee\/en\/wp-json\/wp\/v2\/product_cat?post=358925"},{"taxonomy":"product_tag","embeddable":true,"href":"https:\/\/vbd.dev.sumena.ee\/en\/wp-json\/wp\/v2\/product_tag?post=358925"}],"curies":[{"name":"wp","href":"https:\/\/api.w.org\/{rel}","templated":true}]}}