{"id":357098,"date":"2026-01-23T18:07:15","date_gmt":"2026-01-23T15:07:15","guid":{"rendered":"https:\/\/vbd.dev.sumena.ee\/?post_type=product&#038;p=357098"},"modified":"2026-02-12T11:27:07","modified_gmt":"2026-02-12T08:27:07","slug":"olu-st-pierre-blond-65vol-500ml","status":"publish","type":"product","link":"https:\/\/vbd.dev.sumena.ee\/en\/product-2\/olu-st-pierre-blond-65vol-500ml\/","title":{"rendered":"\u00d5lu St. Pierre Blond 6,5%vol 500ml"},"content":{"rendered":"<p>St. Pierre Abbey \u00f5lled on ainulaadsed Belgia \u00f5lled, millel on h\u00f5rk ja pehme maitse. St.Pierre on saadaval kolmes \u00f5llestiilis: Blond, Brune ja White.\u2026<\/p>\n<h4 class=\"izDEqE llpRim gZSiXk kvXNxI lgoqEg fygOE ijAptY\">Koostisosad<\/h4>\n<div class=\"sc-ce819573-2 kdA-Djm\">\n<p>Vesi, ODRALINNASED, NISULINNASED, suhkur, humalad, humala ekstrakt, v\u00fcrtsid(groot)<\/p>\n<\/div>","protected":false},"excerpt":{"rendered":"<p>St. Pierre Abbey \u00f5lled on ainulaadsed Belgia \u00f5lled, millel on h\u00f5rk ja pehme maitse. St.Pierre on saadaval kolmes \u00f5llestiilis: Blond, Brune ja White.\u2026 Koostisosad Vesi, ODRALINNASED, NISULINNASED, suhkur, humalad, humala ekstrakt, v\u00fcrtsid(groot)<\/p>","protected":false},"featured_media":357099,"comment_status":"open","ping_status":"closed","template":"","meta":{"_acf_changed":false},"product_brand":[],"product_cat":[121,90],"product_tag":[],"class_list":{"0":"post-357098","1":"product","2":"type-product","3":"status-publish","4":"has-post-thumbnail","6":"product_cat-alkohol","7":"product_cat-pant","9":"first","10":"instock","11":"taxable","12":"shipping-taxable","13":"purchasable","14":"product-type-simple"},"supplier_id":null,"supplier_sku":"","barcode":null,"atum_controlled":true,"out_stock_date":null,"out_stock_threshold":null,"inheritable":false,"inbound_stock":0,"stock_on_hold":24,"sold_today":24,"sales_last_days":322,"reserved_stock":0,"customer_returns":0,"warehouse_damage":0,"lost_in_post":0,"other_logs":0,"out_stock_days":0,"lost_sales":0,"has_location":false,"update_date":"2026-02-12T08:37:57","atum_locations":[],"atum_stock_status":"instock","restock_status":true,"low_stock_amount":"","sales_update_date":"2026-02-12T08:37:48","calc_backorders":null,"acf":[],"_links":{"self":[{"href":"https:\/\/vbd.dev.sumena.ee\/en\/wp-json\/wp\/v2\/product\/357098","targetHints":{"allow":["GET"]}}],"collection":[{"href":"https:\/\/vbd.dev.sumena.ee\/en\/wp-json\/wp\/v2\/product"}],"about":[{"href":"https:\/\/vbd.dev.sumena.ee\/en\/wp-json\/wp\/v2\/types\/product"}],"replies":[{"embeddable":true,"href":"https:\/\/vbd.dev.sumena.ee\/en\/wp-json\/wp\/v2\/comments?post=357098"}],"wp:featuredmedia":[{"embeddable":true,"href":"https:\/\/vbd.dev.sumena.ee\/en\/wp-json\/wp\/v2\/media\/357099"}],"wp:attachment":[{"href":"https:\/\/vbd.dev.sumena.ee\/en\/wp-json\/wp\/v2\/media?parent=357098"}],"wp:term":[{"taxonomy":"product_brand","embeddable":true,"href":"https:\/\/vbd.dev.sumena.ee\/en\/wp-json\/wp\/v2\/product_brand?post=357098"},{"taxonomy":"product_cat","embeddable":true,"href":"https:\/\/vbd.dev.sumena.ee\/en\/wp-json\/wp\/v2\/product_cat?post=357098"},{"taxonomy":"product_tag","embeddable":true,"href":"https:\/\/vbd.dev.sumena.ee\/en\/wp-json\/wp\/v2\/product_tag?post=357098"}],"curies":[{"name":"wp","href":"https:\/\/api.w.org\/{rel}","templated":true}]}}