{"id":357077,"date":"2026-01-23T15:42:04","date_gmt":"2026-01-23T12:42:04","guid":{"rendered":"https:\/\/vbd.dev.sumena.ee\/?post_type=product&#038;p=357077"},"modified":"2026-02-09T19:11:12","modified_gmt":"2026-02-09T16:11:12","slug":"pesuloputusvahend-sensitive-lenor-882ml-42pk","status":"publish","type":"product","link":"https:\/\/vbd.dev.sumena.ee\/en\/product-2\/pesuloputusvahend-sensitive-lenor-882ml-42pk\/","title":{"rendered":"Pesuloputusvahend Sensitive LENOR, 882ml 42pk"},"content":{"rendered":"<div class=\"Accordion AttributeAccordion\" data-v-28ef612e=\"\">\n<div class=\"Accordion__content\">\n<div class=\"AttributeAccordion__content\" data-v-28ef612e=\"\">Lenor Unstoppables annab j\u00e4rgmise pesukorrani kestva lisav\u00e4rskuse, mis p\u00fcsib (kappi pandud pesul) kuni 12 n\u00e4dalat. S\u00e4rtsaka tsitruse ja mahlakate puuviljade h\u00f5ngu koos \u00f5rnade \u00f5ienootidega. Optimaalse kasutamise tagamiseks tuleks panna l\u00f5hnagraanulid Lenor Unstoppables enne igat pesukorda t\u00fchja trumlisse, seej\u00e4rel lisada r\u00f5ivad, pesuvahend ja pesuloputusvahend ning valida tavap\u00e4rane pesuprogramm.<\/div>\n<\/div>\n<\/div>\n<div class=\"Accordion AttributeAccordion\" data-v-28ef612e=\"\"><\/div>","protected":false},"excerpt":{"rendered":"<p>Lenor Unstoppables annab j\u00e4rgmise pesukorrani kestva lisav\u00e4rskuse, mis p\u00fcsib (kappi pandud pesul) kuni 12 n\u00e4dalat. S\u00e4rtsaka tsitruse ja mahlakate puuviljade h\u00f5ngu koos \u00f5rnade \u00f5ienootidega. Optimaalse kasutamise tagamiseks tuleks panna l\u00f5hnagraanulid Lenor Unstoppables enne igat pesukorda t\u00fchja trumlisse, seej\u00e4rel lisada r\u00f5ivad, pesuvahend ja pesuloputusvahend ning valida tavap\u00e4rane pesuprogramm.<\/p>","protected":false},"featured_media":357078,"comment_status":"open","ping_status":"closed","template":"","meta":{"_acf_changed":false},"product_brand":[],"product_cat":[185,88],"product_tag":[],"class_list":{"0":"post-357077","1":"product","2":"type-product","3":"status-publish","4":"has-post-thumbnail","6":"product_cat-puhastus-ja-koristusvahendid","7":"product_cat-tarbekaubad-tooted","9":"first","10":"instock","11":"sale","12":"taxable","13":"shipping-taxable","14":"purchasable","15":"product-type-simple"},"supplier_id":null,"supplier_sku":"","barcode":null,"atum_controlled":true,"out_stock_date":null,"out_stock_threshold":null,"inheritable":false,"inbound_stock":0,"stock_on_hold":0,"sold_today":0,"sales_last_days":11,"reserved_stock":0,"customer_returns":0,"warehouse_damage":0,"lost_in_post":0,"other_logs":0,"out_stock_days":0,"lost_sales":0,"has_location":false,"update_date":"2026-02-10T07:49:52","atum_locations":[],"atum_stock_status":"instock","restock_status":false,"low_stock_amount":"","sales_update_date":"2026-02-10T07:49:35","calc_backorders":null,"acf":[],"_links":{"self":[{"href":"https:\/\/vbd.dev.sumena.ee\/en\/wp-json\/wp\/v2\/product\/357077","targetHints":{"allow":["GET"]}}],"collection":[{"href":"https:\/\/vbd.dev.sumena.ee\/en\/wp-json\/wp\/v2\/product"}],"about":[{"href":"https:\/\/vbd.dev.sumena.ee\/en\/wp-json\/wp\/v2\/types\/product"}],"replies":[{"embeddable":true,"href":"https:\/\/vbd.dev.sumena.ee\/en\/wp-json\/wp\/v2\/comments?post=357077"}],"wp:featuredmedia":[{"embeddable":true,"href":"https:\/\/vbd.dev.sumena.ee\/en\/wp-json\/wp\/v2\/media\/357078"}],"wp:attachment":[{"href":"https:\/\/vbd.dev.sumena.ee\/en\/wp-json\/wp\/v2\/media?parent=357077"}],"wp:term":[{"taxonomy":"product_brand","embeddable":true,"href":"https:\/\/vbd.dev.sumena.ee\/en\/wp-json\/wp\/v2\/product_brand?post=357077"},{"taxonomy":"product_cat","embeddable":true,"href":"https:\/\/vbd.dev.sumena.ee\/en\/wp-json\/wp\/v2\/product_cat?post=357077"},{"taxonomy":"product_tag","embeddable":true,"href":"https:\/\/vbd.dev.sumena.ee\/en\/wp-json\/wp\/v2\/product_tag?post=357077"}],"curies":[{"name":"wp","href":"https:\/\/api.w.org\/{rel}","templated":true}]}}