{"id":357071,"date":"2026-01-23T15:38:01","date_gmt":"2026-01-23T12:38:01","guid":{"rendered":"https:\/\/vbd.dev.sumena.ee\/?post_type=product&#038;p=357071"},"modified":"2026-02-12T07:56:50","modified_gmt":"2026-02-12T04:56:50","slug":"pesuloputusvahend-lenor-kevadine-aed-882ml-42pk","status":"publish","type":"product","link":"https:\/\/vbd.dev.sumena.ee\/en\/product-2\/pesuloputusvahend-lenor-kevadine-aed-882ml-42pk\/","title":{"rendered":"Pesuloputusvahend Lenor Kevadine aed 882ml 42pk"},"content":{"rendered":"<div class=\"flex flex-col text-sm pb-25\">\n<article class=\"text-token-text-primary w-full focus:outline-none [--shadow-height:45px] has-data-writing-block:pointer-events-none has-data-writing-block:-mt-(--shadow-height) has-data-writing-block:pt-(--shadow-height) [&amp;:has([data-writing-block])&gt;*]:pointer-events-auto scroll-mt-[calc(var(--header-height)+min(200px,max(70px,20svh)))]\" dir=\"auto\" tabindex=\"-1\" data-turn-id=\"aeadaeb0-d1a9-4a5d-a3dc-b326279426e9\" data-testid=\"conversation-turn-150\" data-scroll-anchor=\"true\" data-turn=\"assistant\">\n<div class=\"text-base my-auto mx-auto pb-10 [--thread-content-margin:--spacing(4)] @w-sm\/main:[--thread-content-margin:--spacing(6)] @w-lg\/main:[--thread-content-margin:--spacing(16)] px-(--thread-content-margin)\">\n<div class=\"[--thread-content-max-width:40rem] @w-lg\/main:[--thread-content-max-width:48rem] mx-auto max-w-(--thread-content-max-width) flex-1 group\/turn-messages focus-visible:outline-hidden relative flex w-full min-w-0 flex-col agent-turn\" tabindex=\"-1\">\n<div class=\"flex max-w-full flex-col grow\">\n<div class=\"min-h-8 text-message relative flex w-full flex-col items-end gap-2 text-start break-words whitespace-normal [.text-message+&amp;]:mt-1\" dir=\"auto\" data-message-author-role=\"assistant\" data-message-id=\"2fa502d2-94f3-4172-978c-d36a5e2828f7\" data-message-model-slug=\"gpt-5-2\">\n<div class=\"flex w-full flex-col gap-1 empty:hidden first:pt-[1px]\">\n<div class=\"markdown prose dark:prose-invert w-full break-words dark markdown-new-styling\">\n<p data-start=\"138\" data-end=\"234\">Lenor kevadine v\u00e4rskus annab pesule m\u00f5nusa v\u00e4rskuse ja tunde, justkui viibiksite kevadises aias.<\/p>\n<h3 data-start=\"236\" data-end=\"260\"><strong data-start=\"240\" data-end=\"260\">Pesemisn\u00f5uanded:<\/strong><\/h3>\n<ul data-start=\"261\" data-end=\"550\">\n<li data-start=\"261\" data-end=\"365\">\n<p data-start=\"263\" data-end=\"365\">Lisa pesuloputusvahend m\u00f5\u00f5tetopsi abil pesumasina vastavasse sahtlisse (vastavalt tootja juhistele).<\/p>\n<\/li>\n<li data-start=\"366\" data-end=\"413\">\n<p data-start=\"368\" data-end=\"413\">\u00c4ra vala otse pesutrumlisse ega kuivatisse.<\/p>\n<\/li>\n<li data-start=\"414\" data-end=\"477\">\n<p data-start=\"416\" data-end=\"477\">Ei sobi villastele, spordiriietele ega \u00f5rnadele kangastele.<\/p>\n<\/li>\n<li data-start=\"478\" data-end=\"550\">\n<p data-start=\"480\" data-end=\"550\">Hoida temperatuuril <strong data-start=\"500\" data-end=\"511\">5\u201325 \u00b0C<\/strong> ja kaitsta otsese p\u00e4ikesevalguse eest.<\/p>\n<\/li>\n<\/ul>\n<h3 data-start=\"552\" data-end=\"572\"><strong data-start=\"556\" data-end=\"572\">Doseerimine:<\/strong><\/h3>\n<p data-start=\"573\" data-end=\"596\"><strong data-start=\"573\" data-end=\"594\">Tavaline v\u00e4rskus:<\/strong><\/p>\n<ul data-start=\"597\" data-end=\"644\">\n<li data-start=\"597\" data-end=\"620\">\n<p data-start=\"599\" data-end=\"620\">4\u20135 kg pesu = 21 ml<\/p>\n<\/li>\n<li data-start=\"621\" data-end=\"644\">\n<p data-start=\"623\" data-end=\"644\">6\u20138 kg pesu = 35 ml<\/p>\n<\/li>\n<\/ul>\n<p data-start=\"646\" data-end=\"664\"><strong data-start=\"646\" data-end=\"662\">Lisav\u00e4rskus:<\/strong><\/p>\n<ul data-start=\"665\" data-end=\"712\">\n<li data-start=\"665\" data-end=\"688\">\n<p data-start=\"667\" data-end=\"688\">4\u20135 kg pesu = 40 ml<\/p>\n<\/li>\n<li data-start=\"689\" data-end=\"712\">\n<p data-start=\"691\" data-end=\"712\">6\u20138 kg pesu = 50 ml<\/p>\n<\/li>\n<\/ul>\n<h3 data-start=\"714\" data-end=\"732\"><strong data-start=\"718\" data-end=\"730\">Koostis:<\/strong><\/h3>\n<p data-start=\"733\" data-end=\"931\">&lt;5% katioonsed pindaktiivsed ained, l\u00f5hnaained, bens\u00fc\u00fclsalits\u00fclaat, tsitronellool, geraniool, heks\u00fc\u00fcltsinnamaal, h\u00fcdroks\u00fctsitronellaal, linalool, tetramet\u00fc\u00fcl-atset\u00fc\u00fcloktah\u00fcdronaftaleenid, vanilliin.<\/p>\n<\/div>\n<\/div>\n<\/div>\n<\/div>\n<\/div>\n<\/div>\n<\/article>\n<\/div>","protected":false},"excerpt":{"rendered":"<p>Lenor kevadine v\u00e4rskus annab pesule m\u00f5nusa v\u00e4rskuse ja tunde, justkui viibiksite kevadises aias. Pesemisn\u00f5uanded: Lisa pesuloputusvahend m\u00f5\u00f5tetopsi abil pesumasina vastavasse sahtlisse (vastavalt tootja juhistele). \u00c4ra vala otse pesutrumlisse ega kuivatisse. Ei sobi villastele, spordiriietele ega \u00f5rnadele kangastele. Hoida temperatuuril 5\u201325 \u00b0C ja kaitsta otsese p\u00e4ikesevalguse eest. Doseerimine: Tavaline v\u00e4rskus: 4\u20135 kg pesu = 21 ml [&hellip;]<\/p>","protected":false},"featured_media":357076,"comment_status":"open","ping_status":"closed","template":"","meta":{"_acf_changed":false},"product_brand":[],"product_cat":[185,88],"product_tag":[],"class_list":{"0":"post-357071","1":"product","2":"type-product","3":"status-publish","4":"has-post-thumbnail","6":"product_cat-puhastus-ja-koristusvahendid","7":"product_cat-tarbekaubad-tooted","9":"first","10":"instock","11":"sale","12":"taxable","13":"shipping-taxable","14":"purchasable","15":"product-type-simple"},"supplier_id":null,"supplier_sku":"","barcode":null,"atum_controlled":true,"out_stock_date":null,"out_stock_threshold":null,"inheritable":false,"inbound_stock":0,"stock_on_hold":2,"sold_today":1,"sales_last_days":15,"reserved_stock":0,"customer_returns":0,"warehouse_damage":0,"lost_in_post":0,"other_logs":0,"out_stock_days":0,"lost_sales":0,"has_location":false,"update_date":"2026-02-12T10:39:05","atum_locations":[],"atum_stock_status":"instock","restock_status":false,"low_stock_amount":"","sales_update_date":"2026-02-12T10:38:56","calc_backorders":null,"acf":[],"_links":{"self":[{"href":"https:\/\/vbd.dev.sumena.ee\/en\/wp-json\/wp\/v2\/product\/357071","targetHints":{"allow":["GET"]}}],"collection":[{"href":"https:\/\/vbd.dev.sumena.ee\/en\/wp-json\/wp\/v2\/product"}],"about":[{"href":"https:\/\/vbd.dev.sumena.ee\/en\/wp-json\/wp\/v2\/types\/product"}],"replies":[{"embeddable":true,"href":"https:\/\/vbd.dev.sumena.ee\/en\/wp-json\/wp\/v2\/comments?post=357071"}],"wp:featuredmedia":[{"embeddable":true,"href":"https:\/\/vbd.dev.sumena.ee\/en\/wp-json\/wp\/v2\/media\/357076"}],"wp:attachment":[{"href":"https:\/\/vbd.dev.sumena.ee\/en\/wp-json\/wp\/v2\/media?parent=357071"}],"wp:term":[{"taxonomy":"product_brand","embeddable":true,"href":"https:\/\/vbd.dev.sumena.ee\/en\/wp-json\/wp\/v2\/product_brand?post=357071"},{"taxonomy":"product_cat","embeddable":true,"href":"https:\/\/vbd.dev.sumena.ee\/en\/wp-json\/wp\/v2\/product_cat?post=357071"},{"taxonomy":"product_tag","embeddable":true,"href":"https:\/\/vbd.dev.sumena.ee\/en\/wp-json\/wp\/v2\/product_tag?post=357071"}],"curies":[{"name":"wp","href":"https:\/\/api.w.org\/{rel}","templated":true}]}}